{"id":995,"date":"2026-01-10T19:17:51","date_gmt":"2026-01-10T19:17:51","guid":{"rendered":"https:\/\/heirsfood.com\/ES\/?page_id=995"},"modified":"2026-02-21T17:28:20","modified_gmt":"2026-02-21T22:28:20","slug":"manteca-de-cacao","status":"publish","type":"page","link":"https:\/\/heirsfood.com\/ES\/manteca-de-cacao\/","title":{"rendered":"Manteca de Cacao"},"content":{"rendered":"\t\t<div data-elementor-type=\"wp-page\" data-elementor-id=\"995\" class=\"elementor elementor-995\" data-elementor-post-type=\"page\">\n\t\t\t\t<div class=\"elementor-element elementor-element-62fc2c45 e-con-full e-flex e-con e-parent\" data-id=\"62fc2c45\" data-element_type=\"container\">\n\t\t<div class=\"elementor-element elementor-element-f43ccae e-con-full e-flex e-con e-child\" data-id=\"f43ccae\" data-element_type=\"container\">\n\t\t\t\t<div class=\"elementor-element elementor-element-64e40a96 elementor-widget elementor-widget-image\" data-id=\"64e40a96\" data-element_type=\"widget\" data-widget_type=\"image.default\">\n\t\t\t\t\t\t\t\t\t\t\t\t\t\t\t<img fetchpriority=\"high\" decoding=\"async\" width=\"650\" height=\"601\" src=\"https:\/\/heirsfood.com\/ES\/wp-content\/uploads\/2026\/01\/manteca1.png\" class=\"attachment-large size-large wp-image-998\" alt=\"\" srcset=\"https:\/\/heirsfood.com\/ES\/wp-content\/uploads\/2026\/01\/manteca1.png 650w, https:\/\/heirsfood.com\/ES\/wp-content\/uploads\/2026\/01\/manteca1-300x277.png 300w\" sizes=\"(max-width: 650px) 100vw, 650px\" \/>\t\t\t\t\t\t\t\t\t\t\t\t\t\t\t<\/div>\n\t\t\t\t<\/div>\n\t\t<div class=\"elementor-element elementor-element-3d6e6171 e-con-full e-flex e-con e-child\" data-id=\"3d6e6171\" data-element_type=\"container\">\n\t\t<div class=\"elementor-element elementor-element-539c484b e-con-full e-flex e-con e-child\" data-id=\"539c484b\" data-element_type=\"container\">\n\t\t\t\t<div class=\"elementor-element elementor-element-35887fee elementor-widget elementor-widget-heading\" data-id=\"35887fee\" data-element_type=\"widget\" data-widget_type=\"heading.default\">\n\t\t\t\t\t<h2 class=\"elementor-heading-title elementor-size-default\">Manteca de Cacao<\/h2>\t\t\t\t<\/div>\n\t\t\t\t<div class=\"elementor-element elementor-element-2599d664 elementor-widget elementor-widget-text-editor\" data-id=\"2599d664\" data-element_type=\"widget\" data-widget_type=\"text-editor.default\">\n\t\t\t\t\t\t\t\t\t<div class=\"page\" title=\"Page 7\"><div class=\"section\"><div class=\"layoutArea\"><div class=\"column\"><p class=\"s15\">Es un producto obtenido, mediante la molienda de semillas de cacao previamente descascaradas y tostadas, sin la adici\u00f3n de aditivos.<\/p><p class=\"s15\">La pasta obtenida puede servir para la producci\u00f3n de manteca de cacao y polvo de cacao, o bien para la fabricaci\u00f3n de chocolates.<\/p><p>El producto est\u00e1 hecho de granos de cacao<em>\u00a0(Theobroma cacao, familia Malvaceae Linnaeus)<\/em><\/p><\/div><\/div><\/div><\/div>\t\t\t\t\t\t\t\t<\/div>\n\t\t\t\t<div class=\"elementor-element elementor-element-feb52bf elementor-widget elementor-widget-text-editor\" data-id=\"feb52bf\" data-element_type=\"widget\" data-widget_type=\"text-editor.default\">\n\t\t\t\t\t\t\t\t\t<div class=\"page\" title=\"Page 7\"><div class=\"section\"><div class=\"layoutArea\"><div class=\"column\"><p>CALIDAD<\/p><\/div><\/div><\/div><\/div>\t\t\t\t\t\t\t\t<\/div>\n\t\t\t\t<div class=\"elementor-element elementor-element-b64ad1f elementor-widget elementor-widget-text-editor\" data-id=\"b64ad1f\" data-element_type=\"widget\" data-widget_type=\"text-editor.default\">\n\t\t\t\t\t\t\t\t\t<div class=\"page\" title=\"Page 7\"><div class=\"section\"><div class=\"layoutArea\"><div class=\"column\"><p>Cacao semielaborado.<\/p><\/div><\/div><\/div><\/div>\t\t\t\t\t\t\t\t<\/div>\n\t\t\t\t<div class=\"elementor-element elementor-element-640fb6e9 elementor-widget elementor-widget-text-editor\" data-id=\"640fb6e9\" data-element_type=\"widget\" data-widget_type=\"text-editor.default\">\n\t\t\t\t\t\t\t\t\t<div class=\"page\" title=\"Page 7\"><div class=\"section\"><div class=\"layoutArea\"><div class=\"column\"><p>DISPONIBILIDAD<\/p><\/div><\/div><\/div><\/div>\t\t\t\t\t\t\t\t<\/div>\n\t\t\t\t<div class=\"elementor-element elementor-element-5ac56d7 elementor-widget elementor-widget-text-editor\" data-id=\"5ac56d7\" data-element_type=\"widget\" data-widget_type=\"text-editor.default\">\n\t\t\t\t\t\t\t\t\t<div class=\"page\" title=\"Page 7\"><div class=\"section\"><div class=\"layoutArea\"><div class=\"column\"><p>A LO LARGO DEL A\u00d1O<\/p><\/div><\/div><\/div><\/div>\t\t\t\t\t\t\t\t<\/div>\n\t\t\t\t<div class=\"elementor-element elementor-element-7c6ea6b5 elementor-align-left elementor-mobile-align-left elementor-widget elementor-widget-button\" data-id=\"7c6ea6b5\" data-element_type=\"widget\" data-widget_type=\"button.default\">\n\t\t\t\t\t\t\t\t\t\t<a class=\"elementor-button elementor-button-link elementor-size-sm elementor-animation-shrink\" href=\"https:\/\/heirsfood.com\/ES\/contacto\/\">\n\t\t\t\t\t\t<span class=\"elementor-button-content-wrapper\">\n\t\t\t\t\t\t\t\t\t<span class=\"elementor-button-text\">CONT\u00c1CTANOS<\/span>\n\t\t\t\t\t<\/span>\n\t\t\t\t\t<\/a>\n\t\t\t\t\t\t\t\t<\/div>\n\t\t\t\t<\/div>\n\t\t\t\t<div class=\"elementor-element elementor-element-a998f64 elementor-widget__width-initial elementor-widget elementor-widget-image\" data-id=\"a998f64\" data-element_type=\"widget\" data-widget_type=\"image.default\">\n\t\t\t\t\t\t\t\t\t\t\t\t\t\t\t<img decoding=\"async\" src=\"https:\/\/heirsfood.com\/ES\/wp-content\/uploads\/2026\/01\/organico1.png\" title=\"organico1\" alt=\"organico1\" loading=\"lazy\" \/>\t\t\t\t\t\t\t\t\t\t\t\t\t\t\t<\/div>\n\t\t\t\t<\/div>\n\t\t\t\t<\/div>\n\t\t<div class=\"elementor-element elementor-element-5e31dcf e-con-full e-flex e-con e-parent\" data-id=\"5e31dcf\" data-element_type=\"container\">\n\t\t<div class=\"elementor-element elementor-element-a8558dc e-con-full e-flex e-con e-child\" data-id=\"a8558dc\" data-element_type=\"container\">\n\t\t\t\t<div class=\"elementor-element elementor-element-e2f6588 elementor-widget elementor-widget-image\" data-id=\"e2f6588\" data-element_type=\"widget\" data-widget_type=\"image.default\">\n\t\t\t\t\t\t\t\t\t\t\t\t\t\t\t<img decoding=\"async\" width=\"650\" height=\"601\" src=\"https:\/\/heirsfood.com\/ES\/wp-content\/uploads\/2026\/01\/manteca2-fondo.png\" class=\"attachment-large size-large wp-image-1000\" alt=\"\" srcset=\"https:\/\/heirsfood.com\/ES\/wp-content\/uploads\/2026\/01\/manteca2-fondo.png 650w, https:\/\/heirsfood.com\/ES\/wp-content\/uploads\/2026\/01\/manteca2-fondo-300x277.png 300w\" sizes=\"(max-width: 650px) 100vw, 650px\" \/>\t\t\t\t\t\t\t\t\t\t\t\t\t\t\t<\/div>\n\t\t\t\t<\/div>\n\t\t<div class=\"elementor-element elementor-element-00d70de e-con-full e-flex e-con e-child\" data-id=\"00d70de\" data-element_type=\"container\">\n\t\t\t\t<div class=\"elementor-element elementor-element-c9c117d elementor-widget elementor-widget-text-editor\" data-id=\"c9c117d\" data-element_type=\"widget\" data-widget_type=\"text-editor.default\">\n\t\t\t\t\t\t\t\t\t<div class=\"page\" title=\"Page 7\"><div class=\"section\"><div class=\"layoutArea\"><div class=\"column\"><p>USO Y APLICACIONES<\/p><\/div><\/div><\/div><\/div>\t\t\t\t\t\t\t\t<\/div>\n\t\t\t\t<div class=\"elementor-element elementor-element-bcb212d elementor-widget elementor-widget-text-editor\" data-id=\"bcb212d\" data-element_type=\"widget\" data-widget_type=\"text-editor.default\">\n\t\t\t\t\t\t\t\t\t<div class=\"page\" title=\"Page 7\"><div class=\"section\"><div class=\"layoutArea\"><div class=\"column\"><p class=\"s32\"><span class=\"s31\">Es un producto para uso producci\u00f3n industrial<\/span><span class=\"s31\">, no apto para consumo directo<\/span><span class=\"s31\">.<\/span><\/p><p>\u00a0<\/p><p class=\"s32\"><span class=\"s31\">Conveniente para helados, leche, galletas, coberturas, chocolate para bebidas en polvo,<\/span>\u00a0<span class=\"s31\">confecci\u00f3n de reposter\u00eda y como mezcla en tabaco.<\/span><\/p><\/div><\/div><\/div><\/div>\t\t\t\t\t\t\t\t<\/div>\n\t\t\t\t<div class=\"elementor-element elementor-element-6d61cdf elementor-widget elementor-widget-text-editor\" data-id=\"6d61cdf\" data-element_type=\"widget\" data-widget_type=\"text-editor.default\">\n\t\t\t\t\t\t\t\t\t<div class=\"page\" title=\"Page 7\"><div class=\"section\"><div class=\"layoutArea\"><div class=\"column\"><p>EMPAQUE<\/p><\/div><\/div><\/div><\/div>\t\t\t\t\t\t\t\t<\/div>\n\t\t\t\t<div class=\"elementor-element elementor-element-9c2c44b elementor-widget elementor-widget-text-editor\" data-id=\"9c2c44b\" data-element_type=\"widget\" data-widget_type=\"text-editor.default\">\n\t\t\t\t\t\t\t\t\t<div class=\"page\" title=\"Page 7\"><div class=\"section\"><div class=\"layoutArea\"><div class=\"column\"><p>Envoltura interna de polietileno verde de alta densidad, para uso alimentario y termo sellado.<\/p><p>\u00a0<\/p><p>Caja de cart\u00f3n corrugado blanco con envoltura externa, en buen estado y sellada con cinta de embalaje.<\/p><\/div><\/div><\/div><\/div>\t\t\t\t\t\t\t\t<\/div>\n\t\t\t\t<div class=\"elementor-element elementor-element-e5552c7 elementor-widget elementor-widget-text-editor\" data-id=\"e5552c7\" data-element_type=\"widget\" data-widget_type=\"text-editor.default\">\n\t\t\t\t\t\t\t\t\t<div class=\"page\" title=\"Page 7\"><div class=\"section\"><div class=\"layoutArea\"><div class=\"column\"><p>CONTROL DE PESTICIDAS<\/p><\/div><\/div><\/div><\/div>\t\t\t\t\t\t\t\t<\/div>\n\t\t\t\t<div class=\"elementor-element elementor-element-9ff1543 elementor-widget elementor-widget-text-editor\" data-id=\"9ff1543\" data-element_type=\"widget\" data-widget_type=\"text-editor.default\">\n\t\t\t\t\t\t\t\t\t<div class=\"page\" title=\"Page 7\"><div class=\"section\"><div class=\"layoutArea\"><div class=\"column\"><p class=\"s66\"><span class=\"s31\">Screening<\/span><span class=\"s31\">:<\/span>\u00a0<span class=\"s31\">GC-MS \u2013 Basado en M\u00e9todo Acreditado IC-009; ISO\/IEC 17025:2005.<\/span><\/p><p>\u00a0<\/p><p class=\"s66\"><span class=\"s31\">HPLC-MS\/MS \u2013 Basado en M\u00e9todo Acreditado IC-003; ISO\/IEC 17025:2005,<\/span><\/p><p>\u00a0<\/p><p class=\"s66\"><span class=\"s31\">Frecuencia: Seg\u00fan plan de verificaci\u00f3n<\/span><\/p><p>\u00a0<\/p><p class=\"s66\"><span class=\"s31\">Responsable: Laboratorio Externo<\/span><\/p><\/div><\/div><\/div><\/div>\t\t\t\t\t\t\t\t<\/div>\n\t\t\t\t<\/div>\n\t\t\t\t<\/div>\n\t\t<div class=\"elementor-element elementor-element-39453c1 e-con-full e-flex e-con e-parent\" data-id=\"39453c1\" data-element_type=\"container\">\n\t\t<div class=\"elementor-element elementor-element-62758c2 e-con-full e-flex e-con e-child\" data-id=\"62758c2\" data-element_type=\"container\">\n\t\t\t\t<div class=\"elementor-element elementor-element-4de082e elementor-widget elementor-widget-text-editor\" data-id=\"4de082e\" data-element_type=\"widget\" data-widget_type=\"text-editor.default\">\n\t\t\t\t\t\t\t\t\t<div class=\"page\" title=\"Page 7\"><div class=\"section\"><div class=\"layoutArea\"><div class=\"column\"><p>TIPO DE CONTENEDOR Y CAPACIDAD<\/p><\/div><\/div><\/div><\/div>\t\t\t\t\t\t\t\t<\/div>\n\t\t\t\t<div class=\"elementor-element elementor-element-1163375 elementor-widget elementor-widget-text-editor\" data-id=\"1163375\" data-element_type=\"widget\" data-widget_type=\"text-editor.default\">\n\t\t\t\t\t\t\t\t\t<div class=\"page\" title=\"Page 7\"><div class=\"section\"><div class=\"layoutArea\"><div class=\"column\"><p class=\"s23\">El producto se embarca en contenedores para carga seca de 20\u2032 o 40\u2032.<\/p><p class=\"s23\">20\u2032 \u00a020,000 kg en cajas sin pallet<\/p><p class=\"s23\">40\u2032 25,000 kg en cajas sin pallet<\/p><\/div><\/div><\/div><\/div>\t\t\t\t\t\t\t\t<\/div>\n\t\t\t\t<\/div>\n\t\t<div class=\"elementor-element elementor-element-384d5c0 e-con-full e-flex e-con e-child\" data-id=\"384d5c0\" data-element_type=\"container\">\n\t\t\t\t<div class=\"elementor-element elementor-element-805acff elementor-widget elementor-widget-text-editor\" data-id=\"805acff\" data-element_type=\"widget\" data-widget_type=\"text-editor.default\">\n\t\t\t\t\t\t\t\t\t<div class=\"page\" title=\"Page 7\"><div class=\"section\"><div class=\"layoutArea\"><div class=\"column\"><p>CERTIFICACIONES<\/p><\/div><\/div><\/div><\/div>\t\t\t\t\t\t\t\t<\/div>\n\t\t\t\t<div class=\"elementor-element elementor-element-808a95b elementor-widget elementor-widget-image\" data-id=\"808a95b\" data-element_type=\"widget\" data-widget_type=\"image.default\">\n\t\t\t\t\t\t\t\t\t\t\t\t\t\t\t<img decoding=\"async\" width=\"373\" height=\"198\" src=\"https:\/\/heirsfood.com\/ES\/wp-content\/uploads\/2026\/01\/Captura-de-pantalla-2026-01-09-095228.png\" class=\"attachment-large size-large wp-image-833\" alt=\"\" srcset=\"https:\/\/heirsfood.com\/ES\/wp-content\/uploads\/2026\/01\/Captura-de-pantalla-2026-01-09-095228.png 373w, https:\/\/heirsfood.com\/ES\/wp-content\/uploads\/2026\/01\/Captura-de-pantalla-2026-01-09-095228-300x159.png 300w\" sizes=\"(max-width: 373px) 100vw, 373px\" \/>\t\t\t\t\t\t\t\t\t\t\t\t\t\t\t<\/div>\n\t\t\t\t<\/div>\n\t\t\t\t<\/div>\n\t\t\t\t<\/div>\n\t\t","protected":false},"excerpt":{"rendered":"<p>Manteca de Cacao Es un producto obtenido, mediante la molienda de semillas de cacao previamente descascaradas y tostadas, sin la adici\u00f3n de aditivos. La pasta obtenida puede servir para la producci\u00f3n de manteca de cacao y polvo de cacao, o bien para la fabricaci\u00f3n de chocolates. El producto est\u00e1 hecho de granos de cacao\u00a0(Theobroma cacao, [&hellip;]<\/p>\n","protected":false},"author":1,"featured_media":0,"parent":0,"menu_order":0,"comment_status":"closed","ping_status":"closed","template":"","meta":{"footnotes":""},"class_list":["post-995","page","type-page","status-publish","hentry"],"_links":{"self":[{"href":"https:\/\/heirsfood.com\/ES\/wp-json\/wp\/v2\/pages\/995","targetHints":{"allow":["GET"]}}],"collection":[{"href":"https:\/\/heirsfood.com\/ES\/wp-json\/wp\/v2\/pages"}],"about":[{"href":"https:\/\/heirsfood.com\/ES\/wp-json\/wp\/v2\/types\/page"}],"author":[{"embeddable":true,"href":"https:\/\/heirsfood.com\/ES\/wp-json\/wp\/v2\/users\/1"}],"replies":[{"embeddable":true,"href":"https:\/\/heirsfood.com\/ES\/wp-json\/wp\/v2\/comments?post=995"}],"version-history":[{"count":10,"href":"https:\/\/heirsfood.com\/ES\/wp-json\/wp\/v2\/pages\/995\/revisions"}],"predecessor-version":[{"id":1887,"href":"https:\/\/heirsfood.com\/ES\/wp-json\/wp\/v2\/pages\/995\/revisions\/1887"}],"wp:attachment":[{"href":"https:\/\/heirsfood.com\/ES\/wp-json\/wp\/v2\/media?parent=995"}],"curies":[{"name":"wp","href":"https:\/\/api.w.org\/{rel}","templated":true}]}}