{"id":925,"date":"2026-01-09T17:02:31","date_gmt":"2026-01-09T17:02:31","guid":{"rendered":"https:\/\/heirsfood.com\/ES\/?page_id=925"},"modified":"2026-02-21T18:28:10","modified_gmt":"2026-02-21T23:28:10","slug":"anis","status":"publish","type":"page","link":"https:\/\/heirsfood.com\/ES\/anis\/","title":{"rendered":"An\u00eds"},"content":{"rendered":"\t\t<div data-elementor-type=\"wp-page\" data-elementor-id=\"925\" class=\"elementor elementor-925\" data-elementor-post-type=\"page\">\n\t\t\t\t<div class=\"elementor-element elementor-element-13fe7795 e-con-full e-flex e-con e-parent\" data-id=\"13fe7795\" data-element_type=\"container\">\n\t\t<div class=\"elementor-element elementor-element-6a783b14 e-con-full e-flex e-con e-child\" data-id=\"6a783b14\" data-element_type=\"container\">\n\t\t\t\t<div class=\"elementor-element elementor-element-56fe06ae elementor-widget elementor-widget-image\" data-id=\"56fe06ae\" data-element_type=\"widget\" data-widget_type=\"image.default\">\n\t\t\t\t\t\t\t\t\t\t\t\t\t\t\t<img fetchpriority=\"high\" decoding=\"async\" width=\"650\" height=\"601\" src=\"https:\/\/heirsfood.com\/ES\/wp-content\/uploads\/2026\/01\/anis1.png\" class=\"attachment-large size-large wp-image-927\" alt=\"\" srcset=\"https:\/\/heirsfood.com\/ES\/wp-content\/uploads\/2026\/01\/anis1.png 650w, https:\/\/heirsfood.com\/ES\/wp-content\/uploads\/2026\/01\/anis1-300x277.png 300w\" sizes=\"(max-width: 650px) 100vw, 650px\" \/>\t\t\t\t\t\t\t\t\t\t\t\t\t\t\t<\/div>\n\t\t\t\t<\/div>\n\t\t<div class=\"elementor-element elementor-element-7e7c0867 e-con-full e-flex e-con e-child\" data-id=\"7e7c0867\" data-element_type=\"container\">\n\t\t<div class=\"elementor-element elementor-element-3fe48d1 e-con-full e-flex e-con e-child\" data-id=\"3fe48d1\" data-element_type=\"container\">\n\t\t\t\t<div class=\"elementor-element elementor-element-658dec6e elementor-widget elementor-widget-heading\" data-id=\"658dec6e\" data-element_type=\"widget\" data-widget_type=\"heading.default\">\n\t\t\t\t\t<h2 class=\"elementor-heading-title elementor-size-default\">An\u00eds<\/h2>\t\t\t\t<\/div>\n\t\t\t\t<div class=\"elementor-element elementor-element-44a67764 elementor-widget elementor-widget-text-editor\" data-id=\"44a67764\" data-element_type=\"widget\" data-widget_type=\"text-editor.default\">\n\t\t\t\t\t\t\t\t\t<div class=\"page\" title=\"Page 7\"><div class=\"section\"><div class=\"layoutArea\"><div class=\"column\"><p>Nuestro An\u00eds tiene gran aceptaci\u00f3n en el mercado internacional, es un producto de alta calidad procesado y empacado en planta industrial con certificaci\u00f3n, BRC, HACCP, Kosher, etc.<\/p><p class=\"s17\">Nuestro producto cumple con los est\u00e1ndares internacionales de calidad y seguridad alimentaria en todos sus procesos.<\/p><\/div><\/div><\/div><\/div>\t\t\t\t\t\t\t\t<\/div>\n\t\t\t\t<div class=\"elementor-element elementor-element-5c1f7991 elementor-widget elementor-widget-text-editor\" data-id=\"5c1f7991\" data-element_type=\"widget\" data-widget_type=\"text-editor.default\">\n\t\t\t\t\t\t\t\t\t<div class=\"page\" title=\"Page 7\"><div class=\"section\"><div class=\"layoutArea\"><div class=\"column\"><p>100% An\u00eds<\/p><\/div><\/div><\/div><\/div>\t\t\t\t\t\t\t\t<\/div>\n\t\t\t\t<div class=\"elementor-element elementor-element-1d7be857 elementor-widget elementor-widget-text-editor\" data-id=\"1d7be857\" data-element_type=\"widget\" data-widget_type=\"text-editor.default\">\n\t\t\t\t\t\t\t\t\t<div class=\"page\" title=\"Page 7\"><div class=\"section\"><div class=\"layoutArea\"><div class=\"column\"><p>DISPONIBILIDAD<\/p><\/div><\/div><\/div><\/div>\t\t\t\t\t\t\t\t<\/div>\n\t\t\t\t<div class=\"elementor-element elementor-element-6b500a75 elementor-widget elementor-widget-text-editor\" data-id=\"6b500a75\" data-element_type=\"widget\" data-widget_type=\"text-editor.default\">\n\t\t\t\t\t\t\t\t\t<div class=\"page\" title=\"Page 7\"><div class=\"section\"><div class=\"layoutArea\"><div class=\"column\"><div class=\"column\"><p>A LO LARGO DEL A\u00d1O<\/p><\/div><p class=\"s25\">Producto acorde a las regulaciones internacionales de seguridad alimentaria.<\/p><\/div><\/div><\/div><\/div>\t\t\t\t\t\t\t\t<\/div>\n\t\t\t\t<div class=\"elementor-element elementor-element-38964ed1 elementor-align-left elementor-mobile-align-left elementor-widget elementor-widget-button\" data-id=\"38964ed1\" data-element_type=\"widget\" data-widget_type=\"button.default\">\n\t\t\t\t\t\t\t\t\t\t<a class=\"elementor-button elementor-button-link elementor-size-sm elementor-animation-shrink\" href=\"https:\/\/heirsfood.com\/ES\/contacto\/\">\n\t\t\t\t\t\t<span class=\"elementor-button-content-wrapper\">\n\t\t\t\t\t\t\t\t\t<span class=\"elementor-button-text\">CONT\u00c1CTANOS<\/span>\n\t\t\t\t\t<\/span>\n\t\t\t\t\t<\/a>\n\t\t\t\t\t\t\t\t<\/div>\n\t\t\t\t<\/div>\n\t\t\t\t<\/div>\n\t\t\t\t<\/div>\n\t\t<div class=\"elementor-element elementor-element-72af5753 e-con-full e-flex e-con e-parent\" data-id=\"72af5753\" data-element_type=\"container\" data-settings=\"{&quot;background_background&quot;:&quot;classic&quot;}\">\n\t\t<div class=\"elementor-element elementor-element-5ddc62ad e-con-full e-flex e-con e-child\" data-id=\"5ddc62ad\" data-element_type=\"container\">\n\t\t<div class=\"elementor-element elementor-element-6e95e70c e-con-full e-flex e-con e-child\" data-id=\"6e95e70c\" data-element_type=\"container\">\n\t\t\t\t<div class=\"elementor-element elementor-element-3b8707cd elementor-widget elementor-widget-text-editor\" data-id=\"3b8707cd\" data-element_type=\"widget\" data-widget_type=\"text-editor.default\">\n\t\t\t\t\t\t\t\t\t<div class=\"page\" title=\"Page 7\"><div class=\"section\"><div class=\"layoutArea\"><div class=\"column\"><p>PRESENTACI\u00d3N<\/p><\/div><\/div><\/div><\/div>\t\t\t\t\t\t\t\t<\/div>\n\t\t\t\t<div class=\"elementor-element elementor-element-3ff615eb elementor-widget elementor-widget-text-editor\" data-id=\"3ff615eb\" data-element_type=\"widget\" data-widget_type=\"text-editor.default\">\n\t\t\t\t\t\t\t\t\t<p>Semillas de An\u00eds<\/p>\t\t\t\t\t\t\t\t<\/div>\n\t\t\t\t<\/div>\n\t\t\t\t<\/div>\n\t\t<div class=\"elementor-element elementor-element-67c8be76 e-con-full e-flex e-con e-child\" data-id=\"67c8be76\" data-element_type=\"container\">\n\t\t\t\t<div class=\"elementor-element elementor-element-3d21d7da elementor-widget elementor-widget-image\" data-id=\"3d21d7da\" data-element_type=\"widget\" data-widget_type=\"image.default\">\n\t\t\t\t\t\t\t\t\t\t\t\t\t\t\t<img decoding=\"async\" src=\"https:\/\/heirsfood.com\/ES\/wp-content\/uploads\/2026\/01\/anis2-fondo.png\" title=\"anis2 fondo\" alt=\"anis2 fondo\" loading=\"lazy\" \/>\t\t\t\t\t\t\t\t\t\t\t\t\t\t\t<\/div>\n\t\t\t\t<\/div>\n\t\t\t\t<\/div>\n\t\t<div class=\"elementor-element elementor-element-716447f7 e-con-full e-flex e-con e-parent\" data-id=\"716447f7\" data-element_type=\"container\">\n\t\t<div class=\"elementor-element elementor-element-6fb080d7 e-con-full e-flex e-con e-child\" data-id=\"6fb080d7\" data-element_type=\"container\">\n\t\t\t\t<div class=\"elementor-element elementor-element-6347686e elementor-widget elementor-widget-text-editor\" data-id=\"6347686e\" data-element_type=\"widget\" data-widget_type=\"text-editor.default\">\n\t\t\t\t\t\t\t\t\t<div class=\"page\" title=\"Page 7\"><div class=\"section\"><div class=\"layoutArea\"><div class=\"column\"><p>EMPAQUE<\/p><\/div><\/div><\/div><\/div>\t\t\t\t\t\t\t\t<\/div>\n\t\t\t\t<div class=\"elementor-element elementor-element-2296e8e elementor-widget elementor-widget-text-editor\" data-id=\"2296e8e\" data-element_type=\"widget\" data-widget_type=\"text-editor.default\">\n\t\t\t\t\t\t\t\t\t<div class=\"page\" title=\"Page 7\"><div class=\"section\"><div class=\"layoutArea\"><div class=\"column\"><p>El producto puede ser empacado en:<\/p><ul><li>Bolsas de rafia de 25 Kg. (Seg\u00fan 1935\/2004 y el Reglamento (CE) 10\/2011 modificado)<\/li><li>Seg\u00fan pedido del cliente.<\/li><\/ul><p><em>Ofrecemos producto empacado con marca privada.<\/em><\/p><\/div><\/div><\/div><\/div>\t\t\t\t\t\t\t\t<\/div>\n\t\t\t\t<\/div>\n\t\t<div class=\"elementor-element elementor-element-521e6fa0 e-con-full e-flex e-con e-child\" data-id=\"521e6fa0\" data-element_type=\"container\">\n\t\t\t\t<div class=\"elementor-element elementor-element-195aac7c elementor-widget elementor-widget-text-editor\" data-id=\"195aac7c\" data-element_type=\"widget\" data-widget_type=\"text-editor.default\">\n\t\t\t\t\t\t\t\t\t<div class=\"page\" title=\"Page 7\"><div class=\"section\"><div class=\"layoutArea\"><div class=\"column\"><p>TIPO DE CONTENEDOR Y CAPACIDAD<\/p><\/div><\/div><\/div><\/div>\t\t\t\t\t\t\t\t<\/div>\n\t\t\t\t<div class=\"elementor-element elementor-element-163178ab elementor-widget elementor-widget-text-editor\" data-id=\"163178ab\" data-element_type=\"widget\" data-widget_type=\"text-editor.default\">\n\t\t\t\t\t\t\t\t\t<div class=\"page\" title=\"Page 7\"><div class=\"section\"><div class=\"layoutArea\"><div class=\"column\"><p>El producto se despacha en contenedores aptos para carga seca de alimentos de 20\u2032 \u2013\u00a0 40\u2032 Dry FCL<\/p><p>20\u2032 5,000-10,000 kg 22,7 kg bags<\/p><p>40\u2032 18, 000kg max\u00a0 x FCL\/ aprox.<\/p><p>Carga al suelo sin pallets.<\/p><p>Si la carga va paletizada las cantidades var\u00edan.<\/p><\/div><\/div><\/div><\/div>\t\t\t\t\t\t\t\t<\/div>\n\t\t\t\t<\/div>\n\t\t\t\t<\/div>\n\t\t\t\t<\/div>\n\t\t","protected":false},"excerpt":{"rendered":"<p>An\u00eds Nuestro An\u00eds tiene gran aceptaci\u00f3n en el mercado internacional, es un producto de alta calidad procesado y empacado en planta industrial con certificaci\u00f3n, BRC, HACCP, Kosher, etc. Nuestro producto cumple con los est\u00e1ndares internacionales de calidad y seguridad alimentaria en todos sus procesos. 100% An\u00eds DISPONIBILIDAD A LO LARGO DEL A\u00d1O Producto acorde a [&hellip;]<\/p>\n","protected":false},"author":1,"featured_media":0,"parent":0,"menu_order":0,"comment_status":"closed","ping_status":"closed","template":"","meta":{"footnotes":""},"class_list":["post-925","page","type-page","status-publish","hentry"],"_links":{"self":[{"href":"https:\/\/heirsfood.com\/ES\/wp-json\/wp\/v2\/pages\/925","targetHints":{"allow":["GET"]}}],"collection":[{"href":"https:\/\/heirsfood.com\/ES\/wp-json\/wp\/v2\/pages"}],"about":[{"href":"https:\/\/heirsfood.com\/ES\/wp-json\/wp\/v2\/types\/page"}],"author":[{"embeddable":true,"href":"https:\/\/heirsfood.com\/ES\/wp-json\/wp\/v2\/users\/1"}],"replies":[{"embeddable":true,"href":"https:\/\/heirsfood.com\/ES\/wp-json\/wp\/v2\/comments?post=925"}],"version-history":[{"count":7,"href":"https:\/\/heirsfood.com\/ES\/wp-json\/wp\/v2\/pages\/925\/revisions"}],"predecessor-version":[{"id":1945,"href":"https:\/\/heirsfood.com\/ES\/wp-json\/wp\/v2\/pages\/925\/revisions\/1945"}],"wp:attachment":[{"href":"https:\/\/heirsfood.com\/ES\/wp-json\/wp\/v2\/media?parent=925"}],"curies":[{"name":"wp","href":"https:\/\/api.w.org\/{rel}","templated":true}]}}