{"id":909,"date":"2026-01-09T16:54:32","date_gmt":"2026-01-09T16:54:32","guid":{"rendered":"https:\/\/heirsfood.com\/ES\/?page_id=909"},"modified":"2026-02-21T18:21:54","modified_gmt":"2026-02-21T23:21:54","slug":"cilantro-en-polvo","status":"publish","type":"page","link":"https:\/\/heirsfood.com\/ES\/cilantro-en-polvo\/","title":{"rendered":"Cilantro en Polvo"},"content":{"rendered":"\t\t<div data-elementor-type=\"wp-page\" data-elementor-id=\"909\" class=\"elementor elementor-909\" data-elementor-post-type=\"page\">\n\t\t\t\t<div class=\"elementor-element elementor-element-7292a487 e-con-full e-flex e-con e-parent\" data-id=\"7292a487\" data-element_type=\"container\">\n\t\t<div class=\"elementor-element elementor-element-7c9da2e6 e-con-full e-flex e-con e-child\" data-id=\"7c9da2e6\" data-element_type=\"container\">\n\t\t\t\t<div class=\"elementor-element elementor-element-2b7252f4 elementor-widget elementor-widget-image\" data-id=\"2b7252f4\" data-element_type=\"widget\" data-widget_type=\"image.default\">\n\t\t\t\t\t\t\t\t\t\t\t\t\t\t\t<img fetchpriority=\"high\" decoding=\"async\" width=\"650\" height=\"601\" src=\"https:\/\/heirsfood.com\/ES\/wp-content\/uploads\/2026\/01\/cilantroensemilla.png\" class=\"attachment-large size-large wp-image-911\" alt=\"\" srcset=\"https:\/\/heirsfood.com\/ES\/wp-content\/uploads\/2026\/01\/cilantroensemilla.png 650w, https:\/\/heirsfood.com\/ES\/wp-content\/uploads\/2026\/01\/cilantroensemilla-300x277.png 300w\" sizes=\"(max-width: 650px) 100vw, 650px\" \/>\t\t\t\t\t\t\t\t\t\t\t\t\t\t\t<\/div>\n\t\t\t\t<\/div>\n\t\t<div class=\"elementor-element elementor-element-4f886dcb e-con-full e-flex e-con e-child\" data-id=\"4f886dcb\" data-element_type=\"container\">\n\t\t<div class=\"elementor-element elementor-element-35c100b e-con-full e-flex e-con e-child\" data-id=\"35c100b\" data-element_type=\"container\">\n\t\t\t\t<div class=\"elementor-element elementor-element-65d87e51 elementor-widget elementor-widget-heading\" data-id=\"65d87e51\" data-element_type=\"widget\" data-widget_type=\"heading.default\">\n\t\t\t\t\t<h2 class=\"elementor-heading-title elementor-size-default\">Cilantro en polvo<\/h2>\t\t\t\t<\/div>\n\t\t\t\t<div class=\"elementor-element elementor-element-3e956772 elementor-widget elementor-widget-text-editor\" data-id=\"3e956772\" data-element_type=\"widget\" data-widget_type=\"text-editor.default\">\n\t\t\t\t\t\t\t\t\t<div class=\"page\" title=\"Page 7\"><div class=\"section\"><div class=\"layoutArea\"><div class=\"column\"><p>Nuestro Cilantro tiene gran aceptaci\u00f3n en el mercado internacional, es un producto de alta calidad procesado y empacado en planta industrial con certificaci\u00f3n BRC, HACCP, Kosher, etc.<\/p><p>Nuestro producto cumple con los est\u00e1ndares internacionales de calidad y seguridad alimentaria en todos sus procesos.<\/p><\/div><\/div><\/div><\/div>\t\t\t\t\t\t\t\t<\/div>\n\t\t\t\t<div class=\"elementor-element elementor-element-26eb4011 elementor-widget elementor-widget-text-editor\" data-id=\"26eb4011\" data-element_type=\"widget\" data-widget_type=\"text-editor.default\">\n\t\t\t\t\t\t\t\t\t<div class=\"page\" title=\"Page 7\"><div class=\"section\"><div class=\"layoutArea\"><div class=\"column\"><p>100% Cilantro<\/p><\/div><\/div><\/div><\/div>\t\t\t\t\t\t\t\t<\/div>\n\t\t\t\t<div class=\"elementor-element elementor-element-7f41e220 elementor-widget elementor-widget-text-editor\" data-id=\"7f41e220\" data-element_type=\"widget\" data-widget_type=\"text-editor.default\">\n\t\t\t\t\t\t\t\t\t<div class=\"page\" title=\"Page 7\"><div class=\"section\"><div class=\"layoutArea\"><div class=\"column\"><p>DISPONIBILIDAD<\/p><\/div><\/div><\/div><\/div>\t\t\t\t\t\t\t\t<\/div>\n\t\t\t\t<div class=\"elementor-element elementor-element-91ec3ad elementor-widget elementor-widget-text-editor\" data-id=\"91ec3ad\" data-element_type=\"widget\" data-widget_type=\"text-editor.default\">\n\t\t\t\t\t\t\t\t\t<div class=\"page\" title=\"Page 7\"><div class=\"section\"><div class=\"layoutArea\"><div class=\"column\"><div class=\"column\"><p>A LO LARGO DEL A\u00d1O<\/p><\/div><p class=\"s25\">Producto acorde a las regulaciones internacionales de seguridad alimentaria.<\/p><\/div><\/div><\/div><\/div>\t\t\t\t\t\t\t\t<\/div>\n\t\t\t\t<div class=\"elementor-element elementor-element-38372af7 elementor-align-left elementor-mobile-align-left elementor-widget elementor-widget-button\" data-id=\"38372af7\" data-element_type=\"widget\" data-widget_type=\"button.default\">\n\t\t\t\t\t\t\t\t\t\t<a class=\"elementor-button elementor-button-link elementor-size-sm elementor-animation-shrink\" href=\"https:\/\/heirsfood.com\/ES\/contacto\/\">\n\t\t\t\t\t\t<span class=\"elementor-button-content-wrapper\">\n\t\t\t\t\t\t\t\t\t<span class=\"elementor-button-text\">CONT\u00c1CTANOS<\/span>\n\t\t\t\t\t<\/span>\n\t\t\t\t\t<\/a>\n\t\t\t\t\t\t\t\t<\/div>\n\t\t\t\t<\/div>\n\t\t\t\t<\/div>\n\t\t\t\t<\/div>\n\t\t<div class=\"elementor-element elementor-element-72864509 e-con-full e-flex e-con e-parent\" data-id=\"72864509\" data-element_type=\"container\" data-settings=\"{&quot;background_background&quot;:&quot;classic&quot;}\">\n\t\t<div class=\"elementor-element elementor-element-1c06f033 e-con-full e-flex e-con e-child\" data-id=\"1c06f033\" data-element_type=\"container\">\n\t\t<div class=\"elementor-element elementor-element-317ee2d5 e-con-full e-flex e-con e-child\" data-id=\"317ee2d5\" data-element_type=\"container\">\n\t\t\t\t<div class=\"elementor-element elementor-element-58faa7bc elementor-widget elementor-widget-text-editor\" data-id=\"58faa7bc\" data-element_type=\"widget\" data-widget_type=\"text-editor.default\">\n\t\t\t\t\t\t\t\t\t<div class=\"page\" title=\"Page 7\"><div class=\"section\"><div class=\"layoutArea\"><div class=\"column\"><p>PRESENTACI\u00d3N<\/p><\/div><\/div><\/div><\/div>\t\t\t\t\t\t\t\t<\/div>\n\t\t\t\t<div class=\"elementor-element elementor-element-94e0ce5 elementor-widget elementor-widget-text-editor\" data-id=\"94e0ce5\" data-element_type=\"widget\" data-widget_type=\"text-editor.default\">\n\t\t\t\t\t\t\t\t\t<p>Cilantro en polvo<\/p>\t\t\t\t\t\t\t\t<\/div>\n\t\t\t\t<\/div>\n\t\t\t\t<\/div>\n\t\t<div class=\"elementor-element elementor-element-5a3c93ca e-con-full e-flex e-con e-child\" data-id=\"5a3c93ca\" data-element_type=\"container\">\n\t\t\t\t<div class=\"elementor-element elementor-element-c0edf48 elementor-widget elementor-widget-image\" data-id=\"c0edf48\" data-element_type=\"widget\" data-widget_type=\"image.default\">\n\t\t\t\t\t\t\t\t\t\t\t\t\t\t\t<img decoding=\"async\" src=\"https:\/\/heirsfood.com\/ES\/wp-content\/uploads\/2026\/01\/cilantro2-fondo.png\" title=\"cilantro2 fondo\" alt=\"cilantro2 fondo\" loading=\"lazy\" \/>\t\t\t\t\t\t\t\t\t\t\t\t\t\t\t<\/div>\n\t\t\t\t<\/div>\n\t\t\t\t<\/div>\n\t\t<div class=\"elementor-element elementor-element-24a016a1 e-con-full e-flex e-con e-parent\" data-id=\"24a016a1\" data-element_type=\"container\">\n\t\t<div class=\"elementor-element elementor-element-146b28b2 e-con-full e-flex e-con e-child\" data-id=\"146b28b2\" data-element_type=\"container\">\n\t\t\t\t<div class=\"elementor-element elementor-element-2d41f547 elementor-widget elementor-widget-text-editor\" data-id=\"2d41f547\" data-element_type=\"widget\" data-widget_type=\"text-editor.default\">\n\t\t\t\t\t\t\t\t\t<div class=\"page\" title=\"Page 7\"><div class=\"section\"><div class=\"layoutArea\"><div class=\"column\"><p>EMPAQUE<\/p><\/div><\/div><\/div><\/div>\t\t\t\t\t\t\t\t<\/div>\n\t\t\t\t<div class=\"elementor-element elementor-element-4ceef9ba elementor-widget elementor-widget-text-editor\" data-id=\"4ceef9ba\" data-element_type=\"widget\" data-widget_type=\"text-editor.default\">\n\t\t\t\t\t\t\t\t\t<div class=\"page\" title=\"Page 7\"><div class=\"section\"><div class=\"layoutArea\"><div class=\"column\"><p>El producto puede ser empacado en:<\/p><ul><li>Bolsas de rafia de 25 Kg. (Seg\u00fan 1935\/2004 y el Reglamento (CE) 10\/2011 modificado)<\/li><li>Seg\u00fan pedido del cliente.<\/li><\/ul><p><em>Ofrecemos producto empacado con marca privada.<\/em><\/p><\/div><\/div><\/div><\/div>\t\t\t\t\t\t\t\t<\/div>\n\t\t\t\t<\/div>\n\t\t<div class=\"elementor-element elementor-element-1a7ab11a e-con-full e-flex e-con e-child\" data-id=\"1a7ab11a\" data-element_type=\"container\">\n\t\t\t\t<div class=\"elementor-element elementor-element-4ae7584b elementor-widget elementor-widget-text-editor\" data-id=\"4ae7584b\" data-element_type=\"widget\" data-widget_type=\"text-editor.default\">\n\t\t\t\t\t\t\t\t\t<div class=\"page\" title=\"Page 7\"><div class=\"section\"><div class=\"layoutArea\"><div class=\"column\"><p>TIPO DE CONTENEDOR Y CAPACIDAD<\/p><\/div><\/div><\/div><\/div>\t\t\t\t\t\t\t\t<\/div>\n\t\t\t\t<div class=\"elementor-element elementor-element-275ccc51 elementor-widget elementor-widget-text-editor\" data-id=\"275ccc51\" data-element_type=\"widget\" data-widget_type=\"text-editor.default\">\n\t\t\t\t\t\t\t\t\t<div class=\"page\" title=\"Page 7\"><div class=\"section\"><div class=\"layoutArea\"><div class=\"column\"><p>El producto se despacha en contenedores aptos para carga seca de alimentos de 20\u2032 \u2013\u00a0 40\u2032 \u00a0Dry FCL<\/p><p>20\u2032 5,000-10,000 kg 22,7 kg bags<\/p><p>40\u2032 18, 000kg max\u00a0 x FCL\/ aprox.<\/p><p>Carga al suelo sin pallets.<\/p><p>Si la carga va paletizada las cantidades var\u00edan.<\/p><\/div><\/div><\/div><\/div>\t\t\t\t\t\t\t\t<\/div>\n\t\t\t\t<\/div>\n\t\t\t\t<\/div>\n\t\t\t\t<\/div>\n\t\t","protected":false},"excerpt":{"rendered":"<p>Cilantro en polvo Nuestro Cilantro tiene gran aceptaci\u00f3n en el mercado internacional, es un producto de alta calidad procesado y empacado en planta industrial con certificaci\u00f3n BRC, HACCP, Kosher, etc. Nuestro producto cumple con los est\u00e1ndares internacionales de calidad y seguridad alimentaria en todos sus procesos. 100% Cilantro DISPONIBILIDAD A LO LARGO DEL A\u00d1O Producto [&hellip;]<\/p>\n","protected":false},"author":1,"featured_media":0,"parent":0,"menu_order":0,"comment_status":"closed","ping_status":"closed","template":"","meta":{"footnotes":""},"class_list":["post-909","page","type-page","status-publish","hentry"],"_links":{"self":[{"href":"https:\/\/heirsfood.com\/ES\/wp-json\/wp\/v2\/pages\/909","targetHints":{"allow":["GET"]}}],"collection":[{"href":"https:\/\/heirsfood.com\/ES\/wp-json\/wp\/v2\/pages"}],"about":[{"href":"https:\/\/heirsfood.com\/ES\/wp-json\/wp\/v2\/types\/page"}],"author":[{"embeddable":true,"href":"https:\/\/heirsfood.com\/ES\/wp-json\/wp\/v2\/users\/1"}],"replies":[{"embeddable":true,"href":"https:\/\/heirsfood.com\/ES\/wp-json\/wp\/v2\/comments?post=909"}],"version-history":[{"count":10,"href":"https:\/\/heirsfood.com\/ES\/wp-json\/wp\/v2\/pages\/909\/revisions"}],"predecessor-version":[{"id":1937,"href":"https:\/\/heirsfood.com\/ES\/wp-json\/wp\/v2\/pages\/909\/revisions\/1937"}],"wp:attachment":[{"href":"https:\/\/heirsfood.com\/ES\/wp-json\/wp\/v2\/media?parent=909"}],"curies":[{"name":"wp","href":"https:\/\/api.w.org\/{rel}","templated":true}]}}