{"id":848,"date":"2026-01-09T15:10:46","date_gmt":"2026-01-09T15:10:46","guid":{"rendered":"https:\/\/heirsfood.com\/ES\/?page_id=848"},"modified":"2026-02-21T17:51:56","modified_gmt":"2026-02-21T22:51:56","slug":"platano-verde","status":"publish","type":"page","link":"https:\/\/heirsfood.com\/ES\/platano-verde\/","title":{"rendered":"Pl\u00e1tano Verde"},"content":{"rendered":"\t\t<div data-elementor-type=\"wp-page\" data-elementor-id=\"848\" class=\"elementor elementor-848\" data-elementor-post-type=\"page\">\n\t\t\t\t<div class=\"elementor-element elementor-element-25f919d0 e-con-full e-flex e-con e-parent\" data-id=\"25f919d0\" data-element_type=\"container\">\n\t\t<div class=\"elementor-element elementor-element-5558fa7 e-con-full e-flex e-con e-child\" data-id=\"5558fa7\" data-element_type=\"container\">\n\t\t\t\t<div class=\"elementor-element elementor-element-7b3ed6a0 elementor-widget elementor-widget-image\" data-id=\"7b3ed6a0\" data-element_type=\"widget\" data-widget_type=\"image.default\">\n\t\t\t\t\t\t\t\t\t\t\t\t\t\t\t<img fetchpriority=\"high\" decoding=\"async\" width=\"650\" height=\"601\" src=\"https:\/\/heirsfood.com\/ES\/wp-content\/uploads\/2026\/01\/platanobarraganete.png\" class=\"attachment-large size-large wp-image-850\" alt=\"\" srcset=\"https:\/\/heirsfood.com\/ES\/wp-content\/uploads\/2026\/01\/platanobarraganete.png 650w, https:\/\/heirsfood.com\/ES\/wp-content\/uploads\/2026\/01\/platanobarraganete-300x277.png 300w\" sizes=\"(max-width: 650px) 100vw, 650px\" \/>\t\t\t\t\t\t\t\t\t\t\t\t\t\t\t<\/div>\n\t\t\t\t<\/div>\n\t\t<div class=\"elementor-element elementor-element-7680a0bc e-con-full e-flex e-con e-child\" data-id=\"7680a0bc\" data-element_type=\"container\">\n\t\t<div class=\"elementor-element elementor-element-7ca771d9 e-con-full e-flex e-con e-child\" data-id=\"7ca771d9\" data-element_type=\"container\">\n\t\t\t\t<div class=\"elementor-element elementor-element-63bd917d elementor-widget elementor-widget-heading\" data-id=\"63bd917d\" data-element_type=\"widget\" data-widget_type=\"heading.default\">\n\t\t\t\t\t<h2 class=\"elementor-heading-title elementor-size-default\">Pl\u00e1tano Verde<\/h2>\t\t\t\t<\/div>\n\t\t\t\t<div class=\"elementor-element elementor-element-23fb691b elementor-widget elementor-widget-text-editor\" data-id=\"23fb691b\" data-element_type=\"widget\" data-widget_type=\"text-editor.default\">\n\t\t\t\t\t\t\t\t\t<div class=\"page\" title=\"Page 7\"><div class=\"section\"><div class=\"layoutArea\"><div class=\"column\"><p>Pl\u00e1tano verde de la variedad Barraganete, proveniente de la costa del Ecuador, Santo Domingo y varias localidades de la cuenca del Guayas, nuestro producto es de la m\u00e1s alta calidad y cumple con todos los procesos para la exportaci\u00f3n.<\/p><p>Producto sujeto a clasificaci\u00f3n, limpieza, desinfecci\u00f3n,\u00a0 empaque para obtener un producto de exportaci\u00f3n garantizado.<\/p><\/div><\/div><\/div><\/div>\t\t\t\t\t\t\t\t<\/div>\n\t\t\t\t<div class=\"elementor-element elementor-element-7e470bb elementor-widget elementor-widget-text-editor\" data-id=\"7e470bb\" data-element_type=\"widget\" data-widget_type=\"text-editor.default\">\n\t\t\t\t\t\t\t\t\t<div class=\"page\" title=\"Page 7\"><div class=\"section\"><div class=\"layoutArea\"><div class=\"column\"><p>100% Platano verde ecuatoriano<\/p><\/div><\/div><\/div><\/div>\t\t\t\t\t\t\t\t<\/div>\n\t\t\t\t<div class=\"elementor-element elementor-element-605f4327 elementor-widget elementor-widget-text-editor\" data-id=\"605f4327\" data-element_type=\"widget\" data-widget_type=\"text-editor.default\">\n\t\t\t\t\t\t\t\t\t<div class=\"page\" title=\"Page 7\"><div class=\"section\"><div class=\"layoutArea\"><div class=\"column\"><p>DISPONIBILIDAD<\/p><\/div><\/div><\/div><\/div>\t\t\t\t\t\t\t\t<\/div>\n\t\t\t\t<div class=\"elementor-element elementor-element-1887ad99 elementor-widget elementor-widget-text-editor\" data-id=\"1887ad99\" data-element_type=\"widget\" data-widget_type=\"text-editor.default\">\n\t\t\t\t\t\t\t\t\t<div class=\"page\" title=\"Page 7\"><div class=\"section\"><div class=\"layoutArea\"><div class=\"column\"><p>A LO LARGO DEL A\u00d1O<\/p><\/div><\/div><\/div><\/div>\t\t\t\t\t\t\t\t<\/div>\n\t\t\t\t<div class=\"elementor-element elementor-element-3ef1a50d elementor-align-left elementor-mobile-align-left elementor-widget elementor-widget-button\" data-id=\"3ef1a50d\" data-element_type=\"widget\" data-widget_type=\"button.default\">\n\t\t\t\t\t\t\t\t\t\t<a class=\"elementor-button elementor-button-link elementor-size-sm elementor-animation-shrink\" href=\"https:\/\/heirsfood.com\/ES\/contacto\/\">\n\t\t\t\t\t\t<span class=\"elementor-button-content-wrapper\">\n\t\t\t\t\t\t\t\t\t<span class=\"elementor-button-text\">CONT\u00c1CTANOS<\/span>\n\t\t\t\t\t<\/span>\n\t\t\t\t\t<\/a>\n\t\t\t\t\t\t\t\t<\/div>\n\t\t\t\t<\/div>\n\t\t\t\t<\/div>\n\t\t\t\t<\/div>\n\t\t<div class=\"elementor-element elementor-element-1a5436bf e-con-full e-flex e-con e-parent\" data-id=\"1a5436bf\" data-element_type=\"container\" data-settings=\"{&quot;background_background&quot;:&quot;classic&quot;}\">\n\t\t<div class=\"elementor-element elementor-element-701faea5 e-con-full e-flex e-con e-child\" data-id=\"701faea5\" data-element_type=\"container\">\n\t\t<div class=\"elementor-element elementor-element-a6058f9 e-con-full e-flex e-con e-child\" data-id=\"a6058f9\" data-element_type=\"container\">\n\t\t\t\t<div class=\"elementor-element elementor-element-59eb2226 elementor-widget elementor-widget-text-editor\" data-id=\"59eb2226\" data-element_type=\"widget\" data-widget_type=\"text-editor.default\">\n\t\t\t\t\t\t\t\t\t<div class=\"page\" title=\"Page 7\"><div class=\"section\"><div class=\"layoutArea\"><div class=\"column\"><p>PRESENTACI\u00d3N<\/p><\/div><\/div><\/div><\/div>\t\t\t\t\t\t\t\t<\/div>\n\t\t\t\t<div class=\"elementor-element elementor-element-a9b8d12 elementor-widget elementor-widget-text-editor\" data-id=\"a9b8d12\" data-element_type=\"widget\" data-widget_type=\"text-editor.default\">\n\t\t\t\t\t\t\t\t\t<p>Variedad barraganete<\/p>\t\t\t\t\t\t\t\t<\/div>\n\t\t\t\t<\/div>\n\t\t\t\t<\/div>\n\t\t<div class=\"elementor-element elementor-element-4f56772d e-con-full e-flex e-con e-child\" data-id=\"4f56772d\" data-element_type=\"container\">\n\t\t\t\t<div class=\"elementor-element elementor-element-1a1309f6 elementor-widget elementor-widget-image\" data-id=\"1a1309f6\" data-element_type=\"widget\" data-widget_type=\"image.default\">\n\t\t\t\t\t\t\t\t\t\t\t\t\t\t\t<img decoding=\"async\" src=\"https:\/\/heirsfood.com\/ES\/wp-content\/uploads\/2026\/01\/platanobarraganete2-fondo-1.png\" title=\"platanobarraganete2 fondo\" alt=\"platanobarraganete2 fondo\" loading=\"lazy\" \/>\t\t\t\t\t\t\t\t\t\t\t\t\t\t\t<\/div>\n\t\t\t\t<\/div>\n\t\t\t\t<\/div>\n\t\t<div class=\"elementor-element elementor-element-5fe3360a e-con-full e-flex e-con e-parent\" data-id=\"5fe3360a\" data-element_type=\"container\">\n\t\t<div class=\"elementor-element elementor-element-3b92def6 e-con-full e-flex e-con e-child\" data-id=\"3b92def6\" data-element_type=\"container\">\n\t\t\t\t<div class=\"elementor-element elementor-element-63ebe06 elementor-widget elementor-widget-text-editor\" data-id=\"63ebe06\" data-element_type=\"widget\" data-widget_type=\"text-editor.default\">\n\t\t\t\t\t\t\t\t\t<div class=\"page\" title=\"Page 7\"><div class=\"section\"><div class=\"layoutArea\"><div class=\"column\"><p>EMPAQUE<\/p><\/div><\/div><\/div><\/div>\t\t\t\t\t\t\t\t<\/div>\n\t\t\t\t<div class=\"elementor-element elementor-element-53fbb94d elementor-widget elementor-widget-text-editor\" data-id=\"53fbb94d\" data-element_type=\"widget\" data-widget_type=\"text-editor.default\">\n\t\t\t\t\t\t\t\t\t<div class=\"page\" title=\"Page 7\"><div class=\"section\"><div class=\"layoutArea\"><div class=\"column\"><p>La fruta se empaca en cajas de cart\u00f3n corrugado 22xu con esquinas y divisiones para proteger la fruta adecuadamente en el momento de la entrega.<\/p><p>Tapa, fondo, cart\u00f3n y tapa al vac\u00edo o polypack.<\/p><\/div><\/div><\/div><\/div>\t\t\t\t\t\t\t\t<\/div>\n\t\t\t\t<\/div>\n\t\t<div class=\"elementor-element elementor-element-1359839b e-con-full e-flex e-con e-child\" data-id=\"1359839b\" data-element_type=\"container\">\n\t\t\t\t<div class=\"elementor-element elementor-element-73935a49 elementor-widget elementor-widget-text-editor\" data-id=\"73935a49\" data-element_type=\"widget\" data-widget_type=\"text-editor.default\">\n\t\t\t\t\t\t\t\t\t<div class=\"page\" title=\"Page 7\"><div class=\"section\"><div class=\"layoutArea\"><div class=\"column\"><p>TIPO DE CONTENEDOR Y CAPACIDAD<\/p><\/div><\/div><\/div><\/div>\t\t\t\t\t\t\t\t<\/div>\n\t\t\t\t<div class=\"elementor-element elementor-element-3009a9fa elementor-widget elementor-widget-text-editor\" data-id=\"3009a9fa\" data-element_type=\"widget\" data-widget_type=\"text-editor.default\">\n\t\t\t\t\t\t\t\t\t<p><strong><em>Cajas de cart\u00f3n 22xu<\/em><\/strong><\/p><p>18,14 kg netos o 19,45 kg de peso neto por caja<br \/>960 \u2013 1080 cajas paletizadas por contenedor<br \/><span lang=\"ES\">Contenedor refrigerado de 40\u2032<\/span><\/p>\t\t\t\t\t\t\t\t<\/div>\n\t\t\t\t<\/div>\n\t\t\t\t<\/div>\n\t\t\t\t<\/div>\n\t\t","protected":false},"excerpt":{"rendered":"<p>Pl\u00e1tano Verde Pl\u00e1tano verde de la variedad Barraganete, proveniente de la costa del Ecuador, Santo Domingo y varias localidades de la cuenca del Guayas, nuestro producto es de la m\u00e1s alta calidad y cumple con todos los procesos para la exportaci\u00f3n. Producto sujeto a clasificaci\u00f3n, limpieza, desinfecci\u00f3n,\u00a0 empaque para obtener un producto de exportaci\u00f3n garantizado. [&hellip;]<\/p>\n","protected":false},"author":1,"featured_media":0,"parent":0,"menu_order":0,"comment_status":"closed","ping_status":"closed","template":"","meta":{"footnotes":""},"class_list":["post-848","page","type-page","status-publish","hentry"],"_links":{"self":[{"href":"https:\/\/heirsfood.com\/ES\/wp-json\/wp\/v2\/pages\/848","targetHints":{"allow":["GET"]}}],"collection":[{"href":"https:\/\/heirsfood.com\/ES\/wp-json\/wp\/v2\/pages"}],"about":[{"href":"https:\/\/heirsfood.com\/ES\/wp-json\/wp\/v2\/types\/page"}],"author":[{"embeddable":true,"href":"https:\/\/heirsfood.com\/ES\/wp-json\/wp\/v2\/users\/1"}],"replies":[{"embeddable":true,"href":"https:\/\/heirsfood.com\/ES\/wp-json\/wp\/v2\/comments?post=848"}],"version-history":[{"count":10,"href":"https:\/\/heirsfood.com\/ES\/wp-json\/wp\/v2\/pages\/848\/revisions"}],"predecessor-version":[{"id":1914,"href":"https:\/\/heirsfood.com\/ES\/wp-json\/wp\/v2\/pages\/848\/revisions\/1914"}],"wp:attachment":[{"href":"https:\/\/heirsfood.com\/ES\/wp-json\/wp\/v2\/media?parent=848"}],"curies":[{"name":"wp","href":"https:\/\/api.w.org\/{rel}","templated":true}]}}