{"id":800,"date":"2026-01-08T18:22:46","date_gmt":"2026-01-08T18:22:46","guid":{"rendered":"https:\/\/heirsfood.com\/ES\/?page_id=800"},"modified":"2026-02-21T16:58:06","modified_gmt":"2026-02-21T21:58:06","slug":"noni-fruta","status":"publish","type":"page","link":"https:\/\/heirsfood.com\/ES\/noni-fruta\/","title":{"rendered":"Noni Fruta"},"content":{"rendered":"\t\t<div data-elementor-type=\"wp-page\" data-elementor-id=\"800\" class=\"elementor elementor-800\" data-elementor-post-type=\"page\">\n\t\t\t\t<div class=\"elementor-element elementor-element-4695c1b2 e-con-full e-flex e-con e-parent\" data-id=\"4695c1b2\" data-element_type=\"container\">\n\t\t<div class=\"elementor-element elementor-element-11176926 e-con-full e-flex e-con e-child\" data-id=\"11176926\" data-element_type=\"container\">\n\t\t\t\t<div class=\"elementor-element elementor-element-3359cd10 elementor-widget elementor-widget-image\" data-id=\"3359cd10\" data-element_type=\"widget\" data-widget_type=\"image.default\">\n\t\t\t\t\t\t\t\t\t\t\t\t\t\t\t<img fetchpriority=\"high\" decoding=\"async\" width=\"650\" height=\"601\" src=\"https:\/\/heirsfood.com\/ES\/wp-content\/uploads\/2026\/01\/nonifruit.png\" class=\"attachment-large size-large wp-image-803\" alt=\"\" srcset=\"https:\/\/heirsfood.com\/ES\/wp-content\/uploads\/2026\/01\/nonifruit.png 650w, https:\/\/heirsfood.com\/ES\/wp-content\/uploads\/2026\/01\/nonifruit-300x277.png 300w\" sizes=\"(max-width: 650px) 100vw, 650px\" \/>\t\t\t\t\t\t\t\t\t\t\t\t\t\t\t<\/div>\n\t\t\t\t<\/div>\n\t\t<div class=\"elementor-element elementor-element-5f448273 e-con-full e-flex e-con e-child\" data-id=\"5f448273\" data-element_type=\"container\">\n\t\t<div class=\"elementor-element elementor-element-3c65be00 e-con-full e-flex e-con e-child\" data-id=\"3c65be00\" data-element_type=\"container\">\n\t\t\t\t<div class=\"elementor-element elementor-element-2838469e elementor-widget elementor-widget-heading\" data-id=\"2838469e\" data-element_type=\"widget\" data-widget_type=\"heading.default\">\n\t\t\t\t\t<h2 class=\"elementor-heading-title elementor-size-default\">Noni Fruta<\/h2>\t\t\t\t<\/div>\n\t\t\t\t<div class=\"elementor-element elementor-element-3ddd4380 elementor-widget elementor-widget-text-editor\" data-id=\"3ddd4380\" data-element_type=\"widget\" data-widget_type=\"text-editor.default\">\n\t\t\t\t\t\t\t\t\t<div class=\"page\" title=\"Page 7\"><div class=\"section\"><div class=\"layoutArea\"><div class=\"column\"><p>Producto elaborado 100% del fruto de noni, Es un limpiador energ\u00e9tico perfecto, todo debido a sustancias como el limoneno, principio activo presente en un alto porcentaje de su tronco que pertenece a la familia de solventes o trementinas.<\/p><p>Producto sujeto a clasificaci\u00f3n, limpieza, desinfecci\u00f3n, corte, secado y empaque para obtener un producto de exportaci\u00f3n garantizado.<\/p><\/div><\/div><\/div><\/div>\t\t\t\t\t\t\t\t<\/div>\n\t\t\t\t<div class=\"elementor-element elementor-element-2e8f8cc7 elementor-widget elementor-widget-text-editor\" data-id=\"2e8f8cc7\" data-element_type=\"widget\" data-widget_type=\"text-editor.default\">\n\t\t\t\t\t\t\t\t\t<div class=\"page\" title=\"Page 7\"><div class=\"section\"><div class=\"layoutArea\"><div class=\"column\"><p>100% DE LA FRUTA DE NONI<\/p><\/div><\/div><\/div><\/div>\t\t\t\t\t\t\t\t<\/div>\n\t\t\t\t<div class=\"elementor-element elementor-element-ec049d8 elementor-widget elementor-widget-text-editor\" data-id=\"ec049d8\" data-element_type=\"widget\" data-widget_type=\"text-editor.default\">\n\t\t\t\t\t\t\t\t\t<div class=\"page\" title=\"Page 7\"><div class=\"section\"><div class=\"layoutArea\"><div class=\"column\"><p>DISPONIBILIDAD<\/p><\/div><\/div><\/div><\/div>\t\t\t\t\t\t\t\t<\/div>\n\t\t\t\t<div class=\"elementor-element elementor-element-7c3d28 elementor-widget elementor-widget-text-editor\" data-id=\"7c3d28\" data-element_type=\"widget\" data-widget_type=\"text-editor.default\">\n\t\t\t\t\t\t\t\t\t<div class=\"page\" title=\"Page 7\"><div class=\"section\"><div class=\"layoutArea\"><div class=\"column\"><p>A LO LARGO DEL A\u00d1O<\/p><\/div><\/div><\/div><\/div>\t\t\t\t\t\t\t\t<\/div>\n\t\t\t\t<div class=\"elementor-element elementor-element-bc9859e elementor-align-left elementor-mobile-align-left elementor-widget elementor-widget-button\" data-id=\"bc9859e\" data-element_type=\"widget\" data-widget_type=\"button.default\">\n\t\t\t\t\t\t\t\t\t\t<a class=\"elementor-button elementor-button-link elementor-size-sm elementor-animation-shrink\" href=\"https:\/\/heirsfood.com\/ES\/contacto\/\">\n\t\t\t\t\t\t<span class=\"elementor-button-content-wrapper\">\n\t\t\t\t\t\t\t\t\t<span class=\"elementor-button-text\">CONT\u00c1CTANOS<\/span>\n\t\t\t\t\t<\/span>\n\t\t\t\t\t<\/a>\n\t\t\t\t\t\t\t\t<\/div>\n\t\t\t\t<\/div>\n\t\t\t\t<div class=\"elementor-element elementor-element-4e2fae5 elementor-widget__width-initial elementor-widget elementor-widget-image\" data-id=\"4e2fae5\" data-element_type=\"widget\" data-widget_type=\"image.default\">\n\t\t\t\t\t\t\t\t\t\t\t\t\t\t\t<img decoding=\"async\" src=\"https:\/\/heirsfood.com\/ES\/wp-content\/uploads\/2026\/01\/organico1.png\" title=\"organico1\" alt=\"organico1\" loading=\"lazy\" \/>\t\t\t\t\t\t\t\t\t\t\t\t\t\t\t<\/div>\n\t\t\t\t<\/div>\n\t\t\t\t<\/div>\n\t\t<div class=\"elementor-element elementor-element-140d8336 e-con-full e-flex e-con e-parent\" data-id=\"140d8336\" data-element_type=\"container\" data-settings=\"{&quot;background_background&quot;:&quot;classic&quot;}\">\n\t\t<div class=\"elementor-element elementor-element-1b523738 e-con-full e-flex e-con e-child\" data-id=\"1b523738\" data-element_type=\"container\">\n\t\t<div class=\"elementor-element elementor-element-54080104 e-con-full e-flex e-con e-child\" data-id=\"54080104\" data-element_type=\"container\">\n\t\t\t\t<div class=\"elementor-element elementor-element-16a9cd8c elementor-widget elementor-widget-text-editor\" data-id=\"16a9cd8c\" data-element_type=\"widget\" data-widget_type=\"text-editor.default\">\n\t\t\t\t\t\t\t\t\t<div class=\"page\" title=\"Page 7\"><div class=\"section\"><div class=\"layoutArea\"><div class=\"column\"><p>PRESENTACI\u00d3N<\/p><\/div><\/div><\/div><\/div>\t\t\t\t\t\t\t\t<\/div>\n\t\t\t\t<div class=\"elementor-element elementor-element-7176753b elementor-widget elementor-widget-text-editor\" data-id=\"7176753b\" data-element_type=\"widget\" data-widget_type=\"text-editor.default\">\n\t\t\t\t\t\t\t\t\t<p>Fruto deshidratado<\/p>\t\t\t\t\t\t\t\t<\/div>\n\t\t\t\t<div class=\"elementor-element elementor-element-3fac6e6f elementor-widget elementor-widget-text-editor\" data-id=\"3fac6e6f\" data-element_type=\"widget\" data-widget_type=\"text-editor.default\">\n\t\t\t\t\t\t\t\t\t<p>Fruto pulverizado<\/p>\t\t\t\t\t\t\t\t<\/div>\n\t\t\t\t<\/div>\n\t\t\t\t<\/div>\n\t\t<div class=\"elementor-element elementor-element-6a38486 e-con-full e-flex e-con e-child\" data-id=\"6a38486\" data-element_type=\"container\">\n\t\t\t\t<div class=\"elementor-element elementor-element-3e7498a5 elementor-widget elementor-widget-image\" data-id=\"3e7498a5\" data-element_type=\"widget\" data-widget_type=\"image.default\">\n\t\t\t\t\t\t\t\t\t\t\t\t\t\t\t<img decoding=\"async\" src=\"https:\/\/heirsfood.com\/ES\/wp-content\/uploads\/2026\/01\/nonifruit1.png\" title=\"nonifruit1\" alt=\"nonifruit1\" loading=\"lazy\" \/>\t\t\t\t\t\t\t\t\t\t\t\t\t\t\t<\/div>\n\t\t\t\t<\/div>\n\t\t\t\t<\/div>\n\t\t<div class=\"elementor-element elementor-element-59088265 e-con-full e-flex e-con e-parent\" data-id=\"59088265\" data-element_type=\"container\">\n\t\t<div class=\"elementor-element elementor-element-2c9e0bda e-con-full e-flex e-con e-child\" data-id=\"2c9e0bda\" data-element_type=\"container\">\n\t\t\t\t<div class=\"elementor-element elementor-element-5de7266a elementor-widget elementor-widget-text-editor\" data-id=\"5de7266a\" data-element_type=\"widget\" data-widget_type=\"text-editor.default\">\n\t\t\t\t\t\t\t\t\t<div class=\"page\" title=\"Page 7\"><div class=\"section\"><div class=\"layoutArea\"><div class=\"column\"><p>EMPAQUE<\/p><\/div><\/div><\/div><\/div>\t\t\t\t\t\t\t\t<\/div>\n\t\t\t\t<div class=\"elementor-element elementor-element-770f8a08 elementor-widget elementor-widget-text-editor\" data-id=\"770f8a08\" data-element_type=\"widget\" data-widget_type=\"text-editor.default\">\n\t\t\t\t\t\t\t\t\t<div class=\"page\" title=\"Page 7\"><div class=\"section\"><div class=\"layoutArea\"><div class=\"column\"><div class=\"section\"><div class=\"layoutArea\"><div class=\"column\"><p>Empaque primario: bolsas dobles de polietileno 10 kg. Segundo empaque: cajas de cart\u00f3n de 10 kg.<\/p><\/div><\/div><\/div><p><em>O de acuerdo a solicitud del cliente. Ofrecemos producto empacado con marca privada.<\/em><\/p><\/div><\/div><\/div><\/div>\t\t\t\t\t\t\t\t<\/div>\n\t\t\t\t<\/div>\n\t\t<div class=\"elementor-element elementor-element-60c06dcc e-con-full e-flex e-con e-child\" data-id=\"60c06dcc\" data-element_type=\"container\">\n\t\t\t\t<div class=\"elementor-element elementor-element-21e38947 elementor-widget elementor-widget-text-editor\" data-id=\"21e38947\" data-element_type=\"widget\" data-widget_type=\"text-editor.default\">\n\t\t\t\t\t\t\t\t\t<div class=\"page\" title=\"Page 7\"><div class=\"section\"><div class=\"layoutArea\"><div class=\"column\"><p>TIPO DE CONTENEDOR Y CAPACIDAD<\/p><\/div><\/div><\/div><\/div>\t\t\t\t\t\t\t\t<\/div>\n\t\t\t\t<div class=\"elementor-element elementor-element-20b45cd8 elementor-widget elementor-widget-text-editor\" data-id=\"20b45cd8\" data-element_type=\"widget\" data-widget_type=\"text-editor.default\">\n\t\t\t\t\t\t\t\t\t<div class=\"page\" title=\"Page 7\"><div class=\"section\"><div class=\"layoutArea\"><div class=\"column\"><div class=\"section\"><div class=\"layoutArea\"><div class=\"column\"><p>El producto se despacha en contenedores aptos para carga seca de 20 \u2013 40 pies.<\/p><p>20\u2032 dry CTN: 6,000 kg y<\/p><p>40\u2032 dry CTN: 12,000 kg<\/p><\/div><\/div><\/div><p><em>Carga no paletizada.<\/em><\/p><\/div><\/div><\/div><\/div>\t\t\t\t\t\t\t\t<\/div>\n\t\t\t\t<\/div>\n\t\t\t\t<\/div>\n\t\t\t\t<\/div>\n\t\t","protected":false},"excerpt":{"rendered":"<p>Noni Fruta Producto elaborado 100% del fruto de noni, Es un limpiador energ\u00e9tico perfecto, todo debido a sustancias como el limoneno, principio activo presente en un alto porcentaje de su tronco que pertenece a la familia de solventes o trementinas. Producto sujeto a clasificaci\u00f3n, limpieza, desinfecci\u00f3n, corte, secado y empaque para obtener un producto de [&hellip;]<\/p>\n","protected":false},"author":1,"featured_media":0,"parent":0,"menu_order":0,"comment_status":"closed","ping_status":"closed","template":"","meta":{"footnotes":""},"class_list":["post-800","page","type-page","status-publish","hentry"],"_links":{"self":[{"href":"https:\/\/heirsfood.com\/ES\/wp-json\/wp\/v2\/pages\/800","targetHints":{"allow":["GET"]}}],"collection":[{"href":"https:\/\/heirsfood.com\/ES\/wp-json\/wp\/v2\/pages"}],"about":[{"href":"https:\/\/heirsfood.com\/ES\/wp-json\/wp\/v2\/types\/page"}],"author":[{"embeddable":true,"href":"https:\/\/heirsfood.com\/ES\/wp-json\/wp\/v2\/users\/1"}],"replies":[{"embeddable":true,"href":"https:\/\/heirsfood.com\/ES\/wp-json\/wp\/v2\/comments?post=800"}],"version-history":[{"count":7,"href":"https:\/\/heirsfood.com\/ES\/wp-json\/wp\/v2\/pages\/800\/revisions"}],"predecessor-version":[{"id":1863,"href":"https:\/\/heirsfood.com\/ES\/wp-json\/wp\/v2\/pages\/800\/revisions\/1863"}],"wp:attachment":[{"href":"https:\/\/heirsfood.com\/ES\/wp-json\/wp\/v2\/media?parent=800"}],"curies":[{"name":"wp","href":"https:\/\/api.w.org\/{rel}","templated":true}]}}