{"id":762,"date":"2026-01-08T17:54:54","date_gmt":"2026-01-08T17:54:54","guid":{"rendered":"https:\/\/heirsfood.com\/ES\/?page_id=762"},"modified":"2026-02-21T16:43:22","modified_gmt":"2026-02-21T21:43:22","slug":"frejol-pallar-bebe","status":"publish","type":"page","link":"https:\/\/heirsfood.com\/ES\/frejol-pallar-bebe\/","title":{"rendered":"Frejol Pallar Bebe"},"content":{"rendered":"\t\t<div data-elementor-type=\"wp-page\" data-elementor-id=\"762\" class=\"elementor elementor-762\" data-elementor-post-type=\"page\">\n\t\t\t\t<div class=\"elementor-element elementor-element-569da05 e-con-full e-flex e-con e-parent\" data-id=\"569da05\" data-element_type=\"container\">\n\t\t<div class=\"elementor-element elementor-element-43f33fe4 e-con-full e-flex e-con e-child\" data-id=\"43f33fe4\" data-element_type=\"container\">\n\t\t\t\t<div class=\"elementor-element elementor-element-273e0360 elementor-widget elementor-widget-image\" data-id=\"273e0360\" data-element_type=\"widget\" data-widget_type=\"image.default\">\n\t\t\t\t\t\t\t\t\t\t\t\t\t\t\t<img fetchpriority=\"high\" decoding=\"async\" width=\"650\" height=\"601\" src=\"https:\/\/heirsfood.com\/ES\/wp-content\/uploads\/2026\/01\/pallar1.png\" class=\"attachment-large size-large wp-image-764\" alt=\"\" srcset=\"https:\/\/heirsfood.com\/ES\/wp-content\/uploads\/2026\/01\/pallar1.png 650w, https:\/\/heirsfood.com\/ES\/wp-content\/uploads\/2026\/01\/pallar1-300x277.png 300w\" sizes=\"(max-width: 650px) 100vw, 650px\" \/>\t\t\t\t\t\t\t\t\t\t\t\t\t\t\t<\/div>\n\t\t\t\t<\/div>\n\t\t<div class=\"elementor-element elementor-element-178bd783 e-con-full e-flex e-con e-child\" data-id=\"178bd783\" data-element_type=\"container\">\n\t\t<div class=\"elementor-element elementor-element-27e3e81b e-con-full e-flex e-con e-child\" data-id=\"27e3e81b\" data-element_type=\"container\">\n\t\t\t\t<div class=\"elementor-element elementor-element-3c76e6e8 elementor-widget elementor-widget-heading\" data-id=\"3c76e6e8\" data-element_type=\"widget\" data-widget_type=\"heading.default\">\n\t\t\t\t\t<h2 class=\"elementor-heading-title elementor-size-default\">Frejol Pallar Bebe\u200b<\/h2>\t\t\t\t<\/div>\n\t\t\t\t<div class=\"elementor-element elementor-element-51721194 elementor-widget elementor-widget-text-editor\" data-id=\"51721194\" data-element_type=\"widget\" data-widget_type=\"text-editor.default\">\n\t\t\t\t\t\t\t\t\t<div class=\"page\" title=\"Page 7\"><div class=\"section\"><div class=\"layoutArea\"><div class=\"column\"><p>Grano andino proveniente del sur peruano, caracter\u00edstico por su color blanco, cuenta con una gran demanda en el mercado internacional, es un producto de alta calidad procesado y empacado en planta industrial con certificaci\u00f3n HACCP, Kosher.<\/p><p>Nuestra qu\u00ednoa cumple con los est\u00e1ndares internacionales de calidad y seguridad alimentaria en todos sus procesos.<\/p><\/div><\/div><\/div><\/div>\t\t\t\t\t\t\t\t<\/div>\n\t\t\t\t<div class=\"elementor-element elementor-element-41d18e93 elementor-widget elementor-widget-text-editor\" data-id=\"41d18e93\" data-element_type=\"widget\" data-widget_type=\"text-editor.default\">\n\t\t\t\t\t\t\t\t\t<div class=\"page\" title=\"Page 7\"><div class=\"section\"><div class=\"layoutArea\"><div class=\"column\"><p>100% GRANOS SECOS<\/p><\/div><\/div><\/div><\/div>\t\t\t\t\t\t\t\t<\/div>\n\t\t\t\t<div class=\"elementor-element elementor-element-3c2b82c2 elementor-widget elementor-widget-text-editor\" data-id=\"3c2b82c2\" data-element_type=\"widget\" data-widget_type=\"text-editor.default\">\n\t\t\t\t\t\t\t\t\t<div class=\"page\" title=\"Page 7\"><div class=\"section\"><div class=\"layoutArea\"><div class=\"column\"><p>DISPONIBILIDAD<\/p><\/div><\/div><\/div><\/div>\t\t\t\t\t\t\t\t<\/div>\n\t\t\t\t<div class=\"elementor-element elementor-element-3c71c799 elementor-widget elementor-widget-text-editor\" data-id=\"3c71c799\" data-element_type=\"widget\" data-widget_type=\"text-editor.default\">\n\t\t\t\t\t\t\t\t\t<div class=\"page\" title=\"Page 7\"><div class=\"section\"><div class=\"layoutArea\"><div class=\"column\"><p>A LO LARGO DEL A\u00d1O<\/p><\/div><\/div><\/div><\/div>\t\t\t\t\t\t\t\t<\/div>\n\t\t\t\t<div class=\"elementor-element elementor-element-59fe4cae elementor-align-left elementor-mobile-align-left elementor-widget elementor-widget-button\" data-id=\"59fe4cae\" data-element_type=\"widget\" data-widget_type=\"button.default\">\n\t\t\t\t\t\t\t\t\t\t<a class=\"elementor-button elementor-button-link elementor-size-sm elementor-animation-shrink\" href=\"https:\/\/heirsfood.com\/ES\/contacto\/\">\n\t\t\t\t\t\t<span class=\"elementor-button-content-wrapper\">\n\t\t\t\t\t\t\t\t\t<span class=\"elementor-button-text\">CONT\u00c1CTANOS<\/span>\n\t\t\t\t\t<\/span>\n\t\t\t\t\t<\/a>\n\t\t\t\t\t\t\t\t<\/div>\n\t\t\t\t<\/div>\n\t\t\t\t<\/div>\n\t\t\t\t<\/div>\n\t\t<div class=\"elementor-element elementor-element-8f799a5 e-con-full e-flex e-con e-parent\" data-id=\"8f799a5\" data-element_type=\"container\" data-settings=\"{&quot;background_background&quot;:&quot;classic&quot;}\">\n\t\t<div class=\"elementor-element elementor-element-7d0e2568 e-con-full e-flex e-con e-child\" data-id=\"7d0e2568\" data-element_type=\"container\">\n\t\t<div class=\"elementor-element elementor-element-2c5509b0 e-con-full e-flex e-con e-child\" data-id=\"2c5509b0\" data-element_type=\"container\">\n\t\t\t\t<div class=\"elementor-element elementor-element-2a163fb1 elementor-widget elementor-widget-text-editor\" data-id=\"2a163fb1\" data-element_type=\"widget\" data-widget_type=\"text-editor.default\">\n\t\t\t\t\t\t\t\t\t<div class=\"page\" title=\"Page 7\"><div class=\"section\"><div class=\"layoutArea\"><div class=\"column\"><p>PRESENTACI\u00d3N<\/p><\/div><\/div><\/div><\/div>\t\t\t\t\t\t\t\t<\/div>\n\t\t\t\t<div class=\"elementor-element elementor-element-47b952b7 elementor-widget elementor-widget-text-editor\" data-id=\"47b952b7\" data-element_type=\"widget\" data-widget_type=\"text-editor.default\">\n\t\t\t\t\t\t\t\t\t<p>Granos secos seleccionados, calibres: 240\/260 granos en 100 gramos.<\/p>\t\t\t\t\t\t\t\t<\/div>\n\t\t\t\t<div class=\"elementor-element elementor-element-3b73c57b elementor-widget elementor-widget-text-editor\" data-id=\"3b73c57b\" data-element_type=\"widget\" data-widget_type=\"text-editor.default\">\n\t\t\t\t\t\t\t\t\t<p>Libre de materias extra\u00f1as<em>.<\/em><\/p>\t\t\t\t\t\t\t\t<\/div>\n\t\t\t\t<\/div>\n\t\t\t\t<\/div>\n\t\t<div class=\"elementor-element elementor-element-4d578c0c e-con-full e-flex e-con e-child\" data-id=\"4d578c0c\" data-element_type=\"container\">\n\t\t\t\t<div class=\"elementor-element elementor-element-2ed6a3d3 elementor-widget elementor-widget-image\" data-id=\"2ed6a3d3\" data-element_type=\"widget\" data-widget_type=\"image.default\">\n\t\t\t\t\t\t\t\t\t\t\t\t\t\t\t<img decoding=\"async\" src=\"https:\/\/heirsfood.com\/ES\/wp-content\/uploads\/2026\/01\/pallar-2.png\" title=\"pallar 2\" alt=\"pallar 2\" loading=\"lazy\" \/>\t\t\t\t\t\t\t\t\t\t\t\t\t\t\t<\/div>\n\t\t\t\t<\/div>\n\t\t\t\t<\/div>\n\t\t<div class=\"elementor-element elementor-element-70c337a2 e-con-full e-flex e-con e-parent\" data-id=\"70c337a2\" data-element_type=\"container\">\n\t\t<div class=\"elementor-element elementor-element-36e8cc0c e-con-full e-flex e-con e-child\" data-id=\"36e8cc0c\" data-element_type=\"container\">\n\t\t\t\t<div class=\"elementor-element elementor-element-69cfecf8 elementor-widget elementor-widget-text-editor\" data-id=\"69cfecf8\" data-element_type=\"widget\" data-widget_type=\"text-editor.default\">\n\t\t\t\t\t\t\t\t\t<div class=\"page\" title=\"Page 7\"><div class=\"section\"><div class=\"layoutArea\"><div class=\"column\"><p>EMPAQUE<\/p><\/div><\/div><\/div><\/div>\t\t\t\t\t\t\t\t<\/div>\n\t\t\t\t<div class=\"elementor-element elementor-element-51ee155f elementor-widget elementor-widget-text-editor\" data-id=\"51ee155f\" data-element_type=\"widget\" data-widget_type=\"text-editor.default\">\n\t\t\t\t\t\t\t\t\t<div class=\"page\" title=\"Page 7\"><div class=\"section\"><div class=\"layoutArea\"><div class=\"column\"><div class=\"section\"><div class=\"layoutArea\"><div class=\"column\"><p>Sacos de polipropileno o sacos de papel kraft reforzado 25-50 kg \/ 50 \u2013 100 lb.<\/p><\/div><\/div><\/div><p><em>O de acuerdo a solicitud del cliente. Ofrecemos producto empacado con marca privada.<\/em><\/p><\/div><\/div><\/div><\/div>\t\t\t\t\t\t\t\t<\/div>\n\t\t\t\t<\/div>\n\t\t<div class=\"elementor-element elementor-element-63c8a239 e-con-full e-flex e-con e-child\" data-id=\"63c8a239\" data-element_type=\"container\">\n\t\t\t\t<div class=\"elementor-element elementor-element-60aae9b1 elementor-widget elementor-widget-text-editor\" data-id=\"60aae9b1\" data-element_type=\"widget\" data-widget_type=\"text-editor.default\">\n\t\t\t\t\t\t\t\t\t<div class=\"page\" title=\"Page 7\"><div class=\"section\"><div class=\"layoutArea\"><div class=\"column\"><p>TIPO DE CONTENEDOR Y CAPACIDAD<\/p><\/div><\/div><\/div><\/div>\t\t\t\t\t\t\t\t<\/div>\n\t\t\t\t<div class=\"elementor-element elementor-element-7ed46cf4 elementor-widget elementor-widget-text-editor\" data-id=\"7ed46cf4\" data-element_type=\"widget\" data-widget_type=\"text-editor.default\">\n\t\t\t\t\t\t\t\t\t<div class=\"page\" title=\"Page 7\"><div class=\"section\"><div class=\"layoutArea\"><div class=\"column\"><div class=\"section\"><div class=\"layoutArea\"><div class=\"column\"><p>El producto se despacha en contenedores aptos para carga seca de alimentos de 20\u2032 \u2013 40\u2032 Dry FCL.<\/p><p>20\u2032: 20,000- 23,000 Kg y<\/p><p>40\u2032: 25,000 Kg<\/p><\/div><\/div><\/div><p><em>Carga al suelo sin pallets.<br \/>Si la carga va paletizado las cantidades var\u00edan.<\/em><\/p><\/div><\/div><\/div><\/div>\t\t\t\t\t\t\t\t<\/div>\n\t\t\t\t<\/div>\n\t\t\t\t<\/div>\n\t\t<div class=\"elementor-element elementor-element-6681745 e-con-full e-flex e-con e-parent\" data-id=\"6681745\" data-element_type=\"container\">\n\t\t\t\t<div class=\"elementor-element elementor-element-545f861 elementor-widget elementor-widget-text-editor\" data-id=\"545f861\" data-element_type=\"widget\" data-widget_type=\"text-editor.default\">\n\t\t\t\t\t\t\t\t\tProducto acorde a las regulaciones internacionales de seguridad alimentaria.\t\t\t\t\t\t\t\t<\/div>\n\t\t\t\t<\/div>\n\t\t\t\t<\/div>\n\t\t","protected":false},"excerpt":{"rendered":"<p>Frejol Pallar Bebe\u200b Grano andino proveniente del sur peruano, caracter\u00edstico por su color blanco, cuenta con una gran demanda en el mercado internacional, es un producto de alta calidad procesado y empacado en planta industrial con certificaci\u00f3n HACCP, Kosher. Nuestra qu\u00ednoa cumple con los est\u00e1ndares internacionales de calidad y seguridad alimentaria en todos sus procesos. [&hellip;]<\/p>\n","protected":false},"author":1,"featured_media":0,"parent":0,"menu_order":0,"comment_status":"closed","ping_status":"closed","template":"","meta":{"footnotes":""},"class_list":["post-762","page","type-page","status-publish","hentry"],"_links":{"self":[{"href":"https:\/\/heirsfood.com\/ES\/wp-json\/wp\/v2\/pages\/762","targetHints":{"allow":["GET"]}}],"collection":[{"href":"https:\/\/heirsfood.com\/ES\/wp-json\/wp\/v2\/pages"}],"about":[{"href":"https:\/\/heirsfood.com\/ES\/wp-json\/wp\/v2\/types\/page"}],"author":[{"embeddable":true,"href":"https:\/\/heirsfood.com\/ES\/wp-json\/wp\/v2\/users\/1"}],"replies":[{"embeddable":true,"href":"https:\/\/heirsfood.com\/ES\/wp-json\/wp\/v2\/comments?post=762"}],"version-history":[{"count":10,"href":"https:\/\/heirsfood.com\/ES\/wp-json\/wp\/v2\/pages\/762\/revisions"}],"predecessor-version":[{"id":1847,"href":"https:\/\/heirsfood.com\/ES\/wp-json\/wp\/v2\/pages\/762\/revisions\/1847"}],"wp:attachment":[{"href":"https:\/\/heirsfood.com\/ES\/wp-json\/wp\/v2\/media?parent=762"}],"curies":[{"name":"wp","href":"https:\/\/api.w.org\/{rel}","templated":true}]}}