{"id":406,"date":"2025-12-30T23:12:16","date_gmt":"2025-12-30T23:12:16","guid":{"rendered":"https:\/\/heirsfood.com\/ES\/?page_id=406"},"modified":"2026-03-11T12:50:47","modified_gmt":"2026-03-11T17:50:47","slug":"politica-de-calidad","status":"publish","type":"page","link":"https:\/\/heirsfood.com\/ES\/politica-de-calidad\/","title":{"rendered":"Pol\u00edtica de calidad"},"content":{"rendered":"\t\t<div data-elementor-type=\"wp-page\" data-elementor-id=\"406\" class=\"elementor elementor-406\" data-elementor-post-type=\"page\">\n\t\t\t\t<div class=\"elementor-element elementor-element-cb42f50 e-con-full e-flex e-con e-parent\" data-id=\"cb42f50\" data-element_type=\"container\">\n\t\t<div class=\"elementor-element elementor-element-26d13b2 e-con-full e-flex e-con e-child\" data-id=\"26d13b2\" data-element_type=\"container\">\n\t\t<div class=\"elementor-element elementor-element-e4c5425 e-con-full e-flex e-con e-child\" data-id=\"e4c5425\" data-element_type=\"container\">\n\t\t\t\t<div class=\"elementor-element elementor-element-b84ed6f elementor-widget elementor-widget-heading\" data-id=\"b84ed6f\" data-element_type=\"widget\" data-widget_type=\"heading.default\">\n\t\t\t\t\t<h2 class=\"elementor-heading-title elementor-size-default\">POL\u00cdTICA DE CALIDAD<\/h2>\t\t\t\t<\/div>\n\t\t\t\t<div class=\"elementor-element elementor-element-660cfaa elementor-widget elementor-widget-text-editor\" data-id=\"660cfaa\" data-element_type=\"widget\" data-widget_type=\"text-editor.default\">\n\t\t\t\t\t\t\t\t\t<div class=\"page\" title=\"Page 7\"><div class=\"section\"><div class=\"layoutArea\"><div class=\"column\"><p>Heirs Food\u00ae mantiene una pol\u00edtica responsable en proveer productos estrictamente controlados en todos sus procesos, debidamente certificados y sus caracter\u00edsticas avaladas con an\u00e1lisis de calidad realizados por laboratorios acreditados.<\/p><p>Nuestros proveedores y productores est\u00e1n ubicados en distintas zonas del Per\u00fa y Ecuador, cada uno ellos rigen su producci\u00f3n en base a buenas pr\u00e1cticas de manufactura, controles HACCP en sus procesos, certificaciones internacionales.<\/p><\/div><\/div><\/div><\/div>\t\t\t\t\t\t\t\t<\/div>\n\t\t\t\t<div class=\"elementor-element elementor-element-8bc5500 elementor-align-left elementor-mobile-align-center elementor-widget elementor-widget-button\" data-id=\"8bc5500\" data-element_type=\"widget\" data-widget_type=\"button.default\">\n\t\t\t\t\t\t\t\t\t\t<a class=\"elementor-button elementor-button-link elementor-size-sm elementor-animation-shrink\" href=\"https:\/\/heirsfood.com\/ES\/contacto\/\">\n\t\t\t\t\t\t<span class=\"elementor-button-content-wrapper\">\n\t\t\t\t\t\t\t\t\t<span class=\"elementor-button-text\">CONT\u00c1CTANOS<\/span>\n\t\t\t\t\t<\/span>\n\t\t\t\t\t<\/a>\n\t\t\t\t\t\t\t\t<\/div>\n\t\t\t\t<\/div>\n\t\t\t\t<\/div>\n\t\t\t\t<\/div>\n\t\t<div class=\"elementor-element elementor-element-7ca4a00 e-con-full e-flex e-con e-parent\" data-id=\"7ca4a00\" data-element_type=\"container\">\n\t\t\t\t<div class=\"elementor-element elementor-element-64012cb elementor-widget elementor-widget-text-editor\" data-id=\"64012cb\" data-element_type=\"widget\" data-widget_type=\"text-editor.default\">\n\t\t\t\t\t\t\t\t\t<div class=\"page\" title=\"Page 7\"><div class=\"section\"><div class=\"layoutArea\"><div class=\"column\"><p>Velamos por que se cumplan con las condiciones acordadas con el cliente para el producto requerido:<\/p><\/div><\/div><\/div><\/div>\t\t\t\t\t\t\t\t<\/div>\n\t\t\t\t<\/div>\n\t\t<div class=\"elementor-element elementor-element-5102763 e-con-full e-flex e-con e-parent\" data-id=\"5102763\" data-element_type=\"container\" data-settings=\"{&quot;background_background&quot;:&quot;classic&quot;}\">\n\t\t<div class=\"elementor-element elementor-element-23712b2 e-con-full e-flex e-con e-child\" data-id=\"23712b2\" data-element_type=\"container\">\n\t\t<div class=\"elementor-element elementor-element-ce51870 e-con-full e-flex e-con e-child\" data-id=\"ce51870\" data-element_type=\"container\">\n\t\t\t\t<div class=\"elementor-element elementor-element-a49c0d1 elementor-widget elementor-widget-text-editor\" data-id=\"a49c0d1\" data-element_type=\"widget\" data-widget_type=\"text-editor.default\">\n\t\t\t\t\t\t\t\t\t<ol><li>Caracter\u00edsticas del producto seg\u00fan regulaciones internacionales.<\/li><\/ol>\t\t\t\t\t\t\t\t<\/div>\n\t\t\t\t<div class=\"elementor-element elementor-element-d009956 elementor-widget elementor-widget-text-editor\" data-id=\"d009956\" data-element_type=\"widget\" data-widget_type=\"text-editor.default\">\n\t\t\t\t\t\t\t\t\t<p>\u00a0 2. Controles de calidad con visitas peri\u00f3dicas a plantas de proceso.<\/p>\t\t\t\t\t\t\t\t<\/div>\n\t\t\t\t<div class=\"elementor-element elementor-element-c26501f elementor-widget elementor-widget-text-editor\" data-id=\"c26501f\" data-element_type=\"widget\" data-widget_type=\"text-editor.default\">\n\t\t\t\t\t\t\t\t\t<p>\u00a0 3. Continuidad en calidad de productos.<\/p>\t\t\t\t\t\t\t\t<\/div>\n\t\t\t\t<div class=\"elementor-element elementor-element-8ce1adb elementor-widget elementor-widget-text-editor\" data-id=\"8ce1adb\" data-element_type=\"widget\" data-widget_type=\"text-editor.default\">\n\t\t\t\t\t\t\t\t\t<p>\u00a0 4.Capacidad de respuesta en cantidades requeridas.<\/p>\t\t\t\t\t\t\t\t<\/div>\n\t\t\t\t<div class=\"elementor-element elementor-element-33116c4 elementor-widget elementor-widget-text-editor\" data-id=\"33116c4\" data-element_type=\"widget\" data-widget_type=\"text-editor.default\">\n\t\t\t\t\t\t\t\t\t<p>\u00a0 5. Eficiencia en entrega del producto en plazos acordados.<\/p>\t\t\t\t\t\t\t\t<\/div>\n\t\t\t\t<div class=\"elementor-element elementor-element-6210e77 elementor-widget elementor-widget-text-editor\" data-id=\"6210e77\" data-element_type=\"widget\" data-widget_type=\"text-editor.default\">\n\t\t\t\t\t\t\t\t\t<p>\u00a0 6. Garant\u00eda de producto con calidad certificada.<\/p>\t\t\t\t\t\t\t\t<\/div>\n\t\t\t\t<\/div>\n\t\t\t\t<\/div>\n\t\t\t\t<\/div>\n\t\t\t\t<\/div>\n\t\t","protected":false},"excerpt":{"rendered":"<p>POL\u00cdTICA DE CALIDAD Heirs Food\u00ae mantiene una pol\u00edtica responsable en proveer productos estrictamente controlados en todos sus procesos, debidamente certificados y sus caracter\u00edsticas avaladas con an\u00e1lisis de calidad realizados por laboratorios acreditados. Nuestros proveedores y productores est\u00e1n ubicados en distintas zonas del Per\u00fa y Ecuador, cada uno ellos rigen su producci\u00f3n en base a buenas [&hellip;]<\/p>\n","protected":false},"author":1,"featured_media":0,"parent":0,"menu_order":0,"comment_status":"closed","ping_status":"closed","template":"","meta":{"footnotes":""},"class_list":["post-406","page","type-page","status-publish","hentry"],"_links":{"self":[{"href":"https:\/\/heirsfood.com\/ES\/wp-json\/wp\/v2\/pages\/406","targetHints":{"allow":["GET"]}}],"collection":[{"href":"https:\/\/heirsfood.com\/ES\/wp-json\/wp\/v2\/pages"}],"about":[{"href":"https:\/\/heirsfood.com\/ES\/wp-json\/wp\/v2\/types\/page"}],"author":[{"embeddable":true,"href":"https:\/\/heirsfood.com\/ES\/wp-json\/wp\/v2\/users\/1"}],"replies":[{"embeddable":true,"href":"https:\/\/heirsfood.com\/ES\/wp-json\/wp\/v2\/comments?post=406"}],"version-history":[{"count":19,"href":"https:\/\/heirsfood.com\/ES\/wp-json\/wp\/v2\/pages\/406\/revisions"}],"predecessor-version":[{"id":2403,"href":"https:\/\/heirsfood.com\/ES\/wp-json\/wp\/v2\/pages\/406\/revisions\/2403"}],"wp:attachment":[{"href":"https:\/\/heirsfood.com\/ES\/wp-json\/wp\/v2\/media?parent=406"}],"curies":[{"name":"wp","href":"https:\/\/api.w.org\/{rel}","templated":true}]}}