{"id":350,"date":"2025-12-29T15:42:58","date_gmt":"2025-12-29T15:42:58","guid":{"rendered":"https:\/\/heirsfood.com\/ES\/?page_id=350"},"modified":"2026-03-16T12:59:42","modified_gmt":"2026-03-16T17:59:42","slug":"nuestra-empresa","status":"publish","type":"page","link":"https:\/\/heirsfood.com\/ES\/nuestra-empresa\/","title":{"rendered":"Nuestra Empresa"},"content":{"rendered":"\t\t<div data-elementor-type=\"wp-page\" data-elementor-id=\"350\" class=\"elementor elementor-350\" data-elementor-post-type=\"page\">\n\t\t\t\t<div class=\"elementor-element elementor-element-0db7922 e-con-full e-flex e-con e-parent\" data-id=\"0db7922\" data-element_type=\"container\" data-settings=\"{&quot;background_background&quot;:&quot;classic&quot;}\">\n\t\t<div class=\"elementor-element elementor-element-948e55d e-con-full e-flex e-con e-child\" data-id=\"948e55d\" data-element_type=\"container\">\n\t\t\t\t<div class=\"elementor-element elementor-element-913d8c0 elementor-invisible elementor-widget elementor-widget-heading\" data-id=\"913d8c0\" data-element_type=\"widget\" data-settings=\"{&quot;_animation&quot;:&quot;fadeIn&quot;}\" data-widget_type=\"heading.default\">\n\t\t\t\t\t<h2 class=\"elementor-heading-title elementor-size-default\">Nuestra Empresa<\/h2>\t\t\t\t<\/div>\n\t\t\t\t<div class=\"elementor-element elementor-element-9ff35d3 elementor-widget__width-initial elementor-widget-mobile__width-initial elementor-widget elementor-widget-text-editor\" data-id=\"9ff35d3\" data-element_type=\"widget\" data-widget_type=\"text-editor.default\">\n\t\t\t\t\t\t\t\t\t<div class=\"page\" title=\"Page 7\"><div class=\"section\"><div class=\"layoutArea\"><div class=\"column\"><p>Heirs Food\u00ae comercializa alimentos andinos de alta calidad para la industria y el canal retail, conectando origen, trazabilidad y valor agregado.<\/p><p>Ofrecemos alimentos de alta calidad en formatos a granel y presentaciones listas para percha, con enfoque en rotaci\u00f3n y rentabilidad<\/p><\/div><\/div><\/div><\/div>\t\t\t\t\t\t\t\t<\/div>\n\t\t\t\t<div class=\"elementor-element elementor-element-eb1e595 elementor-align-left elementor-widget elementor-widget-button\" data-id=\"eb1e595\" data-element_type=\"widget\" data-widget_type=\"button.default\">\n\t\t\t\t\t\t\t\t\t\t<a class=\"elementor-button elementor-button-link elementor-size-sm elementor-animation-shrink\" href=\"https:\/\/heirsfood.com\/ES\/contacto\/\">\n\t\t\t\t\t\t<span class=\"elementor-button-content-wrapper\">\n\t\t\t\t\t\t\t\t\t<span class=\"elementor-button-text\">CONT\u00c1CTANOS<\/span>\n\t\t\t\t\t<\/span>\n\t\t\t\t\t<\/a>\n\t\t\t\t\t\t\t\t<\/div>\n\t\t\t\t<\/div>\n\t\t<div class=\"elementor-element elementor-element-dfbebc8 e-con-full e-flex e-con e-child\" data-id=\"dfbebc8\" data-element_type=\"container\" data-settings=\"{&quot;background_background&quot;:&quot;classic&quot;}\">\n\t\t\t\t<div class=\"elementor-element elementor-element-eeb8954 elementor-widget elementor-widget-spacer\" data-id=\"eeb8954\" data-element_type=\"widget\" data-widget_type=\"spacer.default\">\n\t\t\t\t\t\t\t<div class=\"elementor-spacer\">\n\t\t\t<div class=\"elementor-spacer-inner\"><\/div>\n\t\t<\/div>\n\t\t\t\t\t\t<\/div>\n\t\t\t\t<\/div>\n\t\t\t\t<\/div>\n\t\t<div class=\"elementor-element elementor-element-25cdb5d e-con-full e-flex e-con e-parent\" data-id=\"25cdb5d\" data-element_type=\"container\" data-settings=\"{&quot;background_background&quot;:&quot;classic&quot;}\">\n\t\t<div class=\"elementor-element elementor-element-e58b834 e-con-full e-flex e-con e-child\" data-id=\"e58b834\" data-element_type=\"container\" data-settings=\"{&quot;background_background&quot;:&quot;classic&quot;}\">\n\t\t\t\t<div class=\"elementor-element elementor-element-5e850f7 elementor-invisible elementor-widget elementor-widget-heading\" data-id=\"5e850f7\" data-element_type=\"widget\" data-settings=\"{&quot;_animation&quot;:&quot;fadeIn&quot;}\" data-widget_type=\"heading.default\">\n\t\t\t\t\t<h2 class=\"elementor-heading-title elementor-size-default\">NUESTRA MISI\u00d3N<\/h2>\t\t\t\t<\/div>\n\t\t\t\t<div class=\"elementor-element elementor-element-4eb8d36 elementor-widget__width-initial elementor-widget-mobile__width-initial elementor-widget elementor-widget-text-editor\" data-id=\"4eb8d36\" data-element_type=\"widget\" data-widget_type=\"text-editor.default\">\n\t\t\t\t\t\t\t\t\t<div class=\"page\" title=\"Page 7\"><div class=\"section\"><div class=\"layoutArea\"><div class=\"column\"><p>Es proporcionar alimentos de nuestra regi\u00f3n previamente evaluados y clasificados que nos permitan acceder a grandes clientes, creando confianza en la calidad de nuestros productos y en la intermediaci\u00f3n responsable de nuestra empresa.<\/p><\/div><\/div><\/div><\/div>\t\t\t\t\t\t\t\t<\/div>\n\t\t\t\t<\/div>\n\t\t<div class=\"elementor-element elementor-element-8f067f1 e-con-full e-flex e-con e-child\" data-id=\"8f067f1\" data-element_type=\"container\" data-settings=\"{&quot;background_background&quot;:&quot;classic&quot;}\">\n\t\t\t\t<div class=\"elementor-element elementor-element-c68b2b2 elementor-invisible elementor-widget elementor-widget-heading\" data-id=\"c68b2b2\" data-element_type=\"widget\" data-settings=\"{&quot;_animation&quot;:&quot;fadeIn&quot;}\" data-widget_type=\"heading.default\">\n\t\t\t\t\t<h2 class=\"elementor-heading-title elementor-size-default\">COMPROMISO<\/h2>\t\t\t\t<\/div>\n\t\t\t\t<div class=\"elementor-element elementor-element-1b9964c elementor-widget__width-initial elementor-widget-mobile__width-initial elementor-widget elementor-widget-text-editor\" data-id=\"1b9964c\" data-element_type=\"widget\" data-widget_type=\"text-editor.default\">\n\t\t\t\t\t\t\t\t\t<div class=\"page\" title=\"Page 7\"><div class=\"section\"><div class=\"layoutArea\"><div class=\"column\"><p>Heirs food\u00ae genera una estrecha relaci\u00f3n comercial con cada cliente y proveedor, lo que nos permite garantizar un suministro eficiente de productos en l\u00ednea con la demanda del mercado.<\/p><\/div><\/div><\/div><\/div>\t\t\t\t\t\t\t\t<\/div>\n\t\t\t\t<\/div>\n\t\t\t\t<\/div>\n\t\t<div class=\"elementor-element elementor-element-7624509 e-con-full e-flex e-con e-parent\" data-id=\"7624509\" data-element_type=\"container\">\n\t\t<div class=\"elementor-element elementor-element-0fd1ac8 e-con-full e-flex e-con e-child\" data-id=\"0fd1ac8\" data-element_type=\"container\">\n\t\t\t\t<div class=\"elementor-element elementor-element-a73551b elementor-invisible elementor-widget elementor-widget-heading\" data-id=\"a73551b\" data-element_type=\"widget\" data-settings=\"{&quot;_animation&quot;:&quot;fadeIn&quot;}\" data-widget_type=\"heading.default\">\n\t\t\t\t\t<h2 class=\"elementor-heading-title elementor-size-default\">Propuesta Corporativa<\/h2>\t\t\t\t<\/div>\n\t\t\t\t<div class=\"elementor-element elementor-element-3bf4572 elementor-widget__width-initial elementor-widget-tablet__width-initial elementor-widget elementor-widget-text-editor\" data-id=\"3bf4572\" data-element_type=\"widget\" data-widget_type=\"text-editor.default\">\n\t\t\t\t\t\t\t\t\t<div class=\"page\" title=\"Page 7\"><div class=\"section\"><div class=\"layoutArea\"><div class=\"column\">Heirs Food\u00ae presenta una propuesta corporativa integral y confiable para el abastecimiento de alimentos Premium, orientada a la industria y al canal retail. Integramos origen, trazabilidad y capacidad operativa para garantizar suministro continuo, con est\u00e1ndares internacionales de calidad e inocuidad.<\/div><\/div><\/div><\/div>\t\t\t\t\t\t\t\t<\/div>\n\t\t\t\t<div class=\"elementor-element elementor-element-0c46e5c elementor-widget-tablet__width-initial elementor-widget elementor-widget-text-editor\" data-id=\"0c46e5c\" data-element_type=\"widget\" data-widget_type=\"text-editor.default\">\n\t\t\t\t\t\t\t\t\t<p>Actuamos como socio estrat\u00e9gico de nuestros clientes, desarrollando soluciones a medida en formatos a granel y presentaciones listas para percha que optimizan rotaci\u00f3n, ticket promedio y rentabilidad en g\u00f3ndola.<\/p>\t\t\t\t\t\t\t\t<\/div>\n\t\t\t\t<div class=\"elementor-element elementor-element-a4e5907 elementor-align-left elementor-widget elementor-widget-button\" data-id=\"a4e5907\" data-element_type=\"widget\" data-widget_type=\"button.default\">\n\t\t\t\t\t\t\t\t\t\t<a class=\"elementor-button elementor-button-link elementor-size-sm elementor-animation-shrink\" href=\"https:\/\/heirsfood.com\/ES\/contacto\/\">\n\t\t\t\t\t\t<span class=\"elementor-button-content-wrapper\">\n\t\t\t\t\t\t\t\t\t<span class=\"elementor-button-text\">CONT\u00c1CTANOS<\/span>\n\t\t\t\t\t<\/span>\n\t\t\t\t\t<\/a>\n\t\t\t\t\t\t\t\t<\/div>\n\t\t\t\t<\/div>\n\t\t<div class=\"elementor-element elementor-element-747561d e-con-full e-flex e-con e-child\" data-id=\"747561d\" data-element_type=\"container\" data-settings=\"{&quot;background_background&quot;:&quot;classic&quot;}\">\n\t\t\t\t<div class=\"elementor-element elementor-element-059f9a8 elementor-widget elementor-widget-spacer\" data-id=\"059f9a8\" data-element_type=\"widget\" data-widget_type=\"spacer.default\">\n\t\t\t\t\t\t\t<div class=\"elementor-spacer\">\n\t\t\t<div class=\"elementor-spacer-inner\"><\/div>\n\t\t<\/div>\n\t\t\t\t\t\t<\/div>\n\t\t\t\t<\/div>\n\t\t\t\t<\/div>\n\t\t<div class=\"elementor-element elementor-element-5518149 e-con-full e-flex e-con e-parent\" data-id=\"5518149\" data-element_type=\"container\" data-settings=\"{&quot;background_background&quot;:&quot;classic&quot;}\">\n\t\t<div class=\"elementor-element elementor-element-b506976 e-con-full e-flex e-con e-child\" data-id=\"b506976\" data-element_type=\"container\" data-settings=\"{&quot;background_background&quot;:&quot;classic&quot;}\">\n\t\t\t\t<div class=\"elementor-element elementor-element-428d93c elementor-widget__width-initial elementor-widget-mobile__width-initial elementor-widget elementor-widget-text-editor\" data-id=\"428d93c\" data-element_type=\"widget\" data-widget_type=\"text-editor.default\">\n\t\t\t\t\t\t\t\t\t<div class=\"page\" title=\"Page 7\"><div class=\"section\"><div class=\"layoutArea\"><div class=\"column\"><p>Nuestra gesti\u00f3n se basa en cumplimiento normativo, precios competitivos, log\u00edstica eficiente y acompa\u00f1amiento comercial permanente, asegurando crecimiento sostenido, posicionamiento de marca y relaciones de largo plazo en mercados locales e internacionales.<\/p><\/div><\/div><\/div><\/div>\t\t\t\t\t\t\t\t<\/div>\n\t\t\t\t<\/div>\n\t\t<div class=\"elementor-element elementor-element-dcdc331 e-con-full e-flex e-con e-child\" data-id=\"dcdc331\" data-element_type=\"container\" data-settings=\"{&quot;background_background&quot;:&quot;classic&quot;}\">\n\t\t\t\t<div class=\"elementor-element elementor-element-3b62dfe elementor-widget__width-initial elementor-widget-mobile__width-initial elementor-widget elementor-widget-text-editor\" data-id=\"3b62dfe\" data-element_type=\"widget\" data-widget_type=\"text-editor.default\">\n\t\t\t\t\t\t\t\t\t<div class=\"page\" title=\"Page 7\"><div class=\"section\"><div class=\"layoutArea\"><div class=\"column\"><p>En Heirs Food no solo proveemos productos; construimos relaciones comerciales confiables que impulsan el crecimiento de nuestros clientes y fortalecen su propuesta de valor frente al consumidor final.<\/p><\/div><\/div><\/div><\/div>\t\t\t\t\t\t\t\t<\/div>\n\t\t\t\t<\/div>\n\t\t\t\t<\/div>\n\t\t<div class=\"elementor-element elementor-element-1bb7218 e-con-full e-flex e-con e-parent\" data-id=\"1bb7218\" data-element_type=\"container\" data-settings=\"{&quot;background_background&quot;:&quot;classic&quot;}\">\n\t\t<div class=\"elementor-element elementor-element-dc57ee0 e-con-full e-flex e-con e-child\" data-id=\"dc57ee0\" data-element_type=\"container\">\n\t\t\t\t<div class=\"elementor-element elementor-element-d5bdfa2 elementor-invisible elementor-widget elementor-widget-heading\" data-id=\"d5bdfa2\" data-element_type=\"widget\" data-settings=\"{&quot;_animation&quot;:&quot;slideInLeft&quot;}\" data-widget_type=\"heading.default\">\n\t\t\t\t\t<h2 class=\"elementor-heading-title elementor-size-default\"><a href=\"https:\/\/heirsfood.com\/ES\/heirsfood-retail\/?preview_id=513&#038;preview_nonce=4f8a20d440&#038;preview=true\">Conoce m\u00e1s sobre Heirs Food Retail<\/a><\/h2>\t\t\t\t<\/div>\n\t\t\t\t<\/div>\n\t\t\t\t<\/div>\n\t\t\t\t<\/div>\n\t\t","protected":false},"excerpt":{"rendered":"<p>Nuestra Empresa Heirs Food\u00ae comercializa alimentos andinos de alta calidad para la industria y el canal retail, conectando origen, trazabilidad y valor agregado. Ofrecemos alimentos de alta calidad en formatos a granel y presentaciones listas para percha, con enfoque en rotaci\u00f3n y rentabilidad CONT\u00c1CTANOS NUESTRA MISI\u00d3N Es proporcionar alimentos de nuestra regi\u00f3n previamente evaluados y [&hellip;]<\/p>\n","protected":false},"author":1,"featured_media":0,"parent":0,"menu_order":0,"comment_status":"closed","ping_status":"closed","template":"","meta":{"footnotes":""},"class_list":["post-350","page","type-page","status-publish","hentry"],"_links":{"self":[{"href":"https:\/\/heirsfood.com\/ES\/wp-json\/wp\/v2\/pages\/350","targetHints":{"allow":["GET"]}}],"collection":[{"href":"https:\/\/heirsfood.com\/ES\/wp-json\/wp\/v2\/pages"}],"about":[{"href":"https:\/\/heirsfood.com\/ES\/wp-json\/wp\/v2\/types\/page"}],"author":[{"embeddable":true,"href":"https:\/\/heirsfood.com\/ES\/wp-json\/wp\/v2\/users\/1"}],"replies":[{"embeddable":true,"href":"https:\/\/heirsfood.com\/ES\/wp-json\/wp\/v2\/comments?post=350"}],"version-history":[{"count":68,"href":"https:\/\/heirsfood.com\/ES\/wp-json\/wp\/v2\/pages\/350\/revisions"}],"predecessor-version":[{"id":2584,"href":"https:\/\/heirsfood.com\/ES\/wp-json\/wp\/v2\/pages\/350\/revisions\/2584"}],"wp:attachment":[{"href":"https:\/\/heirsfood.com\/ES\/wp-json\/wp\/v2\/media?parent=350"}],"curies":[{"name":"wp","href":"https:\/\/api.w.org\/{rel}","templated":true}]}}