{"id":2347,"date":"2026-03-11T11:17:03","date_gmt":"2026-03-11T16:17:03","guid":{"rendered":"https:\/\/heirsfood.com\/ES\/?page_id=2347"},"modified":"2026-03-14T14:45:59","modified_gmt":"2026-03-14T19:45:59","slug":"ecuador","status":"publish","type":"page","link":"https:\/\/heirsfood.com\/ES\/ecuador\/","title":{"rendered":"Ecuador"},"content":{"rendered":"\t\t<div data-elementor-type=\"wp-page\" data-elementor-id=\"2347\" class=\"elementor elementor-2347\" data-elementor-post-type=\"page\">\n\t\t\t\t<div class=\"elementor-element elementor-element-5d5793 e-con-full e-flex e-con e-parent\" data-id=\"5d5793\" data-element_type=\"container\">\n\t\t\t\t<div class=\"elementor-element elementor-element-0692cc5 elementor-invisible elementor-widget elementor-widget-heading\" data-id=\"0692cc5\" data-element_type=\"widget\" data-settings=\"{&quot;_animation&quot;:&quot;fadeIn&quot;}\" data-widget_type=\"heading.default\">\n\t\t\t\t\t<h2 class=\"elementor-heading-title elementor-size-default\">Deribados del Cacao<\/h2>\t\t\t\t<\/div>\n\t\t\t\t<\/div>\n\t\t<div class=\"elementor-element elementor-element-4d289ef e-con-full e-flex e-con e-parent\" data-id=\"4d289ef\" data-element_type=\"container\">\n\t\t<div class=\"elementor-element elementor-element-6e4b964 e-con-full e-flex e-con e-child\" data-id=\"6e4b964\" data-element_type=\"container\">\n\t\t\t\t<div class=\"elementor-element elementor-element-26a13d6 elementor-widget elementor-widget-image\" data-id=\"26a13d6\" data-element_type=\"widget\" data-widget_type=\"image.default\">\n\t\t\t\t\t\t\t\t\t\t\t\t\t\t\t<img fetchpriority=\"high\" decoding=\"async\" width=\"800\" height=\"740\" src=\"https:\/\/heirsfood.com\/ES\/wp-content\/uploads\/2026\/01\/Cacao-en-polvo-1024x947.png\" class=\"attachment-large size-large wp-image-832\" alt=\"\" srcset=\"https:\/\/heirsfood.com\/ES\/wp-content\/uploads\/2026\/01\/Cacao-en-polvo-1024x947.png 1024w, https:\/\/heirsfood.com\/ES\/wp-content\/uploads\/2026\/01\/Cacao-en-polvo-300x277.png 300w, https:\/\/heirsfood.com\/ES\/wp-content\/uploads\/2026\/01\/Cacao-en-polvo-768x710.png 768w, https:\/\/heirsfood.com\/ES\/wp-content\/uploads\/2026\/01\/Cacao-en-polvo.png 1300w\" sizes=\"(max-width: 800px) 100vw, 800px\" \/>\t\t\t\t\t\t\t\t\t\t\t\t\t\t\t<\/div>\n\t\t\t\t<div class=\"elementor-element elementor-element-041013f elementor-widget elementor-widget-heading\" data-id=\"041013f\" data-element_type=\"widget\" data-widget_type=\"heading.default\">\n\t\t\t\t\t<h2 class=\"elementor-heading-title elementor-size-default\"><a href=\"https:\/\/heirsfood.com\/ES\/cacao-en-polvo\/\">Cacao en Polvo<\/a><\/h2>\t\t\t\t<\/div>\n\t\t\t\t<\/div>\n\t\t<div class=\"elementor-element elementor-element-10a1766 e-con-full e-flex e-con e-child\" data-id=\"10a1766\" data-element_type=\"container\">\n\t\t\t\t<div class=\"elementor-element elementor-element-c1072fb elementor-widget elementor-widget-image\" data-id=\"c1072fb\" data-element_type=\"widget\" data-widget_type=\"image.default\">\n\t\t\t\t\t\t\t\t\t\t\t\t\t\t\t<img decoding=\"async\" width=\"650\" height=\"601\" src=\"https:\/\/heirsfood.com\/ES\/wp-content\/uploads\/2026\/01\/alkaline.png\" class=\"attachment-large size-large wp-image-989\" alt=\"\" srcset=\"https:\/\/heirsfood.com\/ES\/wp-content\/uploads\/2026\/01\/alkaline.png 650w, https:\/\/heirsfood.com\/ES\/wp-content\/uploads\/2026\/01\/alkaline-300x277.png 300w\" sizes=\"(max-width: 650px) 100vw, 650px\" \/>\t\t\t\t\t\t\t\t\t\t\t\t\t\t\t<\/div>\n\t\t\t\t<div class=\"elementor-element elementor-element-be9d4dd elementor-widget elementor-widget-heading\" data-id=\"be9d4dd\" data-element_type=\"widget\" data-widget_type=\"heading.default\">\n\t\t\t\t\t<h2 class=\"elementor-heading-title elementor-size-default\"><a href=\"https:\/\/heirsfood.com\/ES\/polvo-de-cacao-alcalino\/\">Polvo de Cacao Alcalino<\/a><\/h2>\t\t\t\t<\/div>\n\t\t\t\t<\/div>\n\t\t<div class=\"elementor-element elementor-element-fba8810 e-con-full e-flex e-con e-child\" data-id=\"fba8810\" data-element_type=\"container\">\n\t\t\t\t<div class=\"elementor-element elementor-element-8061363 elementor-widget elementor-widget-image\" data-id=\"8061363\" data-element_type=\"widget\" data-widget_type=\"image.default\">\n\t\t\t\t\t\t\t\t\t\t\t\t\t\t\t<img decoding=\"async\" width=\"650\" height=\"601\" src=\"https:\/\/heirsfood.com\/ES\/wp-content\/uploads\/2026\/01\/manteca1.png\" class=\"attachment-large size-large wp-image-998\" alt=\"\" srcset=\"https:\/\/heirsfood.com\/ES\/wp-content\/uploads\/2026\/01\/manteca1.png 650w, https:\/\/heirsfood.com\/ES\/wp-content\/uploads\/2026\/01\/manteca1-300x277.png 300w\" sizes=\"(max-width: 650px) 100vw, 650px\" \/>\t\t\t\t\t\t\t\t\t\t\t\t\t\t\t<\/div>\n\t\t\t\t<div class=\"elementor-element elementor-element-0959231 elementor-widget elementor-widget-heading\" data-id=\"0959231\" data-element_type=\"widget\" data-widget_type=\"heading.default\">\n\t\t\t\t\t<h2 class=\"elementor-heading-title elementor-size-default\"><a href=\"https:\/\/heirsfood.com\/ES\/manteca-de-cacao\/\">Manteca de Cacao<\/a><\/h2>\t\t\t\t<\/div>\n\t\t\t\t<\/div>\n\t\t<div class=\"elementor-element elementor-element-e272961 e-con-full e-flex e-con e-child\" data-id=\"e272961\" data-element_type=\"container\">\n\t\t\t\t<div class=\"elementor-element elementor-element-aeaf7e2 elementor-widget elementor-widget-image\" data-id=\"aeaf7e2\" data-element_type=\"widget\" data-widget_type=\"image.default\">\n\t\t\t\t\t\t\t\t\t\t\t\t\t\t\t<img loading=\"lazy\" decoding=\"async\" width=\"650\" height=\"601\" src=\"https:\/\/heirsfood.com\/ES\/wp-content\/uploads\/2026\/01\/torta-de-cacao-2-fondo.png\" class=\"attachment-large size-large wp-image-1008\" alt=\"\" srcset=\"https:\/\/heirsfood.com\/ES\/wp-content\/uploads\/2026\/01\/torta-de-cacao-2-fondo.png 650w, https:\/\/heirsfood.com\/ES\/wp-content\/uploads\/2026\/01\/torta-de-cacao-2-fondo-300x277.png 300w\" sizes=\"(max-width: 650px) 100vw, 650px\" \/>\t\t\t\t\t\t\t\t\t\t\t\t\t\t\t<\/div>\n\t\t\t\t<div class=\"elementor-element elementor-element-de56aec elementor-widget elementor-widget-heading\" data-id=\"de56aec\" data-element_type=\"widget\" data-widget_type=\"heading.default\">\n\t\t\t\t\t<h2 class=\"elementor-heading-title elementor-size-default\"><a href=\"https:\/\/heirsfood.com\/ES\/torta-de-cacao\/\">Torta de Cacao<\/a><\/h2>\t\t\t\t<\/div>\n\t\t\t\t<\/div>\n\t\t<div class=\"elementor-element elementor-element-47c49ca e-con-full e-flex e-con e-child\" data-id=\"47c49ca\" data-element_type=\"container\">\n\t\t\t\t<div class=\"elementor-element elementor-element-ea641ca elementor-widget elementor-widget-image\" data-id=\"ea641ca\" data-element_type=\"widget\" data-widget_type=\"image.default\">\n\t\t\t\t\t\t\t\t\t\t\t\t\t\t\t<img loading=\"lazy\" decoding=\"async\" width=\"650\" height=\"601\" src=\"https:\/\/heirsfood.com\/ES\/wp-content\/uploads\/2026\/01\/licordecacao.png\" class=\"attachment-large size-large wp-image-1027\" alt=\"\" srcset=\"https:\/\/heirsfood.com\/ES\/wp-content\/uploads\/2026\/01\/licordecacao.png 650w, https:\/\/heirsfood.com\/ES\/wp-content\/uploads\/2026\/01\/licordecacao-300x277.png 300w\" sizes=\"(max-width: 650px) 100vw, 650px\" \/>\t\t\t\t\t\t\t\t\t\t\t\t\t\t\t<\/div>\n\t\t\t\t<div class=\"elementor-element elementor-element-e186cc9 elementor-widget elementor-widget-heading\" data-id=\"e186cc9\" data-element_type=\"widget\" data-widget_type=\"heading.default\">\n\t\t\t\t\t<h2 class=\"elementor-heading-title elementor-size-default\"><a href=\"https:\/\/heirsfood.com\/ES\/licor-de-cacao\/\">Licor de Cacao<\/a><\/h2>\t\t\t\t<\/div>\n\t\t\t\t<\/div>\n\t\t<div class=\"elementor-element elementor-element-6d3e30e e-con-full e-flex e-con e-child\" data-id=\"6d3e30e\" data-element_type=\"container\">\n\t\t\t\t<div class=\"elementor-element elementor-element-3678a71 elementor-widget elementor-widget-image\" data-id=\"3678a71\" data-element_type=\"widget\" data-widget_type=\"image.default\">\n\t\t\t\t\t\t\t\t\t\t\t\t\t\t\t<img loading=\"lazy\" decoding=\"async\" width=\"650\" height=\"601\" src=\"https:\/\/heirsfood.com\/ES\/wp-content\/uploads\/2026\/01\/nibsdecacao.png\" class=\"attachment-large size-large wp-image-1035\" alt=\"\" srcset=\"https:\/\/heirsfood.com\/ES\/wp-content\/uploads\/2026\/01\/nibsdecacao.png 650w, https:\/\/heirsfood.com\/ES\/wp-content\/uploads\/2026\/01\/nibsdecacao-300x277.png 300w\" sizes=\"(max-width: 650px) 100vw, 650px\" \/>\t\t\t\t\t\t\t\t\t\t\t\t\t\t\t<\/div>\n\t\t\t\t<div class=\"elementor-element elementor-element-1817c30 elementor-widget elementor-widget-heading\" data-id=\"1817c30\" data-element_type=\"widget\" data-widget_type=\"heading.default\">\n\t\t\t\t\t<h2 class=\"elementor-heading-title elementor-size-default\"><a href=\"https:\/\/heirsfood.com\/ES\/semillas-de-cacao-sin-tostar\/\">Semillas de Cacao sin Tostar<\/a><\/h2>\t\t\t\t<\/div>\n\t\t\t\t<\/div>\n\t\t\t\t<\/div>\n\t\t<div class=\"elementor-element elementor-element-6bd2bea e-con-full e-flex e-con e-parent\" data-id=\"6bd2bea\" data-element_type=\"container\">\n\t\t\t\t<div class=\"elementor-element elementor-element-f994ba8 elementor-invisible elementor-widget elementor-widget-heading\" data-id=\"f994ba8\" data-element_type=\"widget\" data-settings=\"{&quot;_animation&quot;:&quot;fadeIn&quot;}\" data-widget_type=\"heading.default\">\n\t\t\t\t\t<h2 class=\"elementor-heading-title elementor-size-default\">Frutas Secas<\/h2>\t\t\t\t<\/div>\n\t\t\t\t<\/div>\n\t\t<div class=\"elementor-element elementor-element-2d2ca1a e-con-full e-flex e-con e-parent\" data-id=\"2d2ca1a\" data-element_type=\"container\">\n\t\t<div class=\"elementor-element elementor-element-fd914d6 e-con-full e-flex e-con e-child\" data-id=\"fd914d6\" data-element_type=\"container\">\n\t\t\t\t<div class=\"elementor-element elementor-element-cb3d6c3 elementor-widget elementor-widget-image\" data-id=\"cb3d6c3\" data-element_type=\"widget\" data-widget_type=\"image.default\">\n\t\t\t\t\t\t\t\t\t\t\t\t\t\t\t<img loading=\"lazy\" decoding=\"async\" width=\"650\" height=\"601\" src=\"https:\/\/heirsfood.com\/ES\/wp-content\/uploads\/2026\/01\/dragonfruit.png\" class=\"attachment-large size-large wp-image-836\" alt=\"\" srcset=\"https:\/\/heirsfood.com\/ES\/wp-content\/uploads\/2026\/01\/dragonfruit.png 650w, https:\/\/heirsfood.com\/ES\/wp-content\/uploads\/2026\/01\/dragonfruit-300x277.png 300w\" sizes=\"(max-width: 650px) 100vw, 650px\" \/>\t\t\t\t\t\t\t\t\t\t\t\t\t\t\t<\/div>\n\t\t\t\t<div class=\"elementor-element elementor-element-1267504 elementor-widget elementor-widget-heading\" data-id=\"1267504\" data-element_type=\"widget\" data-widget_type=\"heading.default\">\n\t\t\t\t\t<h2 class=\"elementor-heading-title elementor-size-default\"><a href=\"https:\/\/heirsfood.com\/ES\/pitahaya\/\">Pitahaya<\/a><\/h2>\t\t\t\t<\/div>\n\t\t\t\t<\/div>\n\t\t<div class=\"elementor-element elementor-element-26004df e-con-full e-flex e-con e-child\" data-id=\"26004df\" data-element_type=\"container\">\n\t\t\t\t<div class=\"elementor-element elementor-element-20b6da2 elementor-widget elementor-widget-image\" data-id=\"20b6da2\" data-element_type=\"widget\" data-widget_type=\"image.default\">\n\t\t\t\t\t\t\t\t\t\t\t\t\t\t\t<img loading=\"lazy\" decoding=\"async\" width=\"650\" height=\"601\" src=\"https:\/\/heirsfood.com\/ES\/wp-content\/uploads\/2026\/01\/pina1.png\" class=\"attachment-large size-large wp-image-843\" alt=\"\" srcset=\"https:\/\/heirsfood.com\/ES\/wp-content\/uploads\/2026\/01\/pina1.png 650w, https:\/\/heirsfood.com\/ES\/wp-content\/uploads\/2026\/01\/pina1-300x277.png 300w\" sizes=\"(max-width: 650px) 100vw, 650px\" \/>\t\t\t\t\t\t\t\t\t\t\t\t\t\t\t<\/div>\n\t\t\t\t<div class=\"elementor-element elementor-element-2e922e5 elementor-widget elementor-widget-heading\" data-id=\"2e922e5\" data-element_type=\"widget\" data-widget_type=\"heading.default\">\n\t\t\t\t\t<h2 class=\"elementor-heading-title elementor-size-default\"><a href=\"https:\/\/heirsfood.com\/ES\/pina-golden\/\">Pi\u00f1a Golden<\/a><\/h2>\t\t\t\t<\/div>\n\t\t\t\t<\/div>\n\t\t<div class=\"elementor-element elementor-element-e598c9d e-con-full e-flex e-con e-child\" data-id=\"e598c9d\" data-element_type=\"container\">\n\t\t\t\t<div class=\"elementor-element elementor-element-188895a elementor-widget elementor-widget-image\" data-id=\"188895a\" data-element_type=\"widget\" data-widget_type=\"image.default\">\n\t\t\t\t\t\t\t\t\t\t\t\t\t\t\t<img loading=\"lazy\" decoding=\"async\" width=\"650\" height=\"601\" src=\"https:\/\/heirsfood.com\/ES\/wp-content\/uploads\/2026\/01\/platanobarraganete.png\" class=\"attachment-large size-large wp-image-850\" alt=\"\" srcset=\"https:\/\/heirsfood.com\/ES\/wp-content\/uploads\/2026\/01\/platanobarraganete.png 650w, https:\/\/heirsfood.com\/ES\/wp-content\/uploads\/2026\/01\/platanobarraganete-300x277.png 300w\" sizes=\"(max-width: 650px) 100vw, 650px\" \/>\t\t\t\t\t\t\t\t\t\t\t\t\t\t\t<\/div>\n\t\t\t\t<div class=\"elementor-element elementor-element-840922f elementor-widget elementor-widget-heading\" data-id=\"840922f\" data-element_type=\"widget\" data-widget_type=\"heading.default\">\n\t\t\t\t\t<h2 class=\"elementor-heading-title elementor-size-default\"><a href=\"https:\/\/heirsfood.com\/ES\/platano-verde\/\">Pl\u00e1tano Verde<\/a><\/h2>\t\t\t\t<\/div>\n\t\t\t\t<\/div>\n\t\t\t\t<\/div>\n\t\t<div class=\"elementor-element elementor-element-d774079 e-con-full e-flex e-con e-parent\" data-id=\"d774079\" data-element_type=\"container\">\n\t\t\t\t<div class=\"elementor-element elementor-element-2bf767e elementor-invisible elementor-widget elementor-widget-heading\" data-id=\"2bf767e\" data-element_type=\"widget\" data-settings=\"{&quot;_animation&quot;:&quot;fadeIn&quot;}\" data-widget_type=\"heading.default\">\n\t\t\t\t\t<h2 class=\"elementor-heading-title elementor-size-default\">Productos del Mar<\/h2>\t\t\t\t<\/div>\n\t\t\t\t<\/div>\n\t\t<div class=\"elementor-element elementor-element-7502648 e-con-full e-flex e-con e-parent\" data-id=\"7502648\" data-element_type=\"container\">\n\t\t<div class=\"elementor-element elementor-element-b3aae3d e-con-full e-flex e-con e-child\" data-id=\"b3aae3d\" data-element_type=\"container\">\n\t\t\t\t<div class=\"elementor-element elementor-element-54b3db2 elementor-widget elementor-widget-image\" data-id=\"54b3db2\" data-element_type=\"widget\" data-widget_type=\"image.default\">\n\t\t\t\t\t\t\t\t\t\t\t\t\t\t\t<img loading=\"lazy\" decoding=\"async\" width=\"650\" height=\"601\" src=\"https:\/\/heirsfood.com\/ES\/wp-content\/uploads\/2026\/01\/langostino-vannamei.png\" class=\"attachment-large size-large wp-image-857\" alt=\"\" srcset=\"https:\/\/heirsfood.com\/ES\/wp-content\/uploads\/2026\/01\/langostino-vannamei.png 650w, https:\/\/heirsfood.com\/ES\/wp-content\/uploads\/2026\/01\/langostino-vannamei-300x277.png 300w\" sizes=\"(max-width: 650px) 100vw, 650px\" \/>\t\t\t\t\t\t\t\t\t\t\t\t\t\t\t<\/div>\n\t\t\t\t<div class=\"elementor-element elementor-element-2fc6af9 elementor-widget elementor-widget-heading\" data-id=\"2fc6af9\" data-element_type=\"widget\" data-widget_type=\"heading.default\">\n\t\t\t\t\t<h2 class=\"elementor-heading-title elementor-size-default\"><a href=\"https:\/\/heirsfood.com\/ES\/langostino-vannamei\/\">Langostino Vannamei<\/a><\/h2>\t\t\t\t<\/div>\n\t\t\t\t<\/div>\n\t\t\t\t<\/div>\n\t\t<div class=\"elementor-element elementor-element-741f9910 e-con-full e-flex e-con e-parent\" data-id=\"741f9910\" data-element_type=\"container\" data-settings=\"{&quot;background_background&quot;:&quot;classic&quot;}\">\n\t\t<div class=\"elementor-element elementor-element-3db8046d e-con-full e-flex e-con e-child\" data-id=\"3db8046d\" data-element_type=\"container\">\n\t\t\t\t<div class=\"elementor-element elementor-element-4b6950e3 elementor-invisible elementor-widget elementor-widget-heading\" data-id=\"4b6950e3\" data-element_type=\"widget\" data-settings=\"{&quot;_animation&quot;:&quot;slideInLeft&quot;}\" data-widget_type=\"heading.default\">\n\t\t\t\t\t<h2 class=\"elementor-heading-title elementor-size-default\"><a href=\"https:\/\/heirsfood.com\/ES\/heirsfood-industria\/\">Conoce m\u00e1s sobre Heirs Food Industria \u276f <\/a><\/h2>\t\t\t\t<\/div>\n\t\t\t\t<\/div>\n\t\t\t\t<\/div>\n\t\t\t\t<\/div>\n\t\t","protected":false},"excerpt":{"rendered":"<p>Deribados del Cacao Cacao en Polvo Polvo de Cacao Alcalino Manteca de Cacao Torta de Cacao Licor de Cacao Semillas de Cacao sin Tostar Frutas Secas Pitahaya Pi\u00f1a Golden Pl\u00e1tano Verde Productos del Mar Langostino Vannamei Conoce m\u00e1s sobre Heirs Food Industria \u276f<\/p>\n","protected":false},"author":1,"featured_media":0,"parent":0,"menu_order":0,"comment_status":"closed","ping_status":"closed","template":"","meta":{"footnotes":""},"class_list":["post-2347","page","type-page","status-publish","hentry"],"_links":{"self":[{"href":"https:\/\/heirsfood.com\/ES\/wp-json\/wp\/v2\/pages\/2347","targetHints":{"allow":["GET"]}}],"collection":[{"href":"https:\/\/heirsfood.com\/ES\/wp-json\/wp\/v2\/pages"}],"about":[{"href":"https:\/\/heirsfood.com\/ES\/wp-json\/wp\/v2\/types\/page"}],"author":[{"embeddable":true,"href":"https:\/\/heirsfood.com\/ES\/wp-json\/wp\/v2\/users\/1"}],"replies":[{"embeddable":true,"href":"https:\/\/heirsfood.com\/ES\/wp-json\/wp\/v2\/comments?post=2347"}],"version-history":[{"count":10,"href":"https:\/\/heirsfood.com\/ES\/wp-json\/wp\/v2\/pages\/2347\/revisions"}],"predecessor-version":[{"id":2534,"href":"https:\/\/heirsfood.com\/ES\/wp-json\/wp\/v2\/pages\/2347\/revisions\/2534"}],"wp:attachment":[{"href":"https:\/\/heirsfood.com\/ES\/wp-json\/wp\/v2\/media?parent=2347"}],"curies":[{"name":"wp","href":"https:\/\/api.w.org\/{rel}","templated":true}]}}