{"id":22,"date":"2025-12-18T19:06:54","date_gmt":"2025-12-18T19:06:54","guid":{"rendered":"https:\/\/heirsfood.com\/ES\/?page_id=22"},"modified":"2026-03-16T11:55:56","modified_gmt":"2026-03-16T16:55:56","slug":"home","status":"publish","type":"page","link":"https:\/\/heirsfood.com\/ES\/","title":{"rendered":"Home"},"content":{"rendered":"\t\t<div data-elementor-type=\"wp-page\" data-elementor-id=\"22\" class=\"elementor elementor-22\" data-elementor-post-type=\"page\">\n\t\t\t\t<div class=\"elementor-element elementor-element-c454821 e-con-full e-flex e-con e-parent\" data-id=\"c454821\" data-element_type=\"container\">\n\t\t<div class=\"elementor-element elementor-element-1313672 e-con-full e-flex e-con e-child\" data-id=\"1313672\" data-element_type=\"container\">\n\t\t\t\t<div class=\"elementor-element elementor-element-124f338 elementor--h-position-center elementor--v-position-middle elementor-widget elementor-widget-slides\" data-id=\"124f338\" data-element_type=\"widget\" data-settings=\"{&quot;navigation&quot;:&quot;none&quot;,&quot;autoplay&quot;:&quot;yes&quot;,&quot;pause_on_hover&quot;:&quot;yes&quot;,&quot;pause_on_interaction&quot;:&quot;yes&quot;,&quot;autoplay_speed&quot;:5000,&quot;infinite&quot;:&quot;yes&quot;,&quot;transition&quot;:&quot;slide&quot;,&quot;transition_speed&quot;:500}\" data-widget_type=\"slides.default\">\n\t\t\t\t\t\t\t\t\t\t<div class=\"elementor-slides-wrapper elementor-main-swiper swiper\" role=\"region\" aria-roledescription=\"carousel\" aria-label=\"Diapositivas\" dir=\"ltr\" data-animation=\"fadeInUp\">\n\t\t\t\t<div class=\"swiper-wrapper elementor-slides\">\n\t\t\t\t\t\t\t\t\t\t<div class=\"elementor-repeater-item-3d1b959 swiper-slide\" role=\"group\" aria-roledescription=\"slide\"><div class=\"swiper-slide-bg\" role=\"img\" aria-label=\"IndustriaHeirsFood\"><\/div><a class=\"swiper-slide-inner\" href=\"https:\/\/heirsfood.com\/ES\/heirsfood-industria\/\"><div class=\"swiper-slide-contents\"><div class=\"elementor-slide-heading\">Heirs Food Industria<\/div><div  class=\"elementor-button elementor-slide-button elementor-size-sm\">Conoce m\u00e1s<\/div><\/div><\/a><\/div><div class=\"elementor-repeater-item-8d66dd2 swiper-slide\" role=\"group\" aria-roledescription=\"slide\"><div class=\"swiper-slide-bg\" role=\"img\" aria-label=\"HeirsFoodI\"><\/div><a class=\"swiper-slide-inner\" href=\"https:\/\/heirsfood.com\/ES\/heirsfood-industria\/\"><div class=\"swiper-slide-contents\"><div class=\"elementor-slide-heading\">Heirs Food Industria<\/div><div  class=\"elementor-button elementor-slide-button elementor-size-sm\">Conoce m\u00e1s<\/div><\/div><\/a><\/div>\t\t\t\t<\/div>\n\t\t\t\t\t\t\t\t\t\t\t\t\t\t\t\t\t\t\t\t\t<\/div>\n\t\t\t\t\t\t\t\t<\/div>\n\t\t\t\t<\/div>\n\t\t<div class=\"elementor-element elementor-element-eb73294 e-con-full e-flex e-con e-child\" data-id=\"eb73294\" data-element_type=\"container\">\n\t\t\t\t<div class=\"elementor-element elementor-element-cde9a0a elementor--h-position-center elementor--v-position-middle elementor-widget elementor-widget-slides\" data-id=\"cde9a0a\" data-element_type=\"widget\" data-settings=\"{&quot;navigation&quot;:&quot;none&quot;,&quot;autoplay&quot;:&quot;yes&quot;,&quot;pause_on_hover&quot;:&quot;yes&quot;,&quot;pause_on_interaction&quot;:&quot;yes&quot;,&quot;autoplay_speed&quot;:5000,&quot;infinite&quot;:&quot;yes&quot;,&quot;transition&quot;:&quot;slide&quot;,&quot;transition_speed&quot;:500}\" data-widget_type=\"slides.default\">\n\t\t\t\t\t\t\t\t\t\t<div class=\"elementor-slides-wrapper elementor-main-swiper swiper\" role=\"region\" aria-roledescription=\"carousel\" aria-label=\"Diapositivas\" dir=\"ltr\" data-animation=\"fadeInUp\">\n\t\t\t\t<div class=\"swiper-wrapper elementor-slides\">\n\t\t\t\t\t\t\t\t\t\t<div class=\"elementor-repeater-item-3d1b959 swiper-slide\" role=\"group\" aria-roledescription=\"slide\"><div class=\"swiper-slide-bg\" role=\"img\" aria-label=\"RetailHeirsfood\"><\/div><a class=\"swiper-slide-inner\" href=\"https:\/\/heirsfood.com\/ES\/heirsfood-retail\/\"><div class=\"swiper-slide-contents\"><div class=\"elementor-slide-heading\">Heirs Food Retail<\/div><div  class=\"elementor-button elementor-slide-button elementor-size-sm\">Conoce m\u00e1s<\/div><\/div><\/a><\/div><div class=\"elementor-repeater-item-8d66dd2 swiper-slide\" role=\"group\" aria-roledescription=\"slide\"><div class=\"swiper-slide-bg\" role=\"img\" aria-label=\"quinoa blanca retail photo\"><\/div><a class=\"swiper-slide-inner\" href=\"https:\/\/heirsfood.com\/ES\/heirsfood-retail\/\"><div class=\"swiper-slide-contents\"><div class=\"elementor-slide-heading\">Heirs Food Retail<\/div><div  class=\"elementor-button elementor-slide-button elementor-size-sm\">Conoce m\u00e1s<\/div><\/div><\/a><\/div>\t\t\t\t<\/div>\n\t\t\t\t\t\t\t\t\t\t\t\t\t\t\t\t\t\t\t\t\t<\/div>\n\t\t\t\t\t\t\t\t<\/div>\n\t\t\t\t<\/div>\n\t\t\t\t<\/div>\n\t\t<div class=\"elementor-element elementor-element-f5b1f1b e-con-full e-flex e-con e-parent\" data-id=\"f5b1f1b\" data-element_type=\"container\">\n\t\t\t\t<div class=\"elementor-element elementor-element-096be03 elementor-headline--style-rotate elementor-widget elementor-widget-animated-headline\" data-id=\"096be03\" data-element_type=\"widget\" data-settings=\"{&quot;headline_style&quot;:&quot;rotate&quot;,&quot;rotating_text&quot;:&quot;mercados globales.&quot;,&quot;animation_type&quot;:&quot;typing&quot;,&quot;loop&quot;:&quot;yes&quot;,&quot;rotate_iteration_delay&quot;:2500}\" data-widget_type=\"animated-headline.default\">\n\t\t\t\t\t\t\t<h3 class=\"elementor-headline elementor-headline-animation-type-typing elementor-headline-letters\">\n\t\t\t\t\t<span class=\"elementor-headline-plain-text elementor-headline-text-wrapper\">Heirs Food, una empresa internacional de alimentos de alta calidad para la industria y el mercado retail. Creamos alianzas s\u00f3lidas y duraderas, trabajando de forma cercana y comprometida con cada cliente. Ofrecemos soluciones confiables y competitivas,  alineadas  a las exigencias de los  <\/span>\n\t\t\t\t<span class=\"elementor-headline-dynamic-wrapper elementor-headline-text-wrapper\">\n\t\t\t\t\t<span class=\"elementor-headline-dynamic-text elementor-headline-text-active\">\n\t\t\t\tmercados&nbsp;globales.\t\t\t<\/span>\n\t\t\t\t\t\t<\/span>\n\t\t\t\t<\/h3>\n\t\t\t\t\t\t<\/div>\n\t\t\t\t<\/div>\n\t\t<div class=\"elementor-element elementor-element-75d3149 e-con-full e-flex e-con e-parent\" data-id=\"75d3149\" data-element_type=\"container\">\n\t\t\t\t<div class=\"elementor-element elementor-element-0e898ef elementor-invisible elementor-widget elementor-widget-heading\" data-id=\"0e898ef\" data-element_type=\"widget\" data-settings=\"{&quot;_animation&quot;:&quot;fadeIn&quot;}\" data-widget_type=\"heading.default\">\n\t\t\t\t\t<h2 class=\"elementor-heading-title elementor-size-default\">Heirs Food Industria<\/h2>\t\t\t\t<\/div>\n\t\t\t\t<div class=\"elementor-element elementor-element-23fd36b elementor-invisible elementor-widget elementor-widget-heading\" data-id=\"23fd36b\" data-element_type=\"widget\" data-settings=\"{&quot;_animation&quot;:&quot;fadeIn&quot;}\" data-widget_type=\"heading.default\">\n\t\t\t\t\t<h2 class=\"elementor-heading-title elementor-size-default\">Soluciones alimentarias para la industria, con calidad evaluada y suministro confiable.<\/h2>\t\t\t\t<\/div>\n\t\t\t\t<\/div>\n\t\t<div class=\"elementor-element elementor-element-f98c109 e-con-full e-flex elementor-invisible e-con e-parent\" data-id=\"f98c109\" data-element_type=\"container\" data-settings=\"{&quot;animation&quot;:&quot;fadeIn&quot;}\">\n\t\t<div class=\"elementor-element elementor-element-a608053 e-con-full e-flex e-con e-child\" data-id=\"a608053\" data-element_type=\"container\">\n\t\t\t\t<div class=\"elementor-element elementor-element-ef334ba elementor-widget elementor-widget-image\" data-id=\"ef334ba\" data-element_type=\"widget\" data-widget_type=\"image.default\">\n\t\t\t\t\t\t\t\t\t\t\t\t\t\t\t<img fetchpriority=\"high\" decoding=\"async\" width=\"320\" height=\"203\" src=\"https:\/\/heirsfood.com\/ES\/wp-content\/uploads\/2025\/12\/Peruheirsfood.png\" class=\"attachment-large size-large wp-image-27\" alt=\"\" srcset=\"https:\/\/heirsfood.com\/ES\/wp-content\/uploads\/2025\/12\/Peruheirsfood.png 320w, https:\/\/heirsfood.com\/ES\/wp-content\/uploads\/2025\/12\/Peruheirsfood-300x190.png 300w\" sizes=\"(max-width: 320px) 100vw, 320px\" \/>\t\t\t\t\t\t\t\t\t\t\t\t\t\t\t<\/div>\n\t\t\t\t<div class=\"elementor-element elementor-element-d2ac74d elementor-widget elementor-widget-heading\" data-id=\"d2ac74d\" data-element_type=\"widget\" data-widget_type=\"heading.default\">\n\t\t\t\t\t<h2 class=\"elementor-heading-title elementor-size-default\"><a href=\"https:\/\/heirsfood.com\/ES\/peru\">Per\u00fa \u276f<\/a><\/h2>\t\t\t\t<\/div>\n\t\t\t\t<div class=\"elementor-element elementor-element-ee99c29 elementor-widget elementor-widget-heading\" data-id=\"ee99c29\" data-element_type=\"widget\" data-widget_type=\"heading.default\">\n\t\t\t\t\t<h2 class=\"elementor-heading-title elementor-size-default\">Heirs Per\u00fa<\/h2>\t\t\t\t<\/div>\n\t\t\t\t<div class=\"elementor-element elementor-element-666b6f6 elementor-widget elementor-widget-text-editor\" data-id=\"666b6f6\" data-element_type=\"widget\" data-widget_type=\"text-editor.default\">\n\t\t\t\t\t\t\t\t\t<p>Nuestros productos insignia comercializados desde el Per\u00fa, debidamente seleccionados para cumplir con los requisitos de calidad de cada uno de nuestros clientes, especias y condimentos como or\u00e9gano, paprika, hongos Boletus, achiote, jengibre, c\u00farcuma, granos y semillas ancestrales como la qu\u00ednoa y ch\u00eda, alimentos que representan la diversidad de los productos peruanos, su excelente calidad y propiedades espec\u00edficas los hacen muy demandados a nivel mundial.<\/p>\t\t\t\t\t\t\t\t<\/div>\n\t\t\t\t<\/div>\n\t\t<div class=\"elementor-element elementor-element-aabe99e e-con-full e-flex e-con e-child\" data-id=\"aabe99e\" data-element_type=\"container\">\n\t\t\t\t<div class=\"elementor-element elementor-element-1e4dd6c elementor-widget elementor-widget-image\" data-id=\"1e4dd6c\" data-element_type=\"widget\" data-widget_type=\"image.default\">\n\t\t\t\t\t\t\t\t\t\t\t\t\t\t\t<img decoding=\"async\" width=\"320\" height=\"203\" src=\"https:\/\/heirsfood.com\/ES\/wp-content\/uploads\/2025\/12\/Ecuadorheirsfood.png\" class=\"attachment-large size-large wp-image-26\" alt=\"\" srcset=\"https:\/\/heirsfood.com\/ES\/wp-content\/uploads\/2025\/12\/Ecuadorheirsfood.png 320w, https:\/\/heirsfood.com\/ES\/wp-content\/uploads\/2025\/12\/Ecuadorheirsfood-300x190.png 300w\" sizes=\"(max-width: 320px) 100vw, 320px\" \/>\t\t\t\t\t\t\t\t\t\t\t\t\t\t\t<\/div>\n\t\t\t\t<div class=\"elementor-element elementor-element-17b3423 elementor-widget elementor-widget-heading\" data-id=\"17b3423\" data-element_type=\"widget\" data-widget_type=\"heading.default\">\n\t\t\t\t\t<h2 class=\"elementor-heading-title elementor-size-default\"><a href=\"https:\/\/heirsfood.com\/ES\/ecuador\">Ecuador \u276f<\/a><\/h2>\t\t\t\t<\/div>\n\t\t\t\t<div class=\"elementor-element elementor-element-d86d289 elementor-widget elementor-widget-heading\" data-id=\"d86d289\" data-element_type=\"widget\" data-widget_type=\"heading.default\">\n\t\t\t\t\t<h2 class=\"elementor-heading-title elementor-size-default\">Heirs Ecuador<\/h2>\t\t\t\t<\/div>\n\t\t\t\t<div class=\"elementor-element elementor-element-5f46c13 elementor-widget elementor-widget-text-editor\" data-id=\"5f46c13\" data-element_type=\"widget\" data-widget_type=\"text-editor.default\">\n\t\t\t\t\t\t\t\t\t<p>Nuestra propuesta desde Ecuador, pa\u00eds reconocido mundialmente por la calidad y origen de sus alimentos. Ofrecemos productos frescos como pitahaya, pi\u00f1a y pl\u00e1tano verde, junto a nuestro producto emblem\u00e1tico: el cacao. Este es procesado bajo estrictos controles de calidad, garantizando derivados de alto nivel tanto del cacao Fino de Aroma como del cacao nacional, variedad CCN51.<\/p>\t\t\t\t\t\t\t\t<\/div>\n\t\t\t\t<\/div>\n\t\t<div class=\"elementor-element elementor-element-68f306c e-con-full e-flex e-con e-child\" data-id=\"68f306c\" data-element_type=\"container\">\n\t\t\t\t<div class=\"elementor-element elementor-element-978644d elementor-widget elementor-widget-image\" data-id=\"978644d\" data-element_type=\"widget\" data-widget_type=\"image.default\">\n\t\t\t\t\t\t\t\t\t\t\t\t\t\t\t<img decoding=\"async\" width=\"320\" height=\"203\" src=\"https:\/\/heirsfood.com\/ES\/wp-content\/uploads\/2025\/12\/Espanaheirsfood.png\" class=\"attachment-large size-large wp-image-25\" alt=\"\" srcset=\"https:\/\/heirsfood.com\/ES\/wp-content\/uploads\/2025\/12\/Espanaheirsfood.png 320w, https:\/\/heirsfood.com\/ES\/wp-content\/uploads\/2025\/12\/Espanaheirsfood-300x190.png 300w\" sizes=\"(max-width: 320px) 100vw, 320px\" \/>\t\t\t\t\t\t\t\t\t\t\t\t\t\t\t<\/div>\n\t\t\t\t<div class=\"elementor-element elementor-element-334e10d elementor-widget elementor-widget-heading\" data-id=\"334e10d\" data-element_type=\"widget\" data-widget_type=\"heading.default\">\n\t\t\t\t\t<h2 class=\"elementor-heading-title elementor-size-default\"><a href=\"https:\/\/heirsfood.com\/ES\/espana\/\">Espa\u00f1a \u276f<\/a><\/h2>\t\t\t\t<\/div>\n\t\t\t\t<div class=\"elementor-element elementor-element-092a05a elementor-widget elementor-widget-heading\" data-id=\"092a05a\" data-element_type=\"widget\" data-widget_type=\"heading.default\">\n\t\t\t\t\t<h2 class=\"elementor-heading-title elementor-size-default\">Heirs Espa\u00f1a<\/h2>\t\t\t\t<\/div>\n\t\t\t\t<div class=\"elementor-element elementor-element-fdb4934 elementor-widget elementor-widget-text-editor\" data-id=\"fdb4934\" data-element_type=\"widget\" data-widget_type=\"text-editor.default\">\n\t\t\t\t\t\t\t\t\t<p>Desde la regi\u00f3n de Murcia, emblem\u00e1tica por su alta calidad alimentaria, presentamos una excelente propuesta de productos procesados para el mercado internacional, como piment\u00f3n, ajo y cilantro, comercializados en diversas presentaciones. Nuestros productos cuentan con un proceso de esterilizaci\u00f3n por vapor altamente t\u00e9cnico y controlado, que garantiza la m\u00e1xima calidad en cada uno de ellos.<\/p>\t\t\t\t\t\t\t\t<\/div>\n\t\t\t\t<\/div>\n\t\t\t\t<\/div>\n\t\t<div class=\"elementor-element elementor-element-266419d e-con-full e-flex e-con e-parent\" data-id=\"266419d\" data-element_type=\"container\" data-settings=\"{&quot;background_background&quot;:&quot;classic&quot;}\">\n\t\t<div class=\"elementor-element elementor-element-a9382d7 e-con-full e-flex e-con e-child\" data-id=\"a9382d7\" data-element_type=\"container\">\n\t\t\t\t<div class=\"elementor-element elementor-element-94dac5e elementor-invisible elementor-widget elementor-widget-heading\" data-id=\"94dac5e\" data-element_type=\"widget\" data-settings=\"{&quot;_animation&quot;:&quot;slideInLeft&quot;}\" data-widget_type=\"heading.default\">\n\t\t\t\t\t<h2 class=\"elementor-heading-title elementor-size-default\"><a href=\"https:\/\/heirsfood.com\/ES\/heirsfood-industria\/\">Conoce m\u00e1s sobre Heirs Food Industria \u276f <\/a><\/h2>\t\t\t\t<\/div>\n\t\t\t\t<\/div>\n\t\t\t\t<\/div>\n\t\t<div class=\"elementor-element elementor-element-95c36b3 e-con-full e-flex e-con e-parent\" data-id=\"95c36b3\" data-element_type=\"container\">\n\t\t\t\t<div class=\"elementor-element elementor-element-42f1e32 elementor-invisible elementor-widget elementor-widget-heading\" data-id=\"42f1e32\" data-element_type=\"widget\" data-settings=\"{&quot;_animation&quot;:&quot;fadeIn&quot;}\" data-widget_type=\"heading.default\">\n\t\t\t\t\t<h2 class=\"elementor-heading-title elementor-size-default\">Heirs Food Retail <\/h2>\t\t\t\t<\/div>\n\t\t\t\t<div class=\"elementor-element elementor-element-1832de4 elementor-invisible elementor-widget elementor-widget-heading\" data-id=\"1832de4\" data-element_type=\"widget\" data-settings=\"{&quot;_animation&quot;:&quot;fadeIn&quot;}\" data-widget_type=\"heading.default\">\n\t\t\t\t\t<h2 class=\"elementor-heading-title elementor-size-default\">Alimentos naturales, gourmet y funcionales con origen certificado, desarrollados para destacar en el canal retail y responder a las nuevas demandas del consumidor.<\/h2>\t\t\t\t<\/div>\n\t\t\t\t<\/div>\n\t\t<div class=\"elementor-element elementor-element-3756b00 e-con-full e-flex elementor-invisible e-con e-parent\" data-id=\"3756b00\" data-element_type=\"container\" data-settings=\"{&quot;animation&quot;:&quot;fadeIn&quot;}\">\n\t\t<div class=\"elementor-element elementor-element-7880727 e-con-full e-flex e-con e-child\" data-id=\"7880727\" data-element_type=\"container\">\n\t\t\t\t<div class=\"elementor-element elementor-element-318aa0f elementor-widget elementor-widget-image\" data-id=\"318aa0f\" data-element_type=\"widget\" data-widget_type=\"image.default\">\n\t\t\t\t\t\t\t\t\t\t\t\t\t\t\t<img loading=\"lazy\" decoding=\"async\" width=\"800\" height=\"802\" src=\"https:\/\/heirsfood.com\/ES\/wp-content\/uploads\/2025\/12\/arrozconquinoa-1021x1024.jpg\" class=\"attachment-large size-large wp-image-36\" alt=\"\" srcset=\"https:\/\/heirsfood.com\/ES\/wp-content\/uploads\/2025\/12\/arrozconquinoa-1021x1024.jpg 1021w, https:\/\/heirsfood.com\/ES\/wp-content\/uploads\/2025\/12\/arrozconquinoa-300x300.jpg 300w, https:\/\/heirsfood.com\/ES\/wp-content\/uploads\/2025\/12\/arrozconquinoa-150x150.jpg 150w, https:\/\/heirsfood.com\/ES\/wp-content\/uploads\/2025\/12\/arrozconquinoa-768x771.jpg 768w, https:\/\/heirsfood.com\/ES\/wp-content\/uploads\/2025\/12\/arrozconquinoa.jpg 1167w\" sizes=\"(max-width: 800px) 100vw, 800px\" \/>\t\t\t\t\t\t\t\t\t\t\t\t\t\t\t<\/div>\n\t\t\t\t<div class=\"elementor-element elementor-element-731d0e7 elementor-widget elementor-widget-heading\" data-id=\"731d0e7\" data-element_type=\"widget\" data-widget_type=\"heading.default\">\n\t\t\t\t\t<h2 class=\"elementor-heading-title elementor-size-default\">Arroz con Quinoa<\/h2>\t\t\t\t<\/div>\n\t\t\t\t<div class=\"elementor-element elementor-element-a4f165d elementor-widget elementor-widget-text-editor\" data-id=\"a4f165d\" data-element_type=\"widget\" data-widget_type=\"text-editor.default\">\n\t\t\t\t\t\t\t\t\t<div class=\"page\" title=\"Page 5\"><div class=\"section\"><div class=\"layoutArea\"><div class=\"column\"><p>Incorporar Quinoa Heirs Healthy Food en sus estantes significa ofrecer a sus clientes un producto de alta rentabilidad, consumo sostenido y valor percibido elevado, alineado con las tendencias actuales del mercado saludable.<\/p><\/div><\/div><\/div><\/div>\t\t\t\t\t\t\t\t<\/div>\n\t\t\t\t<div class=\"elementor-element elementor-element-7c1ba85 elementor-align-left elementor-widget elementor-widget-button\" data-id=\"7c1ba85\" data-element_type=\"widget\" data-widget_type=\"button.default\">\n\t\t\t\t\t\t\t\t\t\t<a class=\"elementor-button elementor-button-link elementor-size-sm elementor-animation-shrink\" href=\"https:\/\/heirsfood.com\/ES\/mix-de-arroz-con-quinoa-retail\/\">\n\t\t\t\t\t\t<span class=\"elementor-button-content-wrapper\">\n\t\t\t\t\t\t\t\t\t<span class=\"elementor-button-text\">CONOCE M\u00c1S<\/span>\n\t\t\t\t\t<\/span>\n\t\t\t\t\t<\/a>\n\t\t\t\t\t\t\t\t<\/div>\n\t\t\t\t<\/div>\n\t\t<div class=\"elementor-element elementor-element-6b6849e e-con-full e-flex e-con e-child\" data-id=\"6b6849e\" data-element_type=\"container\">\n\t\t\t\t<div class=\"elementor-element elementor-element-522f573 elementor-widget elementor-widget-image\" data-id=\"522f573\" data-element_type=\"widget\" data-widget_type=\"image.default\">\n\t\t\t\t\t\t\t\t\t\t\t\t\t\t\t<img loading=\"lazy\" decoding=\"async\" width=\"800\" height=\"802\" src=\"https:\/\/heirsfood.com\/ES\/wp-content\/uploads\/2025\/12\/maca-1021x1024.jpg\" class=\"attachment-large size-large wp-image-35\" alt=\"\" srcset=\"https:\/\/heirsfood.com\/ES\/wp-content\/uploads\/2025\/12\/maca-1021x1024.jpg 1021w, https:\/\/heirsfood.com\/ES\/wp-content\/uploads\/2025\/12\/maca-300x300.jpg 300w, https:\/\/heirsfood.com\/ES\/wp-content\/uploads\/2025\/12\/maca-150x150.jpg 150w, https:\/\/heirsfood.com\/ES\/wp-content\/uploads\/2025\/12\/maca-768x771.jpg 768w, https:\/\/heirsfood.com\/ES\/wp-content\/uploads\/2025\/12\/maca.jpg 1167w\" sizes=\"(max-width: 800px) 100vw, 800px\" \/>\t\t\t\t\t\t\t\t\t\t\t\t\t\t\t<\/div>\n\t\t\t\t<div class=\"elementor-element elementor-element-3512aa1 elementor-widget elementor-widget-heading\" data-id=\"3512aa1\" data-element_type=\"widget\" data-widget_type=\"heading.default\">\n\t\t\t\t\t<h2 class=\"elementor-heading-title elementor-size-default\">Maca en Polvo<\/h2>\t\t\t\t<\/div>\n\t\t\t\t<div class=\"elementor-element elementor-element-e334b22 elementor-widget elementor-widget-text-editor\" data-id=\"e334b22\" data-element_type=\"widget\" data-widget_type=\"text-editor.default\">\n\t\t\t\t\t\t\t\t\t<div class=\"page\" title=\"Page 7\"><div class=\"section\"><div class=\"layoutArea\"><div class=\"column\"><p>Integrar Maca Heirs en polvo a su portafolio representa una decisio\u0301n estrate\u0301gica alineada con la creciente tendencia global hacia una nutricio\u0301n funcional y un estilo de vida saludable. La maca, reconocida internacionalmente como un superfood peruano de prestigio, destaca por sus beneficios energizantes, su aporte nutricional y su versatilidad en el consumo diario.<\/p><\/div><\/div><\/div><\/div>\t\t\t\t\t\t\t\t<\/div>\n\t\t\t\t<div class=\"elementor-element elementor-element-d74733e elementor-align-left elementor-widget elementor-widget-button\" data-id=\"d74733e\" data-element_type=\"widget\" data-widget_type=\"button.default\">\n\t\t\t\t\t\t\t\t\t\t<a class=\"elementor-button elementor-button-link elementor-size-sm elementor-animation-shrink\" href=\"https:\/\/heirsfood.com\/ES\/maca-en-polvo-retail\/\">\n\t\t\t\t\t\t<span class=\"elementor-button-content-wrapper\">\n\t\t\t\t\t\t\t\t\t<span class=\"elementor-button-text\">CONOCE M\u00c1S<\/span>\n\t\t\t\t\t<\/span>\n\t\t\t\t\t<\/a>\n\t\t\t\t\t\t\t\t<\/div>\n\t\t\t\t<\/div>\n\t\t<div class=\"elementor-element elementor-element-42f0c63 e-con-full e-flex e-con e-child\" data-id=\"42f0c63\" data-element_type=\"container\">\n\t\t\t\t<div class=\"elementor-element elementor-element-c137787 elementor-widget elementor-widget-image\" data-id=\"c137787\" data-element_type=\"widget\" data-widget_type=\"image.default\">\n\t\t\t\t\t\t\t\t\t\t\t\t\t\t\t<img loading=\"lazy\" decoding=\"async\" width=\"800\" height=\"802\" src=\"https:\/\/heirsfood.com\/ES\/wp-content\/uploads\/2025\/12\/partychifles-1021x1024.jpg\" class=\"attachment-large size-large wp-image-37\" alt=\"\" srcset=\"https:\/\/heirsfood.com\/ES\/wp-content\/uploads\/2025\/12\/partychifles-1021x1024.jpg 1021w, https:\/\/heirsfood.com\/ES\/wp-content\/uploads\/2025\/12\/partychifles-300x300.jpg 300w, https:\/\/heirsfood.com\/ES\/wp-content\/uploads\/2025\/12\/partychifles-150x150.jpg 150w, https:\/\/heirsfood.com\/ES\/wp-content\/uploads\/2025\/12\/partychifles-768x771.jpg 768w, https:\/\/heirsfood.com\/ES\/wp-content\/uploads\/2025\/12\/partychifles.jpg 1167w\" sizes=\"(max-width: 800px) 100vw, 800px\" \/>\t\t\t\t\t\t\t\t\t\t\t\t\t\t\t<\/div>\n\t\t\t\t<div class=\"elementor-element elementor-element-7aedeff elementor-widget elementor-widget-heading\" data-id=\"7aedeff\" data-element_type=\"widget\" data-widget_type=\"heading.default\">\n\t\t\t\t\t<h2 class=\"elementor-heading-title elementor-size-default\">Party Chifles<\/h2>\t\t\t\t<\/div>\n\t\t\t\t<div class=\"elementor-element elementor-element-05751df elementor-widget elementor-widget-text-editor\" data-id=\"05751df\" data-element_type=\"widget\" data-widget_type=\"text-editor.default\">\n\t\t\t\t\t\t\t\t\t<div class=\"page\" title=\"Page 12\"><div class=\"section\"><div class=\"layoutArea\"><div class=\"column\"><p>Incorporar Chifles Heirs de Pla\u0301tano Verde y de Banana en su portafolio es una decisio\u0301n clave para aprovechar el crecimiento acelerado del mercado de snacks saludables y naturales. Estos productos, elaborados con fruta ecuatoriana de alta calidad, combinan sabor, nutricio\u0301n y una presentacio\u0301n moderna que conecta con el consumidor actual.<\/p><\/div><\/div><\/div><\/div>\t\t\t\t\t\t\t\t<\/div>\n\t\t\t\t<div class=\"elementor-element elementor-element-8f0568d elementor-align-left elementor-widget elementor-widget-button\" data-id=\"8f0568d\" data-element_type=\"widget\" data-widget_type=\"button.default\">\n\t\t\t\t\t\t\t\t\t\t<a class=\"elementor-button elementor-button-link elementor-size-sm elementor-animation-shrink\" href=\"https:\/\/heirsfood.com\/ES\/chifles-de-platano-retail\/\">\n\t\t\t\t\t\t<span class=\"elementor-button-content-wrapper\">\n\t\t\t\t\t\t\t\t\t<span class=\"elementor-button-text\">CONOCE M\u00c1S<\/span>\n\t\t\t\t\t<\/span>\n\t\t\t\t\t<\/a>\n\t\t\t\t\t\t\t\t<\/div>\n\t\t\t\t<\/div>\n\t\t\t\t<\/div>\n\t\t<div class=\"elementor-element elementor-element-1bb7218 e-con-full e-flex e-con e-parent\" data-id=\"1bb7218\" data-element_type=\"container\" data-settings=\"{&quot;background_background&quot;:&quot;classic&quot;}\">\n\t\t<div class=\"elementor-element elementor-element-dc57ee0 e-con-full e-flex e-con e-child\" data-id=\"dc57ee0\" data-element_type=\"container\">\n\t\t\t\t<div class=\"elementor-element elementor-element-d5bdfa2 elementor-invisible elementor-widget elementor-widget-heading\" data-id=\"d5bdfa2\" data-element_type=\"widget\" data-settings=\"{&quot;_animation&quot;:&quot;slideInLeft&quot;}\" data-widget_type=\"heading.default\">\n\t\t\t\t\t<h2 class=\"elementor-heading-title elementor-size-default\"><a href=\"https:\/\/heirsfood.com\/ES\/heirsfood-retail\/\">Conoce m\u00e1s sobre Heirs Food Retail \u276f<\/a><\/h2>\t\t\t\t<\/div>\n\t\t\t\t<\/div>\n\t\t\t\t<\/div>\n\t\t\t\t<\/div>\n\t\t","protected":false},"excerpt":{"rendered":"<p>Heirs Food IndustriaConoce m\u00e1sHeirs Food IndustriaConoce m\u00e1s Heirs Food RetailConoce m\u00e1sHeirs Food RetailConoce m\u00e1s Heirs Food, una empresa internacional de alimentos de alta calidad para la industria y el mercado retail. Creamos alianzas s\u00f3lidas y duraderas, trabajando de forma cercana y comprometida con cada cliente. Ofrecemos soluciones confiables y competitivas, alineadas a las exigencias de [&hellip;]<\/p>\n","protected":false},"author":1,"featured_media":0,"parent":0,"menu_order":0,"comment_status":"closed","ping_status":"closed","template":"","meta":{"footnotes":""},"class_list":["post-22","page","type-page","status-publish","hentry"],"_links":{"self":[{"href":"https:\/\/heirsfood.com\/ES\/wp-json\/wp\/v2\/pages\/22","targetHints":{"allow":["GET"]}}],"collection":[{"href":"https:\/\/heirsfood.com\/ES\/wp-json\/wp\/v2\/pages"}],"about":[{"href":"https:\/\/heirsfood.com\/ES\/wp-json\/wp\/v2\/types\/page"}],"author":[{"embeddable":true,"href":"https:\/\/heirsfood.com\/ES\/wp-json\/wp\/v2\/users\/1"}],"replies":[{"embeddable":true,"href":"https:\/\/heirsfood.com\/ES\/wp-json\/wp\/v2\/comments?post=22"}],"version-history":[{"count":277,"href":"https:\/\/heirsfood.com\/ES\/wp-json\/wp\/v2\/pages\/22\/revisions"}],"predecessor-version":[{"id":2566,"href":"https:\/\/heirsfood.com\/ES\/wp-json\/wp\/v2\/pages\/22\/revisions\/2566"}],"wp:attachment":[{"href":"https:\/\/heirsfood.com\/ES\/wp-json\/wp\/v2\/media?parent=22"}],"curies":[{"name":"wp","href":"https:\/\/api.w.org\/{rel}","templated":true}]}}