{"id":1465,"date":"2026-02-10T01:19:17","date_gmt":"2026-02-10T01:19:17","guid":{"rendered":"https:\/\/heirsfood.com\/ES\/?page_id=1465"},"modified":"2026-02-10T16:18:20","modified_gmt":"2026-02-10T16:18:20","slug":"contacto","status":"publish","type":"page","link":"https:\/\/heirsfood.com\/ES\/contacto\/","title":{"rendered":"Contacto"},"content":{"rendered":"\t\t<div data-elementor-type=\"wp-page\" data-elementor-id=\"1465\" class=\"elementor elementor-1465\" data-elementor-post-type=\"page\">\n\t\t\t\t<div class=\"elementor-element elementor-element-cb42f50 e-con-full e-flex e-con e-parent\" data-id=\"cb42f50\" data-element_type=\"container\">\n\t\t<div class=\"elementor-element elementor-element-60e9a5f e-con-full e-flex e-con e-child\" data-id=\"60e9a5f\" data-element_type=\"container\">\n\t\t\t\t<div class=\"elementor-element elementor-element-fc8e14b elementor-widget elementor-widget-heading\" data-id=\"fc8e14b\" data-element_type=\"widget\" data-widget_type=\"heading.default\">\n\t\t\t\t\t<h2 class=\"elementor-heading-title elementor-size-default\">Ubicados en<\/h2>\t\t\t\t<\/div>\n\t\t\t\t<div class=\"elementor-element elementor-element-a2253b9 elementor-widget elementor-widget-text-editor\" data-id=\"a2253b9\" data-element_type=\"widget\" data-widget_type=\"text-editor.default\">\n\t\t\t\t\t\t\t\t\t<p><strong>Miraflores, Lima \u2013 Per\u00fa<\/strong><br \/>Calle Bolognesi 342<\/p><p>comercial@heirsfood.com<\/p>\t\t\t\t\t\t\t\t<\/div>\n\t\t\t\t<div class=\"elementor-element elementor-element-5a752d0 elementor-widget elementor-widget-text-editor\" data-id=\"5a752d0\" data-element_type=\"widget\" data-widget_type=\"text-editor.default\">\n\t\t\t\t\t\t\t\t\t<p><span style=\"color: #333300;\"><a class=\"telefono\" style=\"color: #333300;\" href=\"tel:+51987527891\">(+51) 987 527 891<\/a><\/span><\/p><p><span style=\"color: #333300;\"><a class=\"telefono\" style=\"color: #333300;\" href=\"tel:+51960311569\">(+51) 960 311 569<\/a><\/span><\/p>\t\t\t\t\t\t\t\t<\/div>\n\t\t\t\t<div class=\"elementor-element elementor-element-bace38f elementor-widget elementor-widget-text-editor\" data-id=\"bace38f\" data-element_type=\"widget\" data-widget_type=\"text-editor.default\">\n\t\t\t\t\t\t\t\t\t<p><strong>Guayaquil \u2013 Ecuador<\/strong><\/p><p>sales@heirsfood.com<\/p>\t\t\t\t\t\t\t\t<\/div>\n\t\t\t\t<div class=\"elementor-element elementor-element-4fbe919 elementor-widget elementor-widget-heading\" data-id=\"4fbe919\" data-element_type=\"widget\" data-widget_type=\"heading.default\">\n\t\t\t\t\t<h2 class=\"elementor-heading-title elementor-size-default\">S\u00edguenos  <\/h2>\t\t\t\t<\/div>\n\t\t\t\t<div class=\"elementor-element elementor-element-e868ebc elementor-shape-circle e-grid-align-left elementor-grid-0 elementor-widget elementor-widget-social-icons\" data-id=\"e868ebc\" data-element_type=\"widget\" data-widget_type=\"social-icons.default\">\n\t\t\t\t\t\t\t<div class=\"elementor-social-icons-wrapper elementor-grid\" role=\"list\">\n\t\t\t\t\t\t\t<span class=\"elementor-grid-item\" role=\"listitem\">\n\t\t\t\t\t<a class=\"elementor-icon elementor-social-icon elementor-social-icon-linkedin elementor-repeater-item-bf488b0\" target=\"_blank\">\n\t\t\t\t\t\t<span class=\"elementor-screen-only\">Linkedin<\/span>\n\t\t\t\t\t\t<svg aria-hidden=\"true\" class=\"e-font-icon-svg e-fab-linkedin\" viewBox=\"0 0 448 512\" xmlns=\"http:\/\/www.w3.org\/2000\/svg\"><path d=\"M416 32H31.9C14.3 32 0 46.5 0 64.3v383.4C0 465.5 14.3 480 31.9 480H416c17.6 0 32-14.5 32-32.3V64.3c0-17.8-14.4-32.3-32-32.3zM135.4 416H69V202.2h66.5V416zm-33.2-243c-21.3 0-38.5-17.3-38.5-38.5S80.9 96 102.2 96c21.2 0 38.5 17.3 38.5 38.5 0 21.3-17.2 38.5-38.5 38.5zm282.1 243h-66.4V312c0-24.8-.5-56.7-34.5-56.7-34.6 0-39.9 27-39.9 54.9V416h-66.4V202.2h63.7v29.2h.9c8.9-16.8 30.6-34.5 62.9-34.5 67.2 0 79.7 44.3 79.7 101.9V416z\"><\/path><\/svg>\t\t\t\t\t<\/a>\n\t\t\t\t<\/span>\n\t\t\t\t\t\t\t<span class=\"elementor-grid-item\" role=\"listitem\">\n\t\t\t\t\t<a class=\"elementor-icon elementor-social-icon elementor-social-icon-instagram elementor-repeater-item-85518df\" target=\"_blank\">\n\t\t\t\t\t\t<span class=\"elementor-screen-only\">Instagram<\/span>\n\t\t\t\t\t\t<svg aria-hidden=\"true\" class=\"e-font-icon-svg e-fab-instagram\" viewBox=\"0 0 448 512\" xmlns=\"http:\/\/www.w3.org\/2000\/svg\"><path d=\"M224.1 141c-63.6 0-114.9 51.3-114.9 114.9s51.3 114.9 114.9 114.9S339 319.5 339 255.9 287.7 141 224.1 141zm0 189.6c-41.1 0-74.7-33.5-74.7-74.7s33.5-74.7 74.7-74.7 74.7 33.5 74.7 74.7-33.6 74.7-74.7 74.7zm146.4-194.3c0 14.9-12 26.8-26.8 26.8-14.9 0-26.8-12-26.8-26.8s12-26.8 26.8-26.8 26.8 12 26.8 26.8zm76.1 27.2c-1.7-35.9-9.9-67.7-36.2-93.9-26.2-26.2-58-34.4-93.9-36.2-37-2.1-147.9-2.1-184.9 0-35.8 1.7-67.6 9.9-93.9 36.1s-34.4 58-36.2 93.9c-2.1 37-2.1 147.9 0 184.9 1.7 35.9 9.9 67.7 36.2 93.9s58 34.4 93.9 36.2c37 2.1 147.9 2.1 184.9 0 35.9-1.7 67.7-9.9 93.9-36.2 26.2-26.2 34.4-58 36.2-93.9 2.1-37 2.1-147.8 0-184.8zM398.8 388c-7.8 19.6-22.9 34.7-42.6 42.6-29.5 11.7-99.5 9-132.1 9s-102.7 2.6-132.1-9c-19.6-7.8-34.7-22.9-42.6-42.6-11.7-29.5-9-99.5-9-132.1s-2.6-102.7 9-132.1c7.8-19.6 22.9-34.7 42.6-42.6 29.5-11.7 99.5-9 132.1-9s102.7-2.6 132.1 9c19.6 7.8 34.7 22.9 42.6 42.6 11.7 29.5 9 99.5 9 132.1s2.7 102.7-9 132.1z\"><\/path><\/svg>\t\t\t\t\t<\/a>\n\t\t\t\t<\/span>\n\t\t\t\t\t<\/div>\n\t\t\t\t\t\t<\/div>\n\t\t\t\t<\/div>\n\t\t<div class=\"elementor-element elementor-element-41da235 e-con-full e-flex e-con e-child\" data-id=\"41da235\" data-element_type=\"container\">\n\t\t\t\t<div class=\"elementor-element elementor-element-ed0148f elementor-widget elementor-widget-heading\" data-id=\"ed0148f\" data-element_type=\"widget\" data-widget_type=\"heading.default\">\n\t\t\t\t\t<h2 class=\"elementor-heading-title elementor-size-default\">Contacto<\/h2>\t\t\t\t<\/div>\n\t\t\t\t<div class=\"elementor-element elementor-element-4716a3a elementor-button-align-stretch elementor-widget elementor-widget-form\" data-id=\"4716a3a\" data-element_type=\"widget\" data-settings=\"{&quot;step_next_label&quot;:&quot;Siguiente&quot;,&quot;step_previous_label&quot;:&quot;Anterior&quot;,&quot;button_width&quot;:&quot;100&quot;,&quot;step_type&quot;:&quot;number_text&quot;,&quot;step_icon_shape&quot;:&quot;circle&quot;}\" data-widget_type=\"form.default\">\n\t\t\t\t\t\t\t<form class=\"elementor-form\" method=\"post\" name=\"Nuevo formulario\" aria-label=\"Nuevo formulario\">\n\t\t\t<input type=\"hidden\" name=\"post_id\" value=\"1465\"\/>\n\t\t\t<input type=\"hidden\" name=\"form_id\" value=\"4716a3a\"\/>\n\t\t\t<input type=\"hidden\" name=\"referer_title\" value=\"Contacto - HEIRSFOOD\" \/>\n\n\t\t\t\t\t\t\t<input type=\"hidden\" name=\"queried_id\" value=\"1465\"\/>\n\t\t\t\n\t\t\t<div class=\"elementor-form-fields-wrapper elementor-labels-above\">\n\t\t\t\t\t\t\t\t<div class=\"elementor-field-type-text elementor-field-group elementor-column elementor-field-group-name elementor-col-100\">\n\t\t\t\t\t\t\t\t\t\t\t\t<label for=\"form-field-name\" class=\"elementor-field-label\">\n\t\t\t\t\t\t\t\tNombre\t\t\t\t\t\t\t<\/label>\n\t\t\t\t\t\t\t\t\t\t\t\t\t\t<input size=\"1\" type=\"text\" name=\"form_fields[name]\" id=\"form-field-name\" class=\"elementor-field elementor-size-sm  elementor-field-textual\">\n\t\t\t\t\t\t\t\t\t\t\t<\/div>\n\t\t\t\t\t\t\t\t<div class=\"elementor-field-type-text elementor-field-group elementor-column elementor-field-group-field_d5726ec elementor-col-100\">\n\t\t\t\t\t\t\t\t\t\t\t\t<label for=\"form-field-field_d5726ec\" class=\"elementor-field-label\">\n\t\t\t\t\t\t\t\tEmpresa\t\t\t\t\t\t\t<\/label>\n\t\t\t\t\t\t\t\t\t\t\t\t\t\t<input size=\"1\" type=\"text\" name=\"form_fields[field_d5726ec]\" id=\"form-field-field_d5726ec\" class=\"elementor-field elementor-size-sm  elementor-field-textual\">\n\t\t\t\t\t\t\t\t\t\t\t<\/div>\n\t\t\t\t\t\t\t\t<div class=\"elementor-field-type-email elementor-field-group elementor-column elementor-field-group-email elementor-col-100 elementor-field-required\">\n\t\t\t\t\t\t\t\t\t\t\t\t<label for=\"form-field-email\" class=\"elementor-field-label\">\n\t\t\t\t\t\t\t\tCorreo electr\u00f3nico\t\t\t\t\t\t\t<\/label>\n\t\t\t\t\t\t\t\t\t\t\t\t\t\t<input size=\"1\" type=\"email\" name=\"form_fields[email]\" id=\"form-field-email\" class=\"elementor-field elementor-size-sm  elementor-field-textual\" required=\"required\">\n\t\t\t\t\t\t\t\t\t\t\t<\/div>\n\t\t\t\t\t\t\t\t<div class=\"elementor-field-type-tel elementor-field-group elementor-column elementor-field-group-field_547f990 elementor-col-100 elementor-field-required\">\n\t\t\t\t\t\t\t\t\t\t\t\t<label for=\"form-field-field_547f990\" class=\"elementor-field-label\">\n\t\t\t\t\t\t\t\tTel\u00e9fono\t\t\t\t\t\t\t<\/label>\n\t\t\t\t\t\t\t\t<input size=\"1\" type=\"tel\" name=\"form_fields[field_547f990]\" id=\"form-field-field_547f990\" class=\"elementor-field elementor-size-sm  elementor-field-textual\" required=\"required\" pattern=\"[0-9()#&amp;+*-=.]+\" title=\"Solo se aceptan n\u00fameros y caracteres de tel\u00e9fono (#,-,*,etc).\">\n\n\t\t\t\t\t\t<\/div>\n\t\t\t\t\t\t\t\t<div class=\"elementor-field-type-select elementor-field-group elementor-column elementor-field-group-field_d1ae0ff elementor-col-100 elementor-field-required\">\n\t\t\t\t\t\t\t\t\t\t\t\t<label for=\"form-field-field_d1ae0ff\" class=\"elementor-field-label\">\n\t\t\t\t\t\t\t\tPer\u00fa\t\t\t\t\t\t\t<\/label>\n\t\t\t\t\t\t\t\t<div class=\"elementor-field elementor-select-wrapper remove-before \">\n\t\t\t<div class=\"select-caret-down-wrapper\">\n\t\t\t\t<svg aria-hidden=\"true\" class=\"e-font-icon-svg e-eicon-caret-down\" viewBox=\"0 0 571.4 571.4\" xmlns=\"http:\/\/www.w3.org\/2000\/svg\"><path d=\"M571 393Q571 407 561 418L311 668Q300 679 286 679T261 668L11 418Q0 407 0 393T11 368 36 357H536Q550 357 561 368T571 393Z\"><\/path><\/svg>\t\t\t<\/div>\n\t\t\t<select name=\"form_fields[field_d1ae0ff]\" id=\"form-field-field_d1ae0ff\" class=\"elementor-field-textual elementor-size-sm\" required=\"required\">\n\t\t\t\t\t\t\t\t\t<option value=\"-\">-<\/option>\n\t\t\t\t\t\t\t\t\t<option value=\"Or\u00e9gano\">Or\u00e9gano<\/option>\n\t\t\t\t\t\t\t\t\t<option value=\"Hongos\">Hongos<\/option>\n\t\t\t\t\t\t\t\t\t<option value=\"Jengibre seco\">Jengibre seco<\/option>\n\t\t\t\t\t\t\t\t\t<option value=\"Paprika entera\">Paprika entera<\/option>\n\t\t\t\t\t\t\t\t\t<option value=\"Semillas de achiote\">Semillas de achiote<\/option>\n\t\t\t\t\t\t\t\t\t<option value=\"Curcuma seca\">Curcuma seca<\/option>\n\t\t\t\t\t\t\t\t\t<option value=\"Tomillo\">Tomillo<\/option>\n\t\t\t\t\t\t\t\t\t<option value=\"Romero\">Romero<\/option>\n\t\t\t\t\t\t\t\t\t<option value=\"Quinoa peruana\">Quinoa peruana<\/option>\n\t\t\t\t\t\t\t\t\t<option value=\"Semilla de chia\">Semilla de chia<\/option>\n\t\t\t\t\t\t\t\t\t<option value=\"Frejol castilla\">Frejol castilla<\/option>\n\t\t\t\t\t\t\t\t\t<option value=\"Frejol pallar bebe\">Frejol pallar bebe<\/option>\n\t\t\t\t\t\t\t\t\t<option value=\"Habas verdes\">Habas verdes<\/option>\n\t\t\t\t\t\t\t\t\t<option value=\"Hojas de guanabana\">Hojas de guanabana<\/option>\n\t\t\t\t\t\t\t\t\t<option value=\"Cola de caballo\">Cola de caballo<\/option>\n\t\t\t\t\t\t\t\t\t<option value=\"Noni\">Noni<\/option>\n\t\t\t\t\t\t\t\t\t<option value=\"Maiz morado\">Maiz morado<\/option>\n\t\t\t\t\t\t\t\t\t<option value=\"Maca\">Maca<\/option>\n\t\t\t\t\t\t\t\t\t<option value=\"Palo santo\">Palo santo<\/option>\n\t\t\t\t\t\t\t<\/select>\n\t\t<\/div>\n\t\t\t\t\t\t<\/div>\n\t\t\t\t\t\t\t\t<div class=\"elementor-field-type-select elementor-field-group elementor-column elementor-field-group-field_be7eb6f elementor-col-100 elementor-field-required\">\n\t\t\t\t\t\t\t\t\t\t\t\t<label for=\"form-field-field_be7eb6f\" class=\"elementor-field-label\">\n\t\t\t\t\t\t\t\tEcuador\t\t\t\t\t\t\t<\/label>\n\t\t\t\t\t\t\t\t<div class=\"elementor-field elementor-select-wrapper remove-before \">\n\t\t\t<div class=\"select-caret-down-wrapper\">\n\t\t\t\t<svg aria-hidden=\"true\" class=\"e-font-icon-svg e-eicon-caret-down\" viewBox=\"0 0 571.4 571.4\" xmlns=\"http:\/\/www.w3.org\/2000\/svg\"><path d=\"M571 393Q571 407 561 418L311 668Q300 679 286 679T261 668L11 418Q0 407 0 393T11 368 36 357H536Q550 357 561 368T571 393Z\"><\/path><\/svg>\t\t\t<\/div>\n\t\t\t<select name=\"form_fields[field_be7eb6f]\" id=\"form-field-field_be7eb6f\" class=\"elementor-field-textual elementor-size-sm\" required=\"required\">\n\t\t\t\t\t\t\t\t\t<option value=\"-\">-<\/option>\n\t\t\t\t\t\t\t\t\t<option value=\"Cacao en Polvo\">Cacao en Polvo<\/option>\n\t\t\t\t\t\t\t\t\t<option value=\"Polvo de Cacao Alcalino\">Polvo de Cacao Alcalino<\/option>\n\t\t\t\t\t\t\t\t\t<option value=\"Manteca de Cacao\">Manteca de Cacao<\/option>\n\t\t\t\t\t\t\t\t\t<option value=\"Torta de cacao\">Torta de cacao<\/option>\n\t\t\t\t\t\t\t\t\t<option value=\"Licor de Cacao\">Licor de Cacao<\/option>\n\t\t\t\t\t\t\t\t\t<option value=\"Semillas de Cacao sin Tostar\">Semillas de Cacao sin Tostar<\/option>\n\t\t\t\t\t\t\t\t\t<option value=\"Pitahaya\">Pitahaya<\/option>\n\t\t\t\t\t\t\t\t\t<option value=\"Pi\u00f1a Golden\">Pi\u00f1a Golden<\/option>\n\t\t\t\t\t\t\t\t\t<option value=\"Pl\u00e1tano Verde\">Pl\u00e1tano Verde<\/option>\n\t\t\t\t\t\t\t\t\t<option value=\"Langostino Vannamei\">Langostino Vannamei<\/option>\n\t\t\t\t\t\t\t<\/select>\n\t\t<\/div>\n\t\t\t\t\t\t<\/div>\n\t\t\t\t\t\t\t\t<div class=\"elementor-field-type-select elementor-field-group elementor-column elementor-field-group-field_457989c elementor-col-100 elementor-field-required\">\n\t\t\t\t\t\t\t\t\t\t\t\t<label for=\"form-field-field_457989c\" class=\"elementor-field-label\">\n\t\t\t\t\t\t\t\tEspa\u00f1a\t\t\t\t\t\t\t<\/label>\n\t\t\t\t\t\t\t\t<div class=\"elementor-field elementor-select-wrapper remove-before \">\n\t\t\t<div class=\"select-caret-down-wrapper\">\n\t\t\t\t<svg aria-hidden=\"true\" class=\"e-font-icon-svg e-eicon-caret-down\" viewBox=\"0 0 571.4 571.4\" xmlns=\"http:\/\/www.w3.org\/2000\/svg\"><path d=\"M571 393Q571 407 561 418L311 668Q300 679 286 679T261 668L11 418Q0 407 0 393T11 368 36 357H536Q550 357 561 368T571 393Z\"><\/path><\/svg>\t\t\t<\/div>\n\t\t\t<select name=\"form_fields[field_457989c]\" id=\"form-field-field_457989c\" class=\"elementor-field-textual elementor-size-sm\" required=\"required\">\n\t\t\t\t\t\t\t\t\t<option value=\"-\">-<\/option>\n\t\t\t\t\t\t\t\t\t<option value=\"Paprika\">Paprika<\/option>\n\t\t\t\t\t\t\t\t\t<option value=\"Chile en Polvo\">Chile en Polvo<\/option>\n\t\t\t\t\t\t\t\t\t<option value=\"Ajo en Polvo\">Ajo en Polvo<\/option>\n\t\t\t\t\t\t\t\t\t<option value=\"Cilantro en Polvo\">Cilantro en Polvo<\/option>\n\t\t\t\t\t\t\t\t\t<option value=\"Cilantro en Semillas\">Cilantro en Semillas<\/option>\n\t\t\t\t\t\t\t\t\t<option value=\"An\u00eds\">An\u00eds<\/option>\n\t\t\t\t\t\t\t<\/select>\n\t\t<\/div>\n\t\t\t\t\t\t<\/div>\n\t\t\t\t\t\t\t\t<div class=\"elementor-field-type-text elementor-field-group elementor-column elementor-field-group-field_57981da elementor-col-100\">\n\t\t\t\t\t\t\t\t\t\t\t\t<label for=\"form-field-field_57981da\" class=\"elementor-field-label\">\n\t\t\t\t\t\t\t\tOtros productos de inter\u00e9s\t\t\t\t\t\t\t<\/label>\n\t\t\t\t\t\t\t\t\t\t\t\t\t\t<input size=\"1\" type=\"text\" name=\"form_fields[field_57981da]\" id=\"form-field-field_57981da\" class=\"elementor-field elementor-size-sm  elementor-field-textual\">\n\t\t\t\t\t\t\t\t\t\t\t<\/div>\n\t\t\t\t\t\t\t\t<div class=\"elementor-field-type-select elementor-field-group elementor-column elementor-field-group-field_b9a1c32 elementor-col-100 elementor-field-required\">\n\t\t\t\t\t\t\t\t\t\t\t\t<label for=\"form-field-field_b9a1c32\" class=\"elementor-field-label\">\n\t\t\t\t\t\t\t\tCantidad de pedido\t\t\t\t\t\t\t<\/label>\n\t\t\t\t\t\t\t\t<div class=\"elementor-field elementor-select-wrapper remove-before \">\n\t\t\t<div class=\"select-caret-down-wrapper\">\n\t\t\t\t<svg aria-hidden=\"true\" class=\"e-font-icon-svg e-eicon-caret-down\" viewBox=\"0 0 571.4 571.4\" xmlns=\"http:\/\/www.w3.org\/2000\/svg\"><path d=\"M571 393Q571 407 561 418L311 668Q300 679 286 679T261 668L11 418Q0 407 0 393T11 368 36 357H536Q550 357 561 368T571 393Z\"><\/path><\/svg>\t\t\t<\/div>\n\t\t\t<select name=\"form_fields[field_b9a1c32]\" id=\"form-field-field_b9a1c32\" class=\"elementor-field-textual elementor-size-sm\" required=\"required\">\n\t\t\t\t\t\t\t\t\t<option value=\"600.00\">600.00<\/option>\n\t\t\t\t\t\t\t\t\t<option value=\"1400.00\">1400.00<\/option>\n\t\t\t\t\t\t\t\t\t<option value=\"4500.00\">4500.00<\/option>\n\t\t\t\t\t\t\t\t\t<option value=\"250.00\">250.00<\/option>\n\t\t\t\t\t\t\t\t\t<option value=\"450.00\">450.00<\/option>\n\t\t\t\t\t\t\t\t\t<option value=\"235.00\">235.00<\/option>\n\t\t\t\t\t\t\t<\/select>\n\t\t<\/div>\n\t\t\t\t\t\t<\/div>\n\t\t\t\t\t\t\t\t<div class=\"elementor-field-type-checkbox elementor-field-group elementor-column elementor-field-group-field_6fe0312 elementor-col-100\">\n\t\t\t\t\t<div class=\"elementor-field-subgroup  elementor-subgroup-inline\"><span class=\"elementor-field-option\"><input type=\"checkbox\" value=\"TM\" id=\"form-field-field_6fe0312-0\" name=\"form_fields[field_6fe0312][]\"> <label for=\"form-field-field_6fe0312-0\">TM<\/label><\/span><span class=\"elementor-field-option\"><input type=\"checkbox\" value=\"KG\" id=\"form-field-field_6fe0312-1\" name=\"form_fields[field_6fe0312][]\"> <label for=\"form-field-field_6fe0312-1\">KG<\/label><\/span><\/div>\t\t\t\t<\/div>\n\t\t\t\t\t\t\t\t<div class=\"elementor-field-type-text elementor-field-group elementor-column elementor-field-group-field_fa45e9b elementor-col-100 elementor-field-required\">\n\t\t\t\t\t\t\t\t\t\t\t\t<label for=\"form-field-field_fa45e9b\" class=\"elementor-field-label\">\n\t\t\t\t\t\t\t\tEmpaque (Especifique peso y tipo de empaque por ejemplo: bolsas,sacos,cajas o big bags seg\u00fan su requerimiento)\t\t\t\t\t\t\t<\/label>\n\t\t\t\t\t\t\t\t\t\t\t\t\t\t<input size=\"1\" type=\"text\" name=\"form_fields[field_fa45e9b]\" id=\"form-field-field_fa45e9b\" class=\"elementor-field elementor-size-sm  elementor-field-textual\" required=\"required\">\n\t\t\t\t\t\t\t\t\t\t\t<\/div>\n\t\t\t\t\t\t\t\t<div class=\"elementor-field-type-checkbox elementor-field-group elementor-column elementor-field-group-field_4390564 elementor-col-100\">\n\t\t\t\t\t\t\t\t\t\t\t\t<label for=\"form-field-field_4390564\" class=\"elementor-field-label\">\n\t\t\t\t\t\t\t\tPaletizado\t\t\t\t\t\t\t<\/label>\n\t\t\t\t\t\t<div class=\"elementor-field-subgroup  elementor-subgroup-inline\"><span class=\"elementor-field-option\"><input type=\"checkbox\" value=\"SI \" id=\"form-field-field_4390564-0\" name=\"form_fields[field_4390564][]\"> <label for=\"form-field-field_4390564-0\">SI <\/label><\/span><span class=\"elementor-field-option\"><input type=\"checkbox\" value=\"NO\" id=\"form-field-field_4390564-1\" name=\"form_fields[field_4390564][]\"> <label for=\"form-field-field_4390564-1\">NO<\/label><\/span><\/div>\t\t\t\t<\/div>\n\t\t\t\t\t\t\t\t<div class=\"elementor-field-type-checkbox elementor-field-group elementor-column elementor-field-group-field_16b53f0 elementor-col-100\">\n\t\t\t\t\t\t\t\t\t\t\t\t<label for=\"form-field-field_16b53f0\" class=\"elementor-field-label\">\n\t\t\t\t\t\t\t\tIncoterm\t\t\t\t\t\t\t<\/label>\n\t\t\t\t\t\t<div class=\"elementor-field-subgroup  elementor-subgroup-inline\"><span class=\"elementor-field-option\"><input type=\"checkbox\" value=\"FOB\" id=\"form-field-field_16b53f0-0\" name=\"form_fields[field_16b53f0][]\"> <label for=\"form-field-field_16b53f0-0\">FOB<\/label><\/span><span class=\"elementor-field-option\"><input type=\"checkbox\" value=\"CIF\" id=\"form-field-field_16b53f0-1\" name=\"form_fields[field_16b53f0][]\"> <label for=\"form-field-field_16b53f0-1\">CIF<\/label><\/span><span class=\"elementor-field-option\"><input type=\"checkbox\" value=\"CFR\" id=\"form-field-field_16b53f0-2\" name=\"form_fields[field_16b53f0][]\"> <label for=\"form-field-field_16b53f0-2\">CFR<\/label><\/span><\/div>\t\t\t\t<\/div>\n\t\t\t\t\t\t\t\t<div class=\"elementor-field-type-text elementor-field-group elementor-column elementor-field-group-field_af2a19a elementor-col-100 elementor-field-required\">\n\t\t\t\t\t\t\t\t\t\t\t\t<label for=\"form-field-field_af2a19a\" class=\"elementor-field-label\">\n\t\t\t\t\t\t\t\tEspecificar puerto\t\t\t\t\t\t\t<\/label>\n\t\t\t\t\t\t\t\t\t\t\t\t\t\t<input size=\"1\" type=\"text\" name=\"form_fields[field_af2a19a]\" id=\"form-field-field_af2a19a\" class=\"elementor-field elementor-size-sm  elementor-field-textual\" required=\"required\">\n\t\t\t\t\t\t\t\t\t\t\t<\/div>\n\t\t\t\t\t\t\t\t<div class=\"elementor-field-type-checkbox elementor-field-group elementor-column elementor-field-group-field_9963aca elementor-col-100\">\n\t\t\t\t\t\t\t\t\t\t\t\t<label for=\"form-field-field_9963aca\" class=\"elementor-field-label\">\n\t\t\t\t\t\t\t\tContenedor\t\t\t\t\t\t\t<\/label>\n\t\t\t\t\t\t<div class=\"elementor-field-subgroup  elementor-subgroup-inline\"><span class=\"elementor-field-option\"><input type=\"checkbox\" value=\"20\" id=\"form-field-field_9963aca-0\" name=\"form_fields[field_9963aca][]\"> <label for=\"form-field-field_9963aca-0\">20<\/label><\/span><span class=\"elementor-field-option\"><input type=\"checkbox\" value=\"40\" id=\"form-field-field_9963aca-1\" name=\"form_fields[field_9963aca][]\"> <label for=\"form-field-field_9963aca-1\">40<\/label><\/span><\/div>\t\t\t\t<\/div>\n\t\t\t\t\t\t\t\t<div class=\"elementor-field-type-upload elementor-field-group elementor-column elementor-field-group-field_b598c8f elementor-col-100\">\n\t\t\t\t\t\t\t\t\t\t\t\t<label for=\"form-field-field_b598c8f\" class=\"elementor-field-label\">\n\t\t\t\t\t\t\t\tPara una excelente atenci\u00f3n de su pedido, comp\u00e1rtanos su ficha t\u00e9cnica confidentemente\t\t\t\t\t\t\t<\/label>\n\t\t\t\t\t\t\t\t<input type=\"file\" name=\"form_fields[field_b598c8f]\" id=\"form-field-field_b598c8f\" class=\"elementor-field elementor-size-sm  elementor-upload-field\">\n\n\t\t\t\t\t\t<\/div>\n\t\t\t\t\t\t\t\t<div class=\"elementor-field-type-textarea elementor-field-group elementor-column elementor-field-group-message elementor-col-100\">\n\t\t\t\t\t\t\t\t\t\t\t\t<label for=\"form-field-message\" class=\"elementor-field-label\">\n\t\t\t\t\t\t\t\tMensaje\t\t\t\t\t\t\t<\/label>\n\t\t\t\t\t\t<textarea class=\"elementor-field-textual elementor-field  elementor-size-sm\" name=\"form_fields[message]\" id=\"form-field-message\" rows=\"4\"><\/textarea>\t\t\t\t<\/div>\n\t\t\t\t\t\t\t\t<div class=\"elementor-field-type-acceptance elementor-field-group elementor-column elementor-field-group-field_a469931 elementor-col-100 elementor-field-required\">\n\t\t\t\t\t\t\t\t\t\t\t\t<label for=\"form-field-field_a469931\" class=\"elementor-field-label\">\n\t\t\t\t\t\t\t\tPOL\u00cdTICA DE MANEJO DE DATOS PERSONALES:\t\t\t\t\t\t\t<\/label>\n\t\t\t\t\t\t\t\t<div class=\"elementor-field-subgroup\">\n\t\t\t<span class=\"elementor-field-option\">\n\t\t\t\t<input type=\"checkbox\" name=\"form_fields[field_a469931]\" id=\"form-field-field_a469931\" class=\"elementor-field elementor-size-sm  elementor-acceptance-field\" required=\"required\">\n\t\t\t\t<label for=\"form-field-field_a469931\">AUTORIZO EL USO DE MIS DATOS PERSONALES En cumplimiento de la ley # 29733 autorizo el tratamiento de mis datos personales para incorporarlo en el registro de HEIRSFOOD para fines informativos, estad\u00edsticos, hist\u00f3ricos y establecer un canal de comunicaci\u00f3n para dar respuesta a sus consultas y requerimientos<\/label>\t\t\t<\/span>\n\t\t<\/div>\n\t\t\t\t\t\t<\/div>\n\t\t\t\t\t\t\t\t<div class=\"elementor-field-group elementor-column elementor-field-type-submit elementor-col-100 e-form__buttons\">\n\t\t\t\t\t<button class=\"elementor-button elementor-size-sm\" type=\"submit\">\n\t\t\t\t\t\t<span class=\"elementor-button-content-wrapper\">\n\t\t\t\t\t\t\t\t\t\t\t\t\t\t\t\t\t\t\t\t\t\t<span class=\"elementor-button-text\">Enviar<\/span>\n\t\t\t\t\t\t\t\t\t\t\t\t\t<\/span>\n\t\t\t\t\t<\/button>\n\t\t\t\t<\/div>\n\t\t\t<\/div>\n\t\t<\/form>\n\t\t\t\t\t\t<\/div>\n\t\t\t\t<\/div>\n\t\t\t\t<\/div>\n\t\t\t\t<\/div>\n\t\t","protected":false},"excerpt":{"rendered":"<p>Ubicados en Miraflores, Lima \u2013 Per\u00faCalle Bolognesi 342 comercial@heirsfood.com (+51) 987 527 891 (+51) 960 311 569 Guayaquil \u2013 Ecuador sales@heirsfood.com S\u00edguenos Linkedin Instagram Contacto<\/p>\n","protected":false},"author":1,"featured_media":0,"parent":0,"menu_order":0,"comment_status":"closed","ping_status":"closed","template":"","meta":{"footnotes":""},"class_list":["post-1465","page","type-page","status-publish","hentry"],"_links":{"self":[{"href":"https:\/\/heirsfood.com\/ES\/wp-json\/wp\/v2\/pages\/1465","targetHints":{"allow":["GET"]}}],"collection":[{"href":"https:\/\/heirsfood.com\/ES\/wp-json\/wp\/v2\/pages"}],"about":[{"href":"https:\/\/heirsfood.com\/ES\/wp-json\/wp\/v2\/types\/page"}],"author":[{"embeddable":true,"href":"https:\/\/heirsfood.com\/ES\/wp-json\/wp\/v2\/users\/1"}],"replies":[{"embeddable":true,"href":"https:\/\/heirsfood.com\/ES\/wp-json\/wp\/v2\/comments?post=1465"}],"version-history":[{"count":67,"href":"https:\/\/heirsfood.com\/ES\/wp-json\/wp\/v2\/pages\/1465\/revisions"}],"predecessor-version":[{"id":1542,"href":"https:\/\/heirsfood.com\/ES\/wp-json\/wp\/v2\/pages\/1465\/revisions\/1542"}],"wp:attachment":[{"href":"https:\/\/heirsfood.com\/ES\/wp-json\/wp\/v2\/media?parent=1465"}],"curies":[{"name":"wp","href":"https:\/\/api.w.org\/{rel}","templated":true}]}}