{"id":1385,"date":"2026-01-29T15:18:51","date_gmt":"2026-01-29T15:18:51","guid":{"rendered":"https:\/\/heirsfood.com\/ES\/?page_id=1385"},"modified":"2026-03-11T13:05:16","modified_gmt":"2026-03-11T18:05:16","slug":"mix-de-arroz-con-quinoa-retail","status":"publish","type":"page","link":"https:\/\/heirsfood.com\/ES\/mix-de-arroz-con-quinoa-retail\/","title":{"rendered":"Mix de Arroz con Quinoa Retail"},"content":{"rendered":"\t\t<div data-elementor-type=\"wp-page\" data-elementor-id=\"1385\" class=\"elementor elementor-1385\" data-elementor-post-type=\"page\">\n\t\t\t\t<div class=\"elementor-element elementor-element-cb42f50 e-con-full e-flex e-con e-parent\" data-id=\"cb42f50\" data-element_type=\"container\">\n\t\t<div class=\"elementor-element elementor-element-5868095 e-con-full e-flex e-con e-child\" data-id=\"5868095\" data-element_type=\"container\">\n\t\t\t\t<div class=\"elementor-element elementor-element-f28b537 elementor-skin-carousel elementor-pagination-type-bullets elementor-pagination-position-outside elementor-widget elementor-widget-media-carousel\" data-id=\"f28b537\" data-element_type=\"widget\" data-settings=\"{&quot;slides_per_view&quot;:&quot;1&quot;,&quot;slides_per_view_tablet&quot;:&quot;1&quot;,&quot;slides_to_scroll&quot;:&quot;1&quot;,&quot;skin&quot;:&quot;carousel&quot;,&quot;effect&quot;:&quot;slide&quot;,&quot;pagination&quot;:&quot;bullets&quot;,&quot;speed&quot;:500,&quot;autoplay&quot;:&quot;yes&quot;,&quot;autoplay_speed&quot;:5000,&quot;loop&quot;:&quot;yes&quot;,&quot;pause_on_hover&quot;:&quot;yes&quot;,&quot;pause_on_interaction&quot;:&quot;yes&quot;,&quot;space_between&quot;:{&quot;unit&quot;:&quot;px&quot;,&quot;size&quot;:10,&quot;sizes&quot;:[]},&quot;space_between_tablet&quot;:{&quot;unit&quot;:&quot;px&quot;,&quot;size&quot;:10,&quot;sizes&quot;:[]},&quot;space_between_mobile&quot;:{&quot;unit&quot;:&quot;px&quot;,&quot;size&quot;:10,&quot;sizes&quot;:[]}}\" data-widget_type=\"media-carousel.default\">\n\t\t\t\t\t\t\t\t\t\t<div class=\"elementor-main-swiper swiper\" role=\"region\" aria-roledescription=\"carousel\" aria-label=\"Diapositivas\">\n\t\t\t\t<div class=\"swiper-wrapper\">\n\t\t\t\t\t\t\t\t\t\t\t<div class=\"swiper-slide\" role=\"group\" aria-roledescription=\"slide\">\n\t\t\t\t\t\t\t\t\t<div class=\"elementor-carousel-image\" role=\"img\" aria-label=\"arrozconquinoa-1021x1024\" style=\"background-image: url(&#039;https:\/\/heirsfood.com\/ES\/wp-content\/uploads\/2026\/01\/arrozconquinoa-1021x1024-1.jpg&#039;)\">\n\n\t\t\t\n\t\t\t\t\t<\/div>\n\t\t\t\t\t\t\t\t<\/div>\n\t\t\t\t\t\t\t\t\t\t\t<div class=\"swiper-slide\" role=\"group\" aria-roledescription=\"slide\">\n\t\t\t\t\t\t\t\t\t<div class=\"elementor-carousel-image\" role=\"img\" aria-label=\"HF - EDITS\" style=\"background-image: url(&#039;https:\/\/heirsfood.com\/ES\/wp-content\/uploads\/2026\/01\/heirs-tricolor.jpg&#039;)\">\n\n\t\t\t\n\t\t\t\t\t<\/div>\n\t\t\t\t\t\t\t\t<\/div>\n\t\t\t\t\t\t\t\t\t\t\t<div class=\"swiper-slide\" role=\"group\" aria-roledescription=\"slide\">\n\t\t\t\t\t\t\t\t\t<div class=\"elementor-carousel-image\" role=\"img\" aria-label=\"quinoa blanca retail photo\" style=\"background-image: url(&#039;https:\/\/heirsfood.com\/ES\/wp-content\/uploads\/2026\/01\/quinoa-blanca-retail-photo-scaled.jpg&#039;)\">\n\n\t\t\t\n\t\t\t\t\t<\/div>\n\t\t\t\t\t\t\t\t<\/div>\n\t\t\t\t\t\t\t\t\t<\/div>\n\t\t\t\t\t\t\t\t\t\t\t\t\t\t\t\t\t\t\t\t<div class=\"swiper-pagination\"><\/div>\n\t\t\t\t\t\t\t\t\t\t\t\t<\/div>\n\t\t\t\t\t\t\t\t<\/div>\n\t\t\t\t<\/div>\n\t\t<div class=\"elementor-element elementor-element-26d13b2 e-con-full e-flex e-con e-child\" data-id=\"26d13b2\" data-element_type=\"container\">\n\t\t\t\t<div class=\"elementor-element elementor-element-b84ed6f elementor-widget elementor-widget-heading\" data-id=\"b84ed6f\" data-element_type=\"widget\" data-widget_type=\"heading.default\">\n\t\t\t\t\t<h2 class=\"elementor-heading-title elementor-size-default\">Mix de Arroz con Quinoa<\/h2>\t\t\t\t<\/div>\n\t\t\t\t<div class=\"elementor-element elementor-element-466ce76 elementor-widget elementor-widget-text-editor\" data-id=\"466ce76\" data-element_type=\"widget\" data-widget_type=\"text-editor.default\">\n\t\t\t\t\t\t\t\t\t<p><strong>CATEGOR\u00cdAS<\/strong><\/p>\t\t\t\t\t\t\t\t<\/div>\n\t\t\t\t<div class=\"elementor-element elementor-element-7abb3e1 elementor-widget elementor-widget-text-editor\" data-id=\"7abb3e1\" data-element_type=\"widget\" data-widget_type=\"text-editor.default\">\n\t\t\t\t\t\t\t\t\t<p>Arroz A\u00f1ejo Superior con Quinoa Tricolor<\/p>\t\t\t\t\t\t\t\t<\/div>\n\t\t\t\t<div class=\"elementor-element elementor-element-7790736 elementor-widget elementor-widget-text-editor\" data-id=\"7790736\" data-element_type=\"widget\" data-widget_type=\"text-editor.default\">\n\t\t\t\t\t\t\t\t\t<p>Arroz Superior con Quinoa Tricolor<\/p>\t\t\t\t\t\t\t\t<\/div>\n\t\t<div class=\"elementor-element elementor-element-e4c5425 e-con-full e-flex e-con e-child\" data-id=\"e4c5425\" data-element_type=\"container\">\n\t\t\t\t<div class=\"elementor-element elementor-element-a61ba3a elementor-widget elementor-widget-text-editor\" data-id=\"a61ba3a\" data-element_type=\"widget\" data-widget_type=\"text-editor.default\">\n\t\t\t\t\t\t\t\t\t<div class=\"page\" title=\"Page 7\"><div class=\"section\"><div class=\"layoutArea\"><div class=\"column\"><div class=\"page\" title=\"Page 5\"><div class=\"section\"><div class=\"layoutArea\"><div class=\"column\"><p><strong>BENEFICIOS DE INCORPORAR HEIRS HEALTHY FOOD. <\/strong><\/p><\/div><\/div><\/div><\/div><\/div><\/div><\/div><\/div>\t\t\t\t\t\t\t\t<\/div>\n\t\t\t\t<div class=\"elementor-element elementor-element-85c5f13 elementor-widget elementor-widget-text-editor\" data-id=\"85c5f13\" data-element_type=\"widget\" data-widget_type=\"text-editor.default\">\n\t\t\t\t\t\t\t\t\t<div class=\"page\" title=\"Page 7\"><div class=\"section\"><div class=\"layoutArea\"><div class=\"column\"><div class=\"page\" title=\"Page 5\"><div class=\"section\"><div class=\"layoutArea\"><div class=\"column\"><p>El Mix Heirs de Arroz con Quinoa Tricolor en su oferta es una decisi\u00f3n estrat\u00e9gica que combina nutrici\u00f3n, practicidad y una alt\u00edsima aceptaci\u00f3n en el consumidor actual. Este mix re\u00fane lo mejor de dos mundos: el arroz, un alimento esencial en cada hogar, y la quinoa tricolor, uno de los superfoods m\u00e1s valorados a nivel global.<\/p><\/div><\/div><\/div><\/div><\/div><\/div><\/div><\/div>\t\t\t\t\t\t\t\t<\/div>\n\t\t\t\t<div class=\"elementor-element elementor-element-881a934 elementor-widget elementor-widget-text-editor\" data-id=\"881a934\" data-element_type=\"widget\" data-widget_type=\"text-editor.default\">\n\t\t\t\t\t\t\t\t\t<p><strong>PRODUCTO PERUANO &#8211; SUPERFOOD<\/strong><\/p>\t\t\t\t\t\t\t\t<\/div>\n\t\t\t\t<div class=\"elementor-element elementor-element-8bc5500 elementor-align-left elementor-mobile-align-center elementor-widget elementor-widget-button\" data-id=\"8bc5500\" data-element_type=\"widget\" data-widget_type=\"button.default\">\n\t\t\t\t\t\t\t\t\t\t<a class=\"elementor-button elementor-button-link elementor-size-sm elementor-animation-shrink\" href=\"https:\/\/heirsfood.com\/ES\/contacto\/\">\n\t\t\t\t\t\t<span class=\"elementor-button-content-wrapper\">\n\t\t\t\t\t\t\t\t\t<span class=\"elementor-button-text\">CONT\u00c1CTANOS<\/span>\n\t\t\t\t\t<\/span>\n\t\t\t\t\t<\/a>\n\t\t\t\t\t\t\t\t<\/div>\n\t\t\t\t<\/div>\n\t\t\t\t<\/div>\n\t\t\t\t<\/div>\n\t\t<div class=\"elementor-element elementor-element-d7f41f3 e-con-full e-flex e-con e-parent\" data-id=\"d7f41f3\" data-element_type=\"container\">\n\t\t\t\t<div class=\"elementor-element elementor-element-d0a8765 elementor-widget elementor-widget-text-editor\" data-id=\"d0a8765\" data-element_type=\"widget\" data-widget_type=\"text-editor.default\">\n\t\t\t\t\t\t\t\t\t<p>Rotaci\u00f3n superior, al tratarse de un producto pr\u00e1ctico, f\u00e1cil de preparar y con un sabor altamente aceptado por todo tipo de consumidores.<\/p>\t\t\t\t\t\t\t\t<\/div>\n\t\t\t\t<\/div>\n\t\t<div class=\"elementor-element elementor-element-fbec102 e-con-full e-flex e-con e-parent\" data-id=\"fbec102\" data-element_type=\"container\">\n\t\t\t\t<div class=\"elementor-element elementor-element-f988f87 elementor-widget elementor-widget-text-editor\" data-id=\"f988f87\" data-element_type=\"widget\" data-widget_type=\"text-editor.default\">\n\t\t\t\t\t\t\t\t\t<p>Mayor rentabilidad, gracias a su posicionamiento gourmet y saludable, que permite un precio atractivo y un margen consistente.<\/p>\t\t\t\t\t\t\t\t<\/div>\n\t\t\t\t<\/div>\n\t\t<div class=\"elementor-element elementor-element-4052cb6 e-con-full e-flex e-con e-parent\" data-id=\"4052cb6\" data-element_type=\"container\">\n\t\t\t\t<div class=\"elementor-element elementor-element-f12b2e5 elementor-widget elementor-widget-text-editor\" data-id=\"f12b2e5\" data-element_type=\"widget\" data-widget_type=\"text-editor.default\">\n\t\t\t\t\t\t\t\t\t<p>Demanda creciente, impulsada por consumidores que buscan alternativas m\u00e1s nutritivas sin renunciar a la comodidad y familiaridad del arroz tradicional.<\/p>\t\t\t\t\t\t\t\t<\/div>\n\t\t\t\t<\/div>\n\t\t<div class=\"elementor-element elementor-element-29fcbdd e-con-full e-flex e-con e-parent\" data-id=\"29fcbdd\" data-element_type=\"container\">\n\t\t\t\t<div class=\"elementor-element elementor-element-aa1df57 elementor-widget elementor-widget-text-editor\" data-id=\"aa1df57\" data-element_type=\"widget\" data-widget_type=\"text-editor.default\">\n\t\t\t\t\t\t\t\t\t<p>Diferenciaci\u00f3n en g\u00f3ndola, ofreciendo un producto moderno y funcional que destaca por su aporte proteico.<\/p>\t\t\t\t\t\t\t\t<\/div>\n\t\t\t\t<div class=\"elementor-element elementor-element-bf0a0b4 elementor-widget elementor-widget-text-editor\" data-id=\"bf0a0b4\" data-element_type=\"widget\" data-widget_type=\"text-editor.default\">\n\t\t\t\t\t\t\t\t\t<p>Frecuencia de compra constante, ideal para hogares, restaurantes saludables, tiendas gourmet.<\/p>\t\t\t\t\t\t\t\t<\/div>\n\t\t\t\t<\/div>\n\t\t<div class=\"elementor-element elementor-element-8f82417 e-con-full e-flex e-con e-parent\" data-id=\"8f82417\" data-element_type=\"container\" data-settings=\"{&quot;background_background&quot;:&quot;classic&quot;}\">\n\t\t\t\t<div class=\"elementor-element elementor-element-18a3793 elementor-headline--style-rotate elementor-widget-mobile__width-initial elementor-widget elementor-widget-animated-headline\" data-id=\"18a3793\" data-element_type=\"widget\" data-settings=\"{&quot;headline_style&quot;:&quot;rotate&quot;,&quot;rotating_text&quot;:&quot;PRIVADA&quot;,&quot;rotate_iteration_delay&quot;:3500,&quot;animation_type&quot;:&quot;typing&quot;,&quot;loop&quot;:&quot;yes&quot;}\" data-widget_type=\"animated-headline.default\">\n\t\t\t\t\t\t\t<h3 class=\"elementor-headline elementor-headline-animation-type-typing elementor-headline-letters\">\n\t\t\t\t\t<span class=\"elementor-headline-plain-text elementor-headline-text-wrapper\">PRODUCTOS DISPONIBLES PARA MARCA  <\/span>\n\t\t\t\t<span class=\"elementor-headline-dynamic-wrapper elementor-headline-text-wrapper\">\n\t\t\t\t\t<span class=\"elementor-headline-dynamic-text elementor-headline-text-active\">\n\t\t\t\tPRIVADA\t\t\t<\/span>\n\t\t\t\t\t\t<\/span>\n\t\t\t\t<\/h3>\n\t\t\t\t\t\t<\/div>\n\t\t\t\t<\/div>\n\t\t\t\t<\/div>\n\t\t","protected":false},"excerpt":{"rendered":"<p>Mix de Arroz con Quinoa CATEGOR\u00cdAS Arroz A\u00f1ejo Superior con Quinoa Tricolor Arroz Superior con Quinoa Tricolor BENEFICIOS DE INCORPORAR HEIRS HEALTHY FOOD. El Mix Heirs de Arroz con Quinoa Tricolor en su oferta es una decisi\u00f3n estrat\u00e9gica que combina nutrici\u00f3n, practicidad y una alt\u00edsima aceptaci\u00f3n en el consumidor actual. Este mix re\u00fane lo mejor [&hellip;]<\/p>\n","protected":false},"author":1,"featured_media":0,"parent":0,"menu_order":0,"comment_status":"closed","ping_status":"closed","template":"","meta":{"footnotes":""},"class_list":["post-1385","page","type-page","status-publish","hentry"],"_links":{"self":[{"href":"https:\/\/heirsfood.com\/ES\/wp-json\/wp\/v2\/pages\/1385","targetHints":{"allow":["GET"]}}],"collection":[{"href":"https:\/\/heirsfood.com\/ES\/wp-json\/wp\/v2\/pages"}],"about":[{"href":"https:\/\/heirsfood.com\/ES\/wp-json\/wp\/v2\/types\/page"}],"author":[{"embeddable":true,"href":"https:\/\/heirsfood.com\/ES\/wp-json\/wp\/v2\/users\/1"}],"replies":[{"embeddable":true,"href":"https:\/\/heirsfood.com\/ES\/wp-json\/wp\/v2\/comments?post=1385"}],"version-history":[{"count":7,"href":"https:\/\/heirsfood.com\/ES\/wp-json\/wp\/v2\/pages\/1385\/revisions"}],"predecessor-version":[{"id":2415,"href":"https:\/\/heirsfood.com\/ES\/wp-json\/wp\/v2\/pages\/1385\/revisions\/2415"}],"wp:attachment":[{"href":"https:\/\/heirsfood.com\/ES\/wp-json\/wp\/v2\/media?parent=1385"}],"curies":[{"name":"wp","href":"https:\/\/api.w.org\/{rel}","templated":true}]}}